{"id":3506,"date":"2024-10-23T23:29:54","date_gmt":"2024-10-24T02:29:54","guid":{"rendered":"https:\/\/voysanando.com\/?post_type=product&#038;p=3506"},"modified":"2025-01-21T10:37:44","modified_gmt":"2025-01-21T13:37:44","slug":"agenda-digital-2025-psicoterapeutas","status":"publish","type":"product","link":"https:\/\/voysanando.com\/index.php\/producto\/agenda-digital-2025-psicoterapeutas\/","title":{"rendered":"Agenda digital 2025 \u2665 Psicoterapeutas"},"content":{"rendered":"<p>Nuestra Agenda 2025 incluye un calendario de 12 meses, dise\u00f1ado para darte la mejor experiencia de planificaci\u00f3n. Con un mes por p\u00e1gina, podr\u00e1s visualizar tus compromisos y mantenerte al d\u00eda f\u00e1cilmente. Incluye planificaci\u00f3n para el a\u00f1o completo y fechas importantes, adem\u00e1s de 72 p\u00e1ginas para planificar d\u00edas, con un dise\u00f1o colorido y frases motivacionales (o desmotivacionales pero graciosas)<\/p>\n<h2>Kit Financiero<\/h2>\n<p>Sabemos que te cuesta llevar el orden de tu plata personal y la de tu consulta, as\u00ed que te ayudamos con nuestro kit de finanzas, esta secci\u00f3n de tu agenda 2025 te permitir\u00e1 establecer tus metas y crear un plan de acci\u00f3n durante el a\u00f1o, adem\u00e1s de tener una p\u00e1gina de presupuesto por mes, tracking de ahorro y deudas, para que nada se te escape \ud83d\ude42<\/p>\n<h2>Kit Terapeuta<\/h2>\n<p>Esta secci\u00f3n de tu agenda 2025 incluye todo lo necesario para que lleves un orden de tus horarios (para todas las semanas del a\u00f1o), pacientes, pagos, boletas y todo lo relacionado a la pr\u00e1ctica del psicoterapeuta. Incluye adem\u00e1s una gu\u00eda b\u00e1sica de grounding, un ejercicio de respiraci\u00f3n, set de contrato terap\u00e9utico (para que lo personalices), tambi\u00e9n espacio para anotar a tus contactos de derivaci\u00f3n y notas relacionadas a tu trabajo separadas de tu vida personal \u2665<\/p>\n<p>Puedes usar este producto en tu tablet con l\u00e1piz \u00f3ptico (Stylus) o imprimirlo en casa para uso personal, recibir\u00e1s un archivo en PDF y un paquete ZIP con las<strong> 82<\/strong>\u00a0im\u00e1genes en formato PNG<\/p>\n<p>Si quieres la versi\u00f3n impresa y con regalitos,\u00a0<a href=\"https:\/\/voysanando.com\/index.php\/producto\/agenda-2025-psicoterapeutas\/\">haz clic aqu\u00ed<\/a><\/p>\n","protected":false},"excerpt":{"rendered":"<p>Agenda digital 2025 para psicoterapeutas, separa tu trabajo de tu vida personal sin descuidar ninguno<\/p>\n","protected":false},"featured_media":3510,"comment_status":"open","ping_status":"closed","template":"","meta":{"om_disable_all_campaigns":false,"_uag_custom_page_level_css":"","_monsterinsights_skip_tracking":false,"_monsterinsights_sitenote_active":false,"_monsterinsights_sitenote_note":"","_monsterinsights_sitenote_category":0,"site-sidebar-layout":"default","site-content-layout":"","ast-site-content-layout":"default","site-content-style":"default","site-sidebar-style":"default","ast-global-header-display":"","ast-banner-title-visibility":"","ast-main-header-display":"","ast-hfb-above-header-display":"","ast-hfb-below-header-display":"","ast-hfb-mobile-header-display":"","site-post-title":"","ast-breadcrumbs-content":"","ast-featured-img":"","footer-sml-layout":"","ast-disable-related-posts":"","theme-transparent-header-meta":"default","adv-header-id-meta":"","stick-header-meta":"","header-above-stick-meta":"","header-main-stick-meta":"","header-below-stick-meta":"","astra-migrate-meta-layouts":"set","ast-page-background-enabled":"default","ast-page-background-meta":{"desktop":{"background-color":"var(--ast-global-color-4)","background-image":"","background-repeat":"repeat","background-position":"center center","background-size":"auto","background-attachment":"scroll","background-type":"","background-media":"","overlay-type":"","overlay-color":"","overlay-opacity":"","overlay-gradient":""},"tablet":{"background-color":"","background-image":"","background-repeat":"repeat","background-position":"center center","background-size":"auto","background-attachment":"scroll","background-type":"","background-media":"","overlay-type":"","overlay-color":"","overlay-opacity":"","overlay-gradient":""},"mobile":{"background-color":"","background-image":"","background-repeat":"repeat","background-position":"center center","background-size":"auto","background-attachment":"scroll","background-type":"","background-media":"","overlay-type":"","overlay-color":"","overlay-opacity":"","overlay-gradient":""}},"ast-content-background-meta":{"desktop":{"background-color":"var(--ast-global-color-5)","background-image":"","background-repeat":"repeat","background-position":"center center","background-size":"auto","background-attachment":"scroll","background-type":"","background-media":"","overlay-type":"","overlay-color":"","overlay-opacity":"","overlay-gradient":""},"tablet":{"background-color":"var(--ast-global-color-5)","background-image":"","background-repeat":"repeat","background-position":"center center","background-size":"auto","background-attachment":"scroll","background-type":"","background-media":"","overlay-type":"","overlay-color":"","overlay-opacity":"","overlay-gradient":""},"mobile":{"background-color":"var(--ast-global-color-5)","background-image":"","background-repeat":"repeat","background-position":"center center","background-size":"auto","background-attachment":"scroll","background-type":"","background-media":"","overlay-type":"","overlay-color":"","overlay-opacity":"","overlay-gradient":""}}},"product_brand":[],"product_cat":[76],"product_tag":[],"class_list":{"0":"post-3506","1":"product","2":"type-product","3":"status-publish","4":"has-post-thumbnail","6":"product_cat-digitales","7":"desktop-align-center","8":"tablet-align-left","9":"mobile-align-left","11":"first","12":"instock","13":"sale","14":"downloadable","15":"virtual","16":"taxable","17":"purchasable","18":"product-type-simple"},"aioseo_notices":[],"uagb_featured_image_src":{"full":["https:\/\/i0.wp.com\/voysanando.com\/wp-content\/uploads\/2024\/10\/Photoroom-20241023_230338.jpg?fit=1409%2C2000&ssl=1",1409,2000,false],"thumbnail":["https:\/\/i0.wp.com\/voysanando.com\/wp-content\/uploads\/2024\/10\/Photoroom-20241023_230338.jpg?resize=150%2C150&ssl=1",150,150,true],"medium":["https:\/\/i0.wp.com\/voysanando.com\/wp-content\/uploads\/2024\/10\/Photoroom-20241023_230338.jpg?fit=211%2C300&ssl=1",211,300,true],"medium_large":["https:\/\/i0.wp.com\/voysanando.com\/wp-content\/uploads\/2024\/10\/Photoroom-20241023_230338.jpg?fit=768%2C1090&ssl=1",768,1090,true],"large":["https:\/\/i0.wp.com\/voysanando.com\/wp-content\/uploads\/2024\/10\/Photoroom-20241023_230338.jpg?fit=721%2C1024&ssl=1",721,1024,true],"1536x1536":["https:\/\/i0.wp.com\/voysanando.com\/wp-content\/uploads\/2024\/10\/Photoroom-20241023_230338.jpg?fit=1082%2C1536&ssl=1",1082,1536,true],"2048x2048":["https:\/\/i0.wp.com\/voysanando.com\/wp-content\/uploads\/2024\/10\/Photoroom-20241023_230338.jpg?fit=1409%2C2000&ssl=1",1409,2000,true],"mailpoet_newsletter_max":["https:\/\/i0.wp.com\/voysanando.com\/wp-content\/uploads\/2024\/10\/Photoroom-20241023_230338.jpg?fit=1320%2C1874&ssl=1",1320,1874,true],"woocommerce_thumbnail":["https:\/\/i0.wp.com\/voysanando.com\/wp-content\/uploads\/2024\/10\/Photoroom-20241023_230338.jpg?resize=300%2C300&ssl=1",300,300,true],"woocommerce_single":["https:\/\/i0.wp.com\/voysanando.com\/wp-content\/uploads\/2024\/10\/Photoroom-20241023_230338.jpg?fit=600%2C852&ssl=1",600,852,true],"woocommerce_gallery_thumbnail":["https:\/\/i0.wp.com\/voysanando.com\/wp-content\/uploads\/2024\/10\/Photoroom-20241023_230338.jpg?resize=100%2C100&ssl=1",100,100,true]},"uagb_author_info":{"display_name":"user-voysanando","author_link":"https:\/\/voysanando.com\/index.php\/author\/"},"uagb_comment_info":0,"uagb_excerpt":"Agenda digital 2025 para psicoterapeutas, separa tu trabajo de tu vida personal sin descuidar ninguno","jetpack_sharing_enabled":true,"_links":{"self":[{"href":"https:\/\/voysanando.com\/index.php\/wp-json\/wp\/v2\/product\/3506","targetHints":{"allow":["GET"]}}],"collection":[{"href":"https:\/\/voysanando.com\/index.php\/wp-json\/wp\/v2\/product"}],"about":[{"href":"https:\/\/voysanando.com\/index.php\/wp-json\/wp\/v2\/types\/product"}],"replies":[{"embeddable":true,"href":"https:\/\/voysanando.com\/index.php\/wp-json\/wp\/v2\/comments?post=3506"}],"wp:featuredmedia":[{"embeddable":true,"href":"https:\/\/voysanando.com\/index.php\/wp-json\/wp\/v2\/media\/3510"}],"wp:attachment":[{"href":"https:\/\/voysanando.com\/index.php\/wp-json\/wp\/v2\/media?parent=3506"}],"wp:term":[{"taxonomy":"product_brand","embeddable":true,"href":"https:\/\/voysanando.com\/index.php\/wp-json\/wp\/v2\/product_brand?post=3506"},{"taxonomy":"product_cat","embeddable":true,"href":"https:\/\/voysanando.com\/index.php\/wp-json\/wp\/v2\/product_cat?post=3506"},{"taxonomy":"product_tag","embeddable":true,"href":"https:\/\/voysanando.com\/index.php\/wp-json\/wp\/v2\/product_tag?post=3506"}],"curies":[{"name":"wp","href":"https:\/\/api.w.org\/{rel}","templated":true}]}}