{"id":3470,"date":"2024-10-22T21:00:27","date_gmt":"2024-10-23T00:00:27","guid":{"rendered":"https:\/\/voysanando.com\/?post_type=product&#038;p=3470"},"modified":"2025-01-21T10:37:51","modified_gmt":"2025-01-21T13:37:51","slug":"agenda-digital-2025-pacientes-y-publico-general","status":"publish","type":"product","link":"https:\/\/voysanando.com\/index.php\/producto\/agenda-digital-2025-pacientes-y-publico-general\/","title":{"rendered":"Agenda digital 2025 \u2665 (Pacientes y P\u00fablico general)"},"content":{"rendered":"<p>Nuestra Agenda 2025 incluye un calendario de 12 meses, dise\u00f1ado para darte la mejor experiencia de planificaci\u00f3n. Con un mes por p\u00e1gina, podr\u00e1s visualizar tus compromisos y mantenerte al d\u00eda f\u00e1cilmente. Incluye planificaci\u00f3n para el a\u00f1o completo y fechas importantes, adem\u00e1s de 24 dise\u00f1os diferentes para planificar d\u00edas, coloridos y con frases motivacionales (o desmotivacionales pero graciosas)<\/p>\n<h2>Kit para pacientes<\/h2>\n<p>Ideal para quienes padecen cualquier afecci\u00f3n de salud o para quienes quieren hacer un seguimiento de su salud mental, incluir este kit en tu agenda 2025 permite llevar un control de s\u00edntomas, f\u00e1rmacos, y estados del \u00e1nimo. Adem\u00e1s, incluye secciones para el tratamiento, plan de crisis y notas, asegurando que nada se escape de tu radar.<\/p>\n<p>Puedes usar este producto en tu tablet con l\u00e1piz \u00f3ptico (Stylus) o imprimirlo en casa para uso personal, recibir\u00e1s un archivo en PDF y un paquete ZIP con las<strong> 77<\/strong> im\u00e1genes en formato PNG<\/p>\n<p>Si quieres la versi\u00f3n impresa y con regalitos, <a href=\"https:\/\/voysanando.com\/?post_type=product&amp;p=3469&amp;preview=true\">haz clic aqu\u00ed<\/a><\/p>\n","protected":false},"excerpt":{"rendered":"<p>Agenda digital 2025 para pacientes y bienestar. Archivo PDF y PNG<\/p>\n","protected":false},"featured_media":3492,"comment_status":"open","ping_status":"closed","template":"","meta":{"om_disable_all_campaigns":false,"_uag_custom_page_level_css":"","_monsterinsights_skip_tracking":false,"_monsterinsights_sitenote_active":false,"_monsterinsights_sitenote_note":"","_monsterinsights_sitenote_category":0,"site-sidebar-layout":"default","site-content-layout":"","ast-site-content-layout":"default","site-content-style":"default","site-sidebar-style":"default","ast-global-header-display":"","ast-banner-title-visibility":"","ast-main-header-display":"","ast-hfb-above-header-display":"","ast-hfb-below-header-display":"","ast-hfb-mobile-header-display":"","site-post-title":"","ast-breadcrumbs-content":"","ast-featured-img":"","footer-sml-layout":"","ast-disable-related-posts":"","theme-transparent-header-meta":"default","adv-header-id-meta":"","stick-header-meta":"","header-above-stick-meta":"","header-main-stick-meta":"","header-below-stick-meta":"","astra-migrate-meta-layouts":"set","ast-page-background-enabled":"default","ast-page-background-meta":{"desktop":{"background-color":"var(--ast-global-color-4)","background-image":"","background-repeat":"repeat","background-position":"center center","background-size":"auto","background-attachment":"scroll","background-type":"","background-media":"","overlay-type":"","overlay-color":"","overlay-opacity":"","overlay-gradient":""},"tablet":{"background-color":"","background-image":"","background-repeat":"repeat","background-position":"center center","background-size":"auto","background-attachment":"scroll","background-type":"","background-media":"","overlay-type":"","overlay-color":"","overlay-opacity":"","overlay-gradient":""},"mobile":{"background-color":"","background-image":"","background-repeat":"repeat","background-position":"center center","background-size":"auto","background-attachment":"scroll","background-type":"","background-media":"","overlay-type":"","overlay-color":"","overlay-opacity":"","overlay-gradient":""}},"ast-content-background-meta":{"desktop":{"background-color":"var(--ast-global-color-5)","background-image":"","background-repeat":"repeat","background-position":"center center","background-size":"auto","background-attachment":"scroll","background-type":"","background-media":"","overlay-type":"","overlay-color":"","overlay-opacity":"","overlay-gradient":""},"tablet":{"background-color":"var(--ast-global-color-5)","background-image":"","background-repeat":"repeat","background-position":"center center","background-size":"auto","background-attachment":"scroll","background-type":"","background-media":"","overlay-type":"","overlay-color":"","overlay-opacity":"","overlay-gradient":""},"mobile":{"background-color":"var(--ast-global-color-5)","background-image":"","background-repeat":"repeat","background-position":"center center","background-size":"auto","background-attachment":"scroll","background-type":"","background-media":"","overlay-type":"","overlay-color":"","overlay-opacity":"","overlay-gradient":""}}},"product_brand":[],"product_cat":[76],"product_tag":[50,74,81,73,72,52,60,69],"class_list":{"0":"post-3470","1":"product","2":"type-product","3":"status-publish","4":"has-post-thumbnail","6":"product_cat-digitales","7":"product_tag-administracion","8":"product_tag-agendas","9":"product_tag-grounding","10":"product_tag-humor","11":"product_tag-personalizable","12":"product_tag-recursos-pacientes","13":"product_tag-sintomas","14":"product_tag-todo-publico","15":"desktop-align-center","16":"tablet-align-left","17":"mobile-align-left","19":"first","20":"instock","21":"sale","22":"downloadable","23":"virtual","24":"taxable","25":"purchasable","26":"product-type-simple"},"aioseo_notices":[],"uagb_featured_image_src":{"full":["https:\/\/i0.wp.com\/voysanando.com\/wp-content\/uploads\/2024\/10\/Photoroom-20241022_205902.jpg?fit=2000%2C2000&ssl=1",2000,2000,false],"thumbnail":["https:\/\/i0.wp.com\/voysanando.com\/wp-content\/uploads\/2024\/10\/Photoroom-20241022_205902.jpg?resize=150%2C150&ssl=1",150,150,true],"medium":["https:\/\/i0.wp.com\/voysanando.com\/wp-content\/uploads\/2024\/10\/Photoroom-20241022_205902.jpg?fit=300%2C300&ssl=1",300,300,true],"medium_large":["https:\/\/i0.wp.com\/voysanando.com\/wp-content\/uploads\/2024\/10\/Photoroom-20241022_205902.jpg?fit=768%2C768&ssl=1",768,768,true],"large":["https:\/\/i0.wp.com\/voysanando.com\/wp-content\/uploads\/2024\/10\/Photoroom-20241022_205902.jpg?fit=1024%2C1024&ssl=1",1024,1024,true],"1536x1536":["https:\/\/i0.wp.com\/voysanando.com\/wp-content\/uploads\/2024\/10\/Photoroom-20241022_205902.jpg?fit=1536%2C1536&ssl=1",1536,1536,true],"2048x2048":["https:\/\/i0.wp.com\/voysanando.com\/wp-content\/uploads\/2024\/10\/Photoroom-20241022_205902.jpg?fit=2000%2C2000&ssl=1",2000,2000,true],"mailpoet_newsletter_max":["https:\/\/i0.wp.com\/voysanando.com\/wp-content\/uploads\/2024\/10\/Photoroom-20241022_205902.jpg?fit=1320%2C1320&ssl=1",1320,1320,true],"woocommerce_thumbnail":["https:\/\/i0.wp.com\/voysanando.com\/wp-content\/uploads\/2024\/10\/Photoroom-20241022_205902.jpg?resize=300%2C300&ssl=1",300,300,true],"woocommerce_single":["https:\/\/i0.wp.com\/voysanando.com\/wp-content\/uploads\/2024\/10\/Photoroom-20241022_205902.jpg?fit=600%2C600&ssl=1",600,600,true],"woocommerce_gallery_thumbnail":["https:\/\/i0.wp.com\/voysanando.com\/wp-content\/uploads\/2024\/10\/Photoroom-20241022_205902.jpg?resize=100%2C100&ssl=1",100,100,true]},"uagb_author_info":{"display_name":"user-voysanando","author_link":"https:\/\/voysanando.com\/index.php\/author\/"},"uagb_comment_info":0,"uagb_excerpt":"Agenda digital 2025 para pacientes y bienestar. Archivo PDF y PNG","jetpack_sharing_enabled":true,"_links":{"self":[{"href":"https:\/\/voysanando.com\/index.php\/wp-json\/wp\/v2\/product\/3470","targetHints":{"allow":["GET"]}}],"collection":[{"href":"https:\/\/voysanando.com\/index.php\/wp-json\/wp\/v2\/product"}],"about":[{"href":"https:\/\/voysanando.com\/index.php\/wp-json\/wp\/v2\/types\/product"}],"replies":[{"embeddable":true,"href":"https:\/\/voysanando.com\/index.php\/wp-json\/wp\/v2\/comments?post=3470"}],"wp:featuredmedia":[{"embeddable":true,"href":"https:\/\/voysanando.com\/index.php\/wp-json\/wp\/v2\/media\/3492"}],"wp:attachment":[{"href":"https:\/\/voysanando.com\/index.php\/wp-json\/wp\/v2\/media?parent=3470"}],"wp:term":[{"taxonomy":"product_brand","embeddable":true,"href":"https:\/\/voysanando.com\/index.php\/wp-json\/wp\/v2\/product_brand?post=3470"},{"taxonomy":"product_cat","embeddable":true,"href":"https:\/\/voysanando.com\/index.php\/wp-json\/wp\/v2\/product_cat?post=3470"},{"taxonomy":"product_tag","embeddable":true,"href":"https:\/\/voysanando.com\/index.php\/wp-json\/wp\/v2\/product_tag?post=3470"}],"curies":[{"name":"wp","href":"https:\/\/api.w.org\/{rel}","templated":true}]}}