{"id":3346,"date":"2024-08-10T15:20:58","date_gmt":"2024-08-10T19:20:58","guid":{"rendered":"https:\/\/voysanando.com\/?post_type=product&#038;p=3346"},"modified":"2025-03-17T10:24:45","modified_gmt":"2025-03-17T13:24:45","slug":"block-emdr-hoja-de-trabajo-para-infancias","status":"publish","type":"product","link":"https:\/\/voysanando.com\/index.php\/producto\/block-emdr-hoja-de-trabajo-para-infancias\/","title":{"rendered":"Block EMDR hoja de trabajo para infancias"},"content":{"rendered":"<p>Con esta hoja de trabajo podr\u00e1s seguir una sesi\u00f3n de EMDR con tus pacientes ni\u00f1os, ni\u00f1as y adolescentes. Incluye todo lo necesario para completar un ciclo incluyendo escalas VOC y SUD.<\/p>\n<p>Block con base tapa dura de cart\u00f3n forrado, incluye 15 copias del formato en papel A4 de alta calidad<\/p>\n","protected":false},"excerpt":{"rendered":"<p>Block EMDR para infancia tama\u00f1o A4 con 15 copias<\/p>\n","protected":false},"featured_media":2407,"comment_status":"open","ping_status":"closed","template":"","meta":{"om_disable_all_campaigns":false,"_uag_custom_page_level_css":"","_monsterinsights_skip_tracking":false,"_monsterinsights_sitenote_active":false,"_monsterinsights_sitenote_note":"","_monsterinsights_sitenote_category":0,"site-sidebar-layout":"default","site-content-layout":"","ast-site-content-layout":"default","site-content-style":"default","site-sidebar-style":"default","ast-global-header-display":"","ast-banner-title-visibility":"","ast-main-header-display":"","ast-hfb-above-header-display":"","ast-hfb-below-header-display":"","ast-hfb-mobile-header-display":"","site-post-title":"","ast-breadcrumbs-content":"","ast-featured-img":"","footer-sml-layout":"","ast-disable-related-posts":"","theme-transparent-header-meta":"default","adv-header-id-meta":"","stick-header-meta":"","header-above-stick-meta":"","header-main-stick-meta":"","header-below-stick-meta":"","astra-migrate-meta-layouts":"set","ast-page-background-enabled":"default","ast-page-background-meta":{"desktop":{"background-color":"var(--ast-global-color-4)","background-image":"","background-repeat":"repeat","background-position":"center center","background-size":"auto","background-attachment":"scroll","background-type":"","background-media":"","overlay-type":"","overlay-color":"","overlay-opacity":"","overlay-gradient":""},"tablet":{"background-color":"","background-image":"","background-repeat":"repeat","background-position":"center center","background-size":"auto","background-attachment":"scroll","background-type":"","background-media":"","overlay-type":"","overlay-color":"","overlay-opacity":"","overlay-gradient":""},"mobile":{"background-color":"","background-image":"","background-repeat":"repeat","background-position":"center center","background-size":"auto","background-attachment":"scroll","background-type":"","background-media":"","overlay-type":"","overlay-color":"","overlay-opacity":"","overlay-gradient":""}},"ast-content-background-meta":{"desktop":{"background-color":"var(--ast-global-color-5)","background-image":"","background-repeat":"repeat","background-position":"center center","background-size":"auto","background-attachment":"scroll","background-type":"","background-media":"","overlay-type":"","overlay-color":"","overlay-opacity":"","overlay-gradient":""},"tablet":{"background-color":"var(--ast-global-color-5)","background-image":"","background-repeat":"repeat","background-position":"center center","background-size":"auto","background-attachment":"scroll","background-type":"","background-media":"","overlay-type":"","overlay-color":"","overlay-opacity":"","overlay-gradient":""},"mobile":{"background-color":"var(--ast-global-color-5)","background-image":"","background-repeat":"repeat","background-position":"center center","background-size":"auto","background-attachment":"scroll","background-type":"","background-media":"","overlay-type":"","overlay-color":"","overlay-opacity":"","overlay-gradient":""}}},"product_brand":[],"product_cat":[71],"product_tag":[51,55,53,49,83],"class_list":{"0":"post-3346","1":"product","2":"type-product","3":"status-publish","4":"has-post-thumbnail","6":"product_cat-fisicos","7":"product_tag-disociacion","8":"product_tag-infancias","9":"product_tag-psicoterapia","10":"product_tag-terapia-emdr","11":"product_tag-trauma","12":"desktop-align-center","13":"tablet-align-left","14":"mobile-align-left","16":"first","17":"outofstock","18":"taxable","19":"shipping-taxable","20":"purchasable","21":"product-type-simple"},"aioseo_notices":[],"uagb_featured_image_src":{"full":["https:\/\/i0.wp.com\/voysanando.com\/wp-content\/uploads\/2023\/11\/Emdr-hoja-de-trabajo-para-infancias_page-0001-scaled.jpg?fit=1810%2C2560&ssl=1",1810,2560,false],"thumbnail":["https:\/\/i0.wp.com\/voysanando.com\/wp-content\/uploads\/2023\/11\/Emdr-hoja-de-trabajo-para-infancias_page-0001-scaled.jpg?resize=150%2C150&ssl=1",150,150,true],"medium":["https:\/\/i0.wp.com\/voysanando.com\/wp-content\/uploads\/2023\/11\/Emdr-hoja-de-trabajo-para-infancias_page-0001-scaled.jpg?fit=212%2C300&ssl=1",212,300,true],"medium_large":["https:\/\/i0.wp.com\/voysanando.com\/wp-content\/uploads\/2023\/11\/Emdr-hoja-de-trabajo-para-infancias_page-0001-scaled.jpg?fit=768%2C1086&ssl=1",768,1086,true],"large":["https:\/\/i0.wp.com\/voysanando.com\/wp-content\/uploads\/2023\/11\/Emdr-hoja-de-trabajo-para-infancias_page-0001-scaled.jpg?fit=724%2C1024&ssl=1",724,1024,true],"1536x1536":["https:\/\/i0.wp.com\/voysanando.com\/wp-content\/uploads\/2023\/11\/Emdr-hoja-de-trabajo-para-infancias_page-0001-scaled.jpg?fit=1086%2C1536&ssl=1",1086,1536,true],"2048x2048":["https:\/\/i0.wp.com\/voysanando.com\/wp-content\/uploads\/2023\/11\/Emdr-hoja-de-trabajo-para-infancias_page-0001-scaled.jpg?fit=1448%2C2048&ssl=1",1448,2048,true],"mailpoet_newsletter_max":["https:\/\/i0.wp.com\/voysanando.com\/wp-content\/uploads\/2023\/11\/Emdr-hoja-de-trabajo-para-infancias_page-0001-scaled.jpg?fit=1320%2C1867&ssl=1",1320,1867,true],"woocommerce_thumbnail":["https:\/\/i0.wp.com\/voysanando.com\/wp-content\/uploads\/2023\/11\/Emdr-hoja-de-trabajo-para-infancias_page-0001-scaled.jpg?resize=300%2C300&ssl=1",300,300,true],"woocommerce_single":["https:\/\/i0.wp.com\/voysanando.com\/wp-content\/uploads\/2023\/11\/Emdr-hoja-de-trabajo-para-infancias_page-0001-scaled.jpg?fit=600%2C849&ssl=1",600,849,true],"woocommerce_gallery_thumbnail":["https:\/\/i0.wp.com\/voysanando.com\/wp-content\/uploads\/2023\/11\/Emdr-hoja-de-trabajo-para-infancias_page-0001-scaled.jpg?resize=100%2C100&ssl=1",100,100,true]},"uagb_author_info":{"display_name":"user-voysanando","author_link":"https:\/\/voysanando.com\/index.php\/author\/"},"uagb_comment_info":0,"uagb_excerpt":"Block EMDR para infancia tama\u00f1o A4 con 15 copias","jetpack_sharing_enabled":true,"_links":{"self":[{"href":"https:\/\/voysanando.com\/index.php\/wp-json\/wp\/v2\/product\/3346","targetHints":{"allow":["GET"]}}],"collection":[{"href":"https:\/\/voysanando.com\/index.php\/wp-json\/wp\/v2\/product"}],"about":[{"href":"https:\/\/voysanando.com\/index.php\/wp-json\/wp\/v2\/types\/product"}],"replies":[{"embeddable":true,"href":"https:\/\/voysanando.com\/index.php\/wp-json\/wp\/v2\/comments?post=3346"}],"wp:featuredmedia":[{"embeddable":true,"href":"https:\/\/voysanando.com\/index.php\/wp-json\/wp\/v2\/media\/2407"}],"wp:attachment":[{"href":"https:\/\/voysanando.com\/index.php\/wp-json\/wp\/v2\/media?parent=3346"}],"wp:term":[{"taxonomy":"product_brand","embeddable":true,"href":"https:\/\/voysanando.com\/index.php\/wp-json\/wp\/v2\/product_brand?post=3346"},{"taxonomy":"product_cat","embeddable":true,"href":"https:\/\/voysanando.com\/index.php\/wp-json\/wp\/v2\/product_cat?post=3346"},{"taxonomy":"product_tag","embeddable":true,"href":"https:\/\/voysanando.com\/index.php\/wp-json\/wp\/v2\/product_tag?post=3346"}],"curies":[{"name":"wp","href":"https:\/\/api.w.org\/{rel}","templated":true}]}}