{"id":3247,"date":"2024-04-02T10:21:26","date_gmt":"2024-04-02T13:21:26","guid":{"rendered":"https:\/\/voysanando.com\/?post_type=product&#038;p=3247"},"modified":"2025-01-21T10:37:58","modified_gmt":"2025-01-21T13:37:58","slug":"seguimiento-de-progreso-y-desafios","status":"publish","type":"product","link":"https:\/\/voysanando.com\/index.php\/producto\/seguimiento-de-progreso-y-desafios\/","title":{"rendered":"Seguimiento de progreso y desaf\u00edos"},"content":{"rendered":"<h2>Plantilla de Seguimiento de Progreso en Psicoterapia<\/h2>\n<p>Si est\u00e1s buscando una manera efectiva de realizar un seguimiento de tu avance en psicoterapia, nuestra plantilla de seguimiento de progresos y desaf\u00edos es justo lo que necesitas. Esta plantilla te ayudar\u00e1 a registrar y evaluar tus logros a lo largo del proceso terap\u00e9utico, y te permitir\u00e1 tener una visi\u00f3n clara de los cambios y mejoras que est\u00e1s experimentando.<\/p>\n<h2>\u00bfC\u00f3mo funciona?<\/h2>\n<p>Nuestra plantilla es f\u00e1cil de usar: simplemente completa la informaci\u00f3n utilizando una hoja para cada tarea, gatillante, actividad o s\u00edntoma que necesitas registrar, as\u00ed como tus motivaciones, emociones, pensamientos y comportamientos relevantes. Tambi\u00e9n puedes registrar tus herramientas para que puedas tener una visi\u00f3n clara de c\u00f3mo enfrentar el desaf\u00edo,<\/p>\n<p>Adem\u00e1s, la plantilla te brinda la oportunidad de evaluar tu progreso en diferentes \u00e1reas de tu vida al mismo tiempo que reflexionar brevemente sobre el origen del problema. Esto te permitir\u00e1 tener una visi\u00f3n global de c\u00f3mo la terapia est\u00e1 impactando positivamente en tu vida.<\/p>\n<h2>Beneficios de utilizar nuestra plantilla<\/h2>\n<p>Nuestra plantilla de seguimiento de progresos en psicoterapia ofrece varios beneficios. En primer lugar, te permite ser consciente de tus propios cambios y mejoras, lo cual puede ser muy motivador y fortalecedor. Adem\u00e1s, al tener una visi\u00f3n clara de tu progreso, podr\u00e1s comunicarte de manera m\u00e1s efectiva con tu terapeuta y trabajar juntos para alcanzar tus metas terap\u00e9uticas.<\/p>\n<p>En resumen, nuestra plantilla de seguimiento de progresos y desaf\u00edos es una herramienta invaluable para cualquier persona que est\u00e9 participando en un proceso terap\u00e9utico. Te invitamos a probarla y experimentar los beneficios de tener un registro detallado de tu progreso en psicoterapia.<\/p>\n<p><img data-recalc-dims=\"1\" fetchpriority=\"high\" decoding=\"async\" class=\"size-medium wp-image-3249\" src=\"https:\/\/i0.wp.com\/voysanando.com\/wp-content\/uploads\/2024\/04\/Photoroom-20240402_101205.jpg?resize=300%2C300&#038;ssl=1\" alt=\"Progresos y Desaf\u00edos\" width=\"300\" height=\"300\" srcset=\"https:\/\/i0.wp.com\/voysanando.com\/wp-content\/uploads\/2024\/04\/Photoroom-20240402_101205.jpg?resize=300%2C300&amp;ssl=1 300w, https:\/\/i0.wp.com\/voysanando.com\/wp-content\/uploads\/2024\/04\/Photoroom-20240402_101205.jpg?resize=1024%2C1024&amp;ssl=1 1024w, https:\/\/i0.wp.com\/voysanando.com\/wp-content\/uploads\/2024\/04\/Photoroom-20240402_101205.jpg?resize=150%2C150&amp;ssl=1 150w, https:\/\/i0.wp.com\/voysanando.com\/wp-content\/uploads\/2024\/04\/Photoroom-20240402_101205.jpg?resize=768%2C768&amp;ssl=1 768w, https:\/\/i0.wp.com\/voysanando.com\/wp-content\/uploads\/2024\/04\/Photoroom-20240402_101205.jpg?resize=1320%2C1320&amp;ssl=1 1320w, https:\/\/i0.wp.com\/voysanando.com\/wp-content\/uploads\/2024\/04\/Photoroom-20240402_101205.jpg?resize=600%2C600&amp;ssl=1 600w, https:\/\/i0.wp.com\/voysanando.com\/wp-content\/uploads\/2024\/04\/Photoroom-20240402_101205.jpg?resize=100%2C100&amp;ssl=1 100w, https:\/\/i0.wp.com\/voysanando.com\/wp-content\/uploads\/2024\/04\/Photoroom-20240402_101205.jpg?w=1512&amp;ssl=1 1512w\" sizes=\"(max-width: 300px) 100vw, 300px\" \/><\/p>\n","protected":false},"excerpt":{"rendered":"<p>A menudo cuesta ver nuestros avances y nos ahogamos pensando que no hay mejora, te dise\u00f1amos este espacio para guardar evidencia de lo que a\u00fan te duele o dificulta, pero sobre todo de cu\u00e1nto has mejorado.<\/p>\n<p>Incluye un PDF con dos p\u00e1ginas para uso digital o imprimibles en casa, tama\u00f1os A4 o A5<\/p>\n","protected":false},"featured_media":3249,"comment_status":"open","ping_status":"closed","template":"","meta":{"om_disable_all_campaigns":false,"_uag_custom_page_level_css":"","_monsterinsights_skip_tracking":false,"_monsterinsights_sitenote_active":false,"_monsterinsights_sitenote_note":"","_monsterinsights_sitenote_category":0,"site-sidebar-layout":"default","site-content-layout":"","ast-site-content-layout":"default","site-content-style":"default","site-sidebar-style":"default","ast-global-header-display":"","ast-banner-title-visibility":"","ast-main-header-display":"","ast-hfb-above-header-display":"","ast-hfb-below-header-display":"","ast-hfb-mobile-header-display":"","site-post-title":"","ast-breadcrumbs-content":"","ast-featured-img":"","footer-sml-layout":"","ast-disable-related-posts":"","theme-transparent-header-meta":"default","adv-header-id-meta":"","stick-header-meta":"","header-above-stick-meta":"","header-main-stick-meta":"","header-below-stick-meta":"","astra-migrate-meta-layouts":"set","ast-page-background-enabled":"default","ast-page-background-meta":{"desktop":{"background-color":"var(--ast-global-color-4)","background-image":"","background-repeat":"repeat","background-position":"center center","background-size":"auto","background-attachment":"scroll","background-type":"","background-media":"","overlay-type":"","overlay-color":"","overlay-opacity":"","overlay-gradient":""},"tablet":{"background-color":"","background-image":"","background-repeat":"repeat","background-position":"center center","background-size":"auto","background-attachment":"scroll","background-type":"","background-media":"","overlay-type":"","overlay-color":"","overlay-opacity":"","overlay-gradient":""},"mobile":{"background-color":"","background-image":"","background-repeat":"repeat","background-position":"center center","background-size":"auto","background-attachment":"scroll","background-type":"","background-media":"","overlay-type":"","overlay-color":"","overlay-opacity":"","overlay-gradient":""}},"ast-content-background-meta":{"desktop":{"background-color":"var(--ast-global-color-5)","background-image":"","background-repeat":"repeat","background-position":"center center","background-size":"auto","background-attachment":"scroll","background-type":"","background-media":"","overlay-type":"","overlay-color":"","overlay-opacity":"","overlay-gradient":""},"tablet":{"background-color":"var(--ast-global-color-5)","background-image":"","background-repeat":"repeat","background-position":"center center","background-size":"auto","background-attachment":"scroll","background-type":"","background-media":"","overlay-type":"","overlay-color":"","overlay-opacity":"","overlay-gradient":""},"mobile":{"background-color":"var(--ast-global-color-5)","background-image":"","background-repeat":"repeat","background-position":"center center","background-size":"auto","background-attachment":"scroll","background-type":"","background-media":"","overlay-type":"","overlay-color":"","overlay-opacity":"","overlay-gradient":""}}},"product_brand":[],"product_cat":[76],"product_tag":[51,53,52,70,60,49,69],"class_list":{"0":"post-3247","1":"product","2":"type-product","3":"status-publish","4":"has-post-thumbnail","6":"product_cat-digitales","7":"product_tag-disociacion","8":"product_tag-psicoterapia","9":"product_tag-recursos-pacientes","10":"product_tag-resoluciones","11":"product_tag-sintomas","12":"product_tag-terapia-emdr","13":"product_tag-todo-publico","14":"desktop-align-center","15":"tablet-align-left","16":"mobile-align-left","18":"first","19":"instock","20":"sale","21":"downloadable","22":"virtual","23":"taxable","24":"purchasable","25":"product-type-simple"},"aioseo_notices":[],"uagb_featured_image_src":{"full":["https:\/\/i0.wp.com\/voysanando.com\/wp-content\/uploads\/2024\/04\/Photoroom-20240402_101205.jpg?fit=1512%2C1512&ssl=1",1512,1512,false],"thumbnail":["https:\/\/i0.wp.com\/voysanando.com\/wp-content\/uploads\/2024\/04\/Photoroom-20240402_101205.jpg?resize=150%2C150&ssl=1",150,150,true],"medium":["https:\/\/i0.wp.com\/voysanando.com\/wp-content\/uploads\/2024\/04\/Photoroom-20240402_101205.jpg?fit=300%2C300&ssl=1",300,300,true],"medium_large":["https:\/\/i0.wp.com\/voysanando.com\/wp-content\/uploads\/2024\/04\/Photoroom-20240402_101205.jpg?fit=768%2C768&ssl=1",768,768,true],"large":["https:\/\/i0.wp.com\/voysanando.com\/wp-content\/uploads\/2024\/04\/Photoroom-20240402_101205.jpg?fit=1024%2C1024&ssl=1",1024,1024,true],"1536x1536":["https:\/\/i0.wp.com\/voysanando.com\/wp-content\/uploads\/2024\/04\/Photoroom-20240402_101205.jpg?fit=1512%2C1512&ssl=1",1512,1512,true],"2048x2048":["https:\/\/i0.wp.com\/voysanando.com\/wp-content\/uploads\/2024\/04\/Photoroom-20240402_101205.jpg?fit=1512%2C1512&ssl=1",1512,1512,true],"mailpoet_newsletter_max":["https:\/\/i0.wp.com\/voysanando.com\/wp-content\/uploads\/2024\/04\/Photoroom-20240402_101205.jpg?fit=1320%2C1320&ssl=1",1320,1320,true],"woocommerce_thumbnail":["https:\/\/i0.wp.com\/voysanando.com\/wp-content\/uploads\/2024\/04\/Photoroom-20240402_101205.jpg?resize=300%2C300&ssl=1",300,300,true],"woocommerce_single":["https:\/\/i0.wp.com\/voysanando.com\/wp-content\/uploads\/2024\/04\/Photoroom-20240402_101205.jpg?fit=600%2C600&ssl=1",600,600,true],"woocommerce_gallery_thumbnail":["https:\/\/i0.wp.com\/voysanando.com\/wp-content\/uploads\/2024\/04\/Photoroom-20240402_101205.jpg?resize=100%2C100&ssl=1",100,100,true]},"uagb_author_info":{"display_name":"user-voysanando","author_link":"https:\/\/voysanando.com\/index.php\/author\/"},"uagb_comment_info":1,"uagb_excerpt":"A menudo cuesta ver nuestros avances y nos ahogamos pensando que no hay mejora, te dise\u00f1amos este espacio para guardar evidencia de lo que a\u00fan te duele o dificulta, pero sobre todo de cu\u00e1nto has mejorado. Incluye un PDF con dos p\u00e1ginas para uso digital o imprimibles en casa, tama\u00f1os A4 o A5","jetpack_sharing_enabled":true,"_links":{"self":[{"href":"https:\/\/voysanando.com\/index.php\/wp-json\/wp\/v2\/product\/3247","targetHints":{"allow":["GET"]}}],"collection":[{"href":"https:\/\/voysanando.com\/index.php\/wp-json\/wp\/v2\/product"}],"about":[{"href":"https:\/\/voysanando.com\/index.php\/wp-json\/wp\/v2\/types\/product"}],"replies":[{"embeddable":true,"href":"https:\/\/voysanando.com\/index.php\/wp-json\/wp\/v2\/comments?post=3247"}],"wp:featuredmedia":[{"embeddable":true,"href":"https:\/\/voysanando.com\/index.php\/wp-json\/wp\/v2\/media\/3249"}],"wp:attachment":[{"href":"https:\/\/voysanando.com\/index.php\/wp-json\/wp\/v2\/media?parent=3247"}],"wp:term":[{"taxonomy":"product_brand","embeddable":true,"href":"https:\/\/voysanando.com\/index.php\/wp-json\/wp\/v2\/product_brand?post=3247"},{"taxonomy":"product_cat","embeddable":true,"href":"https:\/\/voysanando.com\/index.php\/wp-json\/wp\/v2\/product_cat?post=3247"},{"taxonomy":"product_tag","embeddable":true,"href":"https:\/\/voysanando.com\/index.php\/wp-json\/wp\/v2\/product_tag?post=3247"}],"curies":[{"name":"wp","href":"https:\/\/api.w.org\/{rel}","templated":true}]}}