{"id":3159,"date":"2024-03-03T17:20:54","date_gmt":"2024-03-03T20:20:54","guid":{"rendered":"https:\/\/voysanando.com\/?post_type=product&#038;p=3159"},"modified":"2025-03-17T10:25:07","modified_gmt":"2025-03-17T13:25:07","slug":"set-de-5-imanes-para-refrigerador-grounding","status":"publish","type":"product","link":"https:\/\/voysanando.com\/index.php\/producto\/set-de-5-imanes-para-refrigerador-grounding\/","title":{"rendered":"Set de 5 Imanes para refrigerador: Grounding"},"content":{"rendered":"<p><span style=\"font-size: 16px; font-style: normal; font-weight: 400;\">No n<\/span><span style=\"font-size: 16px;\">ecesitar\u00e1s recordar todo lo que se supone que hay que hacer para recuperar esos disociaddos sentidos, sigue las instrucciones y juega a volver al presente con este set de 5 imanes para refrigerador, puedes elegir el tama\u00f1o que m\u00e1s se acomode a tu refrigerador y bolsillo, desde 5&#215;5 cms.<\/span><\/p>\n<p>Incluye 1 dise\u00f1o texturizado y 1 que se puede rayar con plum\u00f3n de pizarra (plum\u00f3n no inclu\u00eddo), apto para neurodivergencias y trastornos disociativos<\/p>\n<p>&nbsp;<\/p>\n","protected":false},"excerpt":{"rendered":"<p>Pack 5 imanes de refrigerador con ejercicios de grounding<\/p>\n","protected":false},"featured_media":3167,"comment_status":"open","ping_status":"closed","template":"","meta":{"om_disable_all_campaigns":false,"_uag_custom_page_level_css":"","_monsterinsights_skip_tracking":false,"_monsterinsights_sitenote_active":false,"_monsterinsights_sitenote_note":"","_monsterinsights_sitenote_category":0,"site-sidebar-layout":"default","site-content-layout":"","ast-site-content-layout":"default","site-content-style":"default","site-sidebar-style":"default","ast-global-header-display":"","ast-banner-title-visibility":"","ast-main-header-display":"","ast-hfb-above-header-display":"","ast-hfb-below-header-display":"","ast-hfb-mobile-header-display":"","site-post-title":"","ast-breadcrumbs-content":"","ast-featured-img":"","footer-sml-layout":"","ast-disable-related-posts":"","theme-transparent-header-meta":"default","adv-header-id-meta":"","stick-header-meta":"","header-above-stick-meta":"","header-main-stick-meta":"","header-below-stick-meta":"","astra-migrate-meta-layouts":"set","ast-page-background-enabled":"default","ast-page-background-meta":{"desktop":{"background-color":"var(--ast-global-color-4)","background-image":"","background-repeat":"repeat","background-position":"center center","background-size":"auto","background-attachment":"scroll","background-type":"","background-media":"","overlay-type":"","overlay-color":"","overlay-opacity":"","overlay-gradient":""},"tablet":{"background-color":"","background-image":"","background-repeat":"repeat","background-position":"center center","background-size":"auto","background-attachment":"scroll","background-type":"","background-media":"","overlay-type":"","overlay-color":"","overlay-opacity":"","overlay-gradient":""},"mobile":{"background-color":"","background-image":"","background-repeat":"repeat","background-position":"center center","background-size":"auto","background-attachment":"scroll","background-type":"","background-media":"","overlay-type":"","overlay-color":"","overlay-opacity":"","overlay-gradient":""}},"ast-content-background-meta":{"desktop":{"background-color":"var(--ast-global-color-5)","background-image":"","background-repeat":"repeat","background-position":"center center","background-size":"auto","background-attachment":"scroll","background-type":"","background-media":"","overlay-type":"","overlay-color":"","overlay-opacity":"","overlay-gradient":""},"tablet":{"background-color":"var(--ast-global-color-5)","background-image":"","background-repeat":"repeat","background-position":"center center","background-size":"auto","background-attachment":"scroll","background-type":"","background-media":"","overlay-type":"","overlay-color":"","overlay-opacity":"","overlay-gradient":""},"mobile":{"background-color":"var(--ast-global-color-5)","background-image":"","background-repeat":"repeat","background-position":"center center","background-size":"auto","background-attachment":"scroll","background-type":"","background-media":"","overlay-type":"","overlay-color":"","overlay-opacity":"","overlay-gradient":""}}},"product_brand":[],"product_cat":[71],"product_tag":[51,81,52,60,69],"class_list":{"0":"post-3159","1":"product","2":"type-product","3":"status-publish","4":"has-post-thumbnail","6":"product_cat-fisicos","7":"product_tag-disociacion","8":"product_tag-grounding","9":"product_tag-recursos-pacientes","10":"product_tag-sintomas","11":"product_tag-todo-publico","12":"desktop-align-center","13":"tablet-align-left","14":"mobile-align-left","16":"first","17":"outofstock","18":"sale","19":"taxable","20":"shipping-taxable","21":"purchasable","22":"product-type-variable","23":"has-default-attributes"},"aioseo_notices":[],"uagb_featured_image_src":{"full":["https:\/\/i0.wp.com\/voysanando.com\/wp-content\/uploads\/2024\/03\/Photoroom-20240303_165354.png?fit=2000%2C1500&ssl=1",2000,1500,false],"thumbnail":["https:\/\/i0.wp.com\/voysanando.com\/wp-content\/uploads\/2024\/03\/Photoroom-20240303_165354.png?resize=150%2C150&ssl=1",150,150,true],"medium":["https:\/\/i0.wp.com\/voysanando.com\/wp-content\/uploads\/2024\/03\/Photoroom-20240303_165354.png?fit=300%2C225&ssl=1",300,225,true],"medium_large":["https:\/\/i0.wp.com\/voysanando.com\/wp-content\/uploads\/2024\/03\/Photoroom-20240303_165354.png?fit=768%2C576&ssl=1",768,576,true],"large":["https:\/\/i0.wp.com\/voysanando.com\/wp-content\/uploads\/2024\/03\/Photoroom-20240303_165354.png?fit=1024%2C768&ssl=1",1024,768,true],"1536x1536":["https:\/\/i0.wp.com\/voysanando.com\/wp-content\/uploads\/2024\/03\/Photoroom-20240303_165354.png?fit=1536%2C1152&ssl=1",1536,1152,true],"2048x2048":["https:\/\/i0.wp.com\/voysanando.com\/wp-content\/uploads\/2024\/03\/Photoroom-20240303_165354.png?fit=2000%2C1500&ssl=1",2000,1500,true],"mailpoet_newsletter_max":["https:\/\/i0.wp.com\/voysanando.com\/wp-content\/uploads\/2024\/03\/Photoroom-20240303_165354.png?fit=1320%2C990&ssl=1",1320,990,true],"woocommerce_thumbnail":["https:\/\/i0.wp.com\/voysanando.com\/wp-content\/uploads\/2024\/03\/Photoroom-20240303_165354.png?resize=300%2C300&ssl=1",300,300,true],"woocommerce_single":["https:\/\/i0.wp.com\/voysanando.com\/wp-content\/uploads\/2024\/03\/Photoroom-20240303_165354.png?fit=600%2C450&ssl=1",600,450,true],"woocommerce_gallery_thumbnail":["https:\/\/i0.wp.com\/voysanando.com\/wp-content\/uploads\/2024\/03\/Photoroom-20240303_165354.png?resize=100%2C100&ssl=1",100,100,true]},"uagb_author_info":{"display_name":"user-voysanando","author_link":"https:\/\/voysanando.com\/index.php\/author\/"},"uagb_comment_info":2,"uagb_excerpt":"Pack 5 imanes de refrigerador con ejercicios de grounding","jetpack_sharing_enabled":true,"_links":{"self":[{"href":"https:\/\/voysanando.com\/index.php\/wp-json\/wp\/v2\/product\/3159","targetHints":{"allow":["GET"]}}],"collection":[{"href":"https:\/\/voysanando.com\/index.php\/wp-json\/wp\/v2\/product"}],"about":[{"href":"https:\/\/voysanando.com\/index.php\/wp-json\/wp\/v2\/types\/product"}],"replies":[{"embeddable":true,"href":"https:\/\/voysanando.com\/index.php\/wp-json\/wp\/v2\/comments?post=3159"}],"wp:featuredmedia":[{"embeddable":true,"href":"https:\/\/voysanando.com\/index.php\/wp-json\/wp\/v2\/media\/3167"}],"wp:attachment":[{"href":"https:\/\/voysanando.com\/index.php\/wp-json\/wp\/v2\/media?parent=3159"}],"wp:term":[{"taxonomy":"product_brand","embeddable":true,"href":"https:\/\/voysanando.com\/index.php\/wp-json\/wp\/v2\/product_brand?post=3159"},{"taxonomy":"product_cat","embeddable":true,"href":"https:\/\/voysanando.com\/index.php\/wp-json\/wp\/v2\/product_cat?post=3159"},{"taxonomy":"product_tag","embeddable":true,"href":"https:\/\/voysanando.com\/index.php\/wp-json\/wp\/v2\/product_tag?post=3159"}],"curies":[{"name":"wp","href":"https:\/\/api.w.org\/{rel}","templated":true}]}}