{"id":2781,"date":"2024-01-30T00:00:42","date_gmt":"2024-01-30T03:00:42","guid":{"rendered":"https:\/\/voysanando.com\/?post_type=product&#038;p=2781"},"modified":"2025-03-17T10:24:51","modified_gmt":"2025-03-17T13:24:51","slug":"construye-tu-agenda","status":"publish","type":"product","link":"https:\/\/voysanando.com\/index.php\/producto\/construye-tu-agenda\/","title":{"rendered":"Construye tu agenda: Planner personalizado"},"content":{"rendered":"<p>Construye tu agenda o planner so\u00f1ado!<\/p>\n<p>Nuestro planner est\u00e1 pensado en tu experiencia de usuario, por eso, creamos un producto que puede cubrir todas tus necesidades espec\u00edficas de organizaci\u00f3n y planificaci\u00f3n en un solo producto, pero sin mezclar las cosas.<\/p>\n<p>El precio base incluye una completa personalizaci\u00f3n de las tapas y adornos, puedes incluir tu nombre en foil, pedirnos que agreguemos un dibujo de tus hijos, o darnos un concepto y un color y nuestro equipo de dise\u00f1o har\u00e1 magia por ti! Adem\u00e1s incluye la primera secci\u00f3n de agenda b\u00e1sica 2025 que puedes comprar de manera individual, que incluye calendario y planner diario.<\/p>\n<p>Cuando creas tu planner con nosotras, puedes ir agregando packs con contenido que hemos predise\u00f1ado, el cual ir\u00e1 separado de tu planner personal, as\u00ed, por ejemplo, puedes llevar tu calendario semanal de pacientes en una categor\u00eda separada de tu planner de negocios, pero en la misma agenda.<\/p>\n<p>Utilizamos materiales de calidad y papel grueso, para que lo que escribas en una p\u00e1gina no se traspase f\u00e1cilmente a la siguiente, elegimos papel bond de 105g o superior para el contenido interior de tu planner y hermosas terminaciones externas, anillado met\u00e1lico, el\u00e1sticos, dijes y borlas que combinen con la tem\u00e1tica que nos encomendaste.<\/p>\n<p>&nbsp;<\/p>\n<p>DETALLE DE PACKS: (<a href=\"https:\/\/voysanando.com\/wp-content\/uploads\/2024\/01\/catalogo-digital.pdf\">Descarga aqu\u00ed<\/a> el cat\u00e1logo digital)<\/p>\n<ul>\n<li><strong>Pack 1: Cosas de Casa<\/strong> | 56 P\u00e1ginas: &#8211; Separador &#8211; Men\u00fa de la semana Formato mes &#8211; Lista de compras quincenal &#8211; Aseo semanal del hogar &#8211; Recetas &#8211; Cumplea\u00f1os &#8211; Regalos &#8211; Regalos de fiestas de fin de a\u00f1o &#8211; Valor $5.500.-<\/li>\n<li><strong>Pack 2: Finanzas<\/strong> | 14 p\u00e1ginas: &#8211; Separador &#8211; Mis finanzas mensuales &#8211; Plan de ahorro anual &#8211; Mis deudas &#8211; Valor $1.500.-<\/li>\n<li><strong>Pack 3: Emprendedor\/a<\/strong> | 44 P\u00e1ginas: &#8211; Separador &#8211; Pedidos &#8211; Mis cuentas y claves &#8211; Despachos y partners &#8211; Plan de RRSS &#8211; Balance mensual &#8211; Datos de clientes &#8211; Proveedores &#8211; Valor $4.000.-<\/li>\n<li><strong>Pack 4: Pacientes<\/strong> (Distintos padecimientos) | 54 p\u00e1ginas : &#8211; Separador &#8211; Seguimiento de s\u00edntomas &#8211; Seguimiento de f\u00e1rmacos &#8211; Seguimiento de estados del \u00e1nimo &#8211; Datos de salud &#8211; Detalles del equipo tratante &#8211; Seguimiento de tratamiento &#8211; Grounding &#8211; Emociones &#8211; Valor $5.000.-<\/li>\n<li><strong>Pack 5: Psic\u00f3loga\/o<\/strong> | 44 p\u00e1ginas: &#8211; Separador &#8211; Identificaci\u00f3n pacientes &#8211; Pago sesiones mensuales &#8211; agenda semanal para el mes &#8211; contrato terap\u00e9utico &#8211; contactos de derivaci\u00f3n &#8211; notas profesionales &#8211; Valor $4.000.-<\/li>\n<li><strong>Pack 6: To Do<\/strong> | 44 P\u00e1ginas: &#8211; Separador &#8211; To Do list mensual &#8211; To do list semanal para un a\u00f1o &#8211; Valor $4.000.-<\/li>\n<li><strong>Pack 7: Tracking objetivos<\/strong> | 22 P\u00e1ginas: &#8211; Separador &#8211; Objetivos de este a\u00f1o &#8211; Objetivos mensuales &#8211; Libros le\u00eddos y por leer &#8211; Series y pel\u00edculas por ver &#8211; Lugares que visitar &#8211; Valor $2.000.-<\/li>\n<li><strong>Pack 8: Estudiante<\/strong> | 42 p\u00e1ginas: &#8211; Separador &#8211; Ramos del semestre &#8211; Horario &#8211; Calificaciones &#8211; Fechas de evaluaciones (Calendario mensual) &#8211; Clases y evaluaciones online &#8211; Libros pedidos en biblioteca &#8211; Reuniones de estudio o trabajos &#8211; Apuntes importantes &#8211; Valor $4.000.-<\/li>\n<li><strong>Pack 9: Trabajo dependiente<\/strong> | 26 p\u00e1ginas: &#8211; Separador &#8211; Reuniones del mes &#8211; D\u00edas administrativos pedidos &#8211; Vacaciones &#8211; Horas extra &#8211; Licencias &#8211; Contactos &#8211; Notas de trabajo &#8211; Valor $2.500.-<\/li>\n<li><strong>Pack 10: Trabajo en turnos<\/strong> | 26 p\u00e1ginas: &#8211; Separador &#8211; Turnos del mes &#8211; Cambio y devoluci\u00f3n de turno &#8211; Compa\u00f1eros de turno &#8211; Apuntes de turno &#8211; Valor $2.500.-<\/li>\n<li><strong>Pack 11: Neurodivergencia<\/strong> | 22 p\u00e1ginas: &#8211; Separador &#8211; Esto s\u00ed que no se me olvida (Mensual) &#8211; Medicamentos &#8211; Estrategias &#8211; Reuniones y citas &#8211; grounding &#8211; Valor $2.000.-<\/li>\n<li><strong>Pack 12: Ma\/Paternidad<\/strong> | 52 P\u00e1ginas: &#8211; Separador &#8211; Datos de hijos &#8211; Horarios de colegio &#8211; Citas m\u00e9dicas &#8211; Vacunas &#8211; Medicamentos &#8211; Nombres de amigos y cuidadores &#8211; Cumplea\u00f1os de amigos &#8211; regalos &#8211; actividades extra y rutinas &#8211; agenda mensual hijos &#8211; Reuniones de apoderados &#8211; Notas sobre hijos &#8211; Valor $5.000. (Det\u00e1llanos cu\u00e1ntos hijos son)<\/li>\n<\/ul>\n<p>&nbsp;<\/p>\n","protected":false},"excerpt":{"rendered":"<p>Planner personalizado<\/p>\n<p>Agenda Planner tama\u00f1o A5 personalizado, construible seg\u00fan tus necesidades.<\/p>\n<p>Tienes tu planner b\u00e1sico (\u00a1cero b\u00e1sico, est\u00e1 precioso!) y a eso le a\u00f1ades los packs que t\u00fa quieras. (<a href=\"https:\/\/voysanando.com\/wp-content\/uploads\/2024\/01\/catalogo-digital.pdf\">Descarga aqu\u00ed<\/a> el cat\u00e1logo digital)<\/p>\n<p>Contamos con 12 opciones que se acomodan a lo que t\u00fa necesites. \u00a1Elige 1, 2 \u00f3 incluso 3 packs! Podr\u00e1s tener un planner \u00daNICO y espec\u00edfico a tu estilo de vida.<\/p>\n<p>&nbsp;<\/p>\n","protected":false},"featured_media":2756,"comment_status":"open","ping_status":"closed","template":"","meta":{"om_disable_all_campaigns":false,"_uag_custom_page_level_css":"","_monsterinsights_skip_tracking":false,"_monsterinsights_sitenote_active":false,"_monsterinsights_sitenote_note":"","_monsterinsights_sitenote_category":0,"site-sidebar-layout":"default","site-content-layout":"","ast-site-content-layout":"default","site-content-style":"default","site-sidebar-style":"default","ast-global-header-display":"","ast-banner-title-visibility":"","ast-main-header-display":"","ast-hfb-above-header-display":"","ast-hfb-below-header-display":"","ast-hfb-mobile-header-display":"","site-post-title":"","ast-breadcrumbs-content":"","ast-featured-img":"","footer-sml-layout":"","ast-disable-related-posts":"","theme-transparent-header-meta":"default","adv-header-id-meta":"","stick-header-meta":"","header-above-stick-meta":"","header-main-stick-meta":"","header-below-stick-meta":"","astra-migrate-meta-layouts":"set","ast-page-background-enabled":"default","ast-page-background-meta":{"desktop":{"background-color":"var(--ast-global-color-4)","background-image":"","background-repeat":"repeat","background-position":"center center","background-size":"auto","background-attachment":"scroll","background-type":"","background-media":"","overlay-type":"","overlay-color":"","overlay-opacity":"","overlay-gradient":""},"tablet":{"background-color":"","background-image":"","background-repeat":"repeat","background-position":"center center","background-size":"auto","background-attachment":"scroll","background-type":"","background-media":"","overlay-type":"","overlay-color":"","overlay-opacity":"","overlay-gradient":""},"mobile":{"background-color":"","background-image":"","background-repeat":"repeat","background-position":"center center","background-size":"auto","background-attachment":"scroll","background-type":"","background-media":"","overlay-type":"","overlay-color":"","overlay-opacity":"","overlay-gradient":""}},"ast-content-background-meta":{"desktop":{"background-color":"var(--ast-global-color-5)","background-image":"","background-repeat":"repeat","background-position":"center center","background-size":"auto","background-attachment":"scroll","background-type":"","background-media":"","overlay-type":"","overlay-color":"","overlay-opacity":"","overlay-gradient":""},"tablet":{"background-color":"var(--ast-global-color-5)","background-image":"","background-repeat":"repeat","background-position":"center center","background-size":"auto","background-attachment":"scroll","background-type":"","background-media":"","overlay-type":"","overlay-color":"","overlay-opacity":"","overlay-gradient":""},"mobile":{"background-color":"var(--ast-global-color-5)","background-image":"","background-repeat":"repeat","background-position":"center center","background-size":"auto","background-attachment":"scroll","background-type":"","background-media":"","overlay-type":"","overlay-color":"","overlay-opacity":"","overlay-gradient":""}}},"product_brand":[],"product_cat":[71],"product_tag":[50,74,51,73,72,75,53,52,60,61,69],"class_list":{"0":"post-2781","1":"product","2":"type-product","3":"status-publish","4":"has-post-thumbnail","6":"product_cat-fisicos","7":"product_tag-administracion","8":"product_tag-agendas","9":"product_tag-disociacion","10":"product_tag-humor","11":"product_tag-personalizable","12":"product_tag-planners","13":"product_tag-psicoterapia","14":"product_tag-recursos-pacientes","15":"product_tag-sintomas","16":"product_tag-terapeuta","17":"product_tag-todo-publico","18":"desktop-align-center","19":"tablet-align-left","20":"mobile-align-left","22":"first","23":"outofstock","24":"featured","25":"taxable","26":"shipping-taxable","27":"purchasable","28":"product-type-simple"},"aioseo_notices":[],"uagb_featured_image_src":{"full":["https:\/\/i0.wp.com\/voysanando.com\/wp-content\/uploads\/2024\/01\/20240116_193746590_iOS.jpg?fit=2048%2C2048&ssl=1",2048,2048,false],"thumbnail":["https:\/\/i0.wp.com\/voysanando.com\/wp-content\/uploads\/2024\/01\/20240116_193746590_iOS.jpg?resize=150%2C150&ssl=1",150,150,true],"medium":["https:\/\/i0.wp.com\/voysanando.com\/wp-content\/uploads\/2024\/01\/20240116_193746590_iOS.jpg?fit=300%2C300&ssl=1",300,300,true],"medium_large":["https:\/\/i0.wp.com\/voysanando.com\/wp-content\/uploads\/2024\/01\/20240116_193746590_iOS.jpg?fit=768%2C768&ssl=1",768,768,true],"large":["https:\/\/i0.wp.com\/voysanando.com\/wp-content\/uploads\/2024\/01\/20240116_193746590_iOS.jpg?fit=1024%2C1024&ssl=1",1024,1024,true],"1536x1536":["https:\/\/i0.wp.com\/voysanando.com\/wp-content\/uploads\/2024\/01\/20240116_193746590_iOS.jpg?fit=1536%2C1536&ssl=1",1536,1536,true],"2048x2048":["https:\/\/i0.wp.com\/voysanando.com\/wp-content\/uploads\/2024\/01\/20240116_193746590_iOS.jpg?fit=2048%2C2048&ssl=1",2048,2048,true],"mailpoet_newsletter_max":["https:\/\/i0.wp.com\/voysanando.com\/wp-content\/uploads\/2024\/01\/20240116_193746590_iOS.jpg?fit=1320%2C1320&ssl=1",1320,1320,true],"woocommerce_thumbnail":["https:\/\/i0.wp.com\/voysanando.com\/wp-content\/uploads\/2024\/01\/20240116_193746590_iOS.jpg?resize=300%2C300&ssl=1",300,300,true],"woocommerce_single":["https:\/\/i0.wp.com\/voysanando.com\/wp-content\/uploads\/2024\/01\/20240116_193746590_iOS.jpg?fit=600%2C600&ssl=1",600,600,true],"woocommerce_gallery_thumbnail":["https:\/\/i0.wp.com\/voysanando.com\/wp-content\/uploads\/2024\/01\/20240116_193746590_iOS.jpg?resize=100%2C100&ssl=1",100,100,true]},"uagb_author_info":{"display_name":"user-voysanando","author_link":"https:\/\/voysanando.com\/index.php\/author\/"},"uagb_comment_info":0,"uagb_excerpt":"Planner personalizado Agenda Planner tama\u00f1o A5 personalizado, construible seg\u00fan tus necesidades. Tienes tu planner b\u00e1sico (\u00a1cero b\u00e1sico, est\u00e1 precioso!) y a eso le a\u00f1ades los packs que t\u00fa quieras. (Descarga aqu\u00ed el cat\u00e1logo digital) Contamos con 12 opciones que se acomodan a lo que t\u00fa necesites. \u00a1Elige 1, 2 \u00f3 incluso 3 packs! Podr\u00e1s tener&hellip;","jetpack_sharing_enabled":true,"_links":{"self":[{"href":"https:\/\/voysanando.com\/index.php\/wp-json\/wp\/v2\/product\/2781","targetHints":{"allow":["GET"]}}],"collection":[{"href":"https:\/\/voysanando.com\/index.php\/wp-json\/wp\/v2\/product"}],"about":[{"href":"https:\/\/voysanando.com\/index.php\/wp-json\/wp\/v2\/types\/product"}],"replies":[{"embeddable":true,"href":"https:\/\/voysanando.com\/index.php\/wp-json\/wp\/v2\/comments?post=2781"}],"wp:featuredmedia":[{"embeddable":true,"href":"https:\/\/voysanando.com\/index.php\/wp-json\/wp\/v2\/media\/2756"}],"wp:attachment":[{"href":"https:\/\/voysanando.com\/index.php\/wp-json\/wp\/v2\/media?parent=2781"}],"wp:term":[{"taxonomy":"product_brand","embeddable":true,"href":"https:\/\/voysanando.com\/index.php\/wp-json\/wp\/v2\/product_brand?post=2781"},{"taxonomy":"product_cat","embeddable":true,"href":"https:\/\/voysanando.com\/index.php\/wp-json\/wp\/v2\/product_cat?post=2781"},{"taxonomy":"product_tag","embeddable":true,"href":"https:\/\/voysanando.com\/index.php\/wp-json\/wp\/v2\/product_tag?post=2781"}],"curies":[{"name":"wp","href":"https:\/\/api.w.org\/{rel}","templated":true}]}}