{"id":2654,"date":"2024-01-24T11:44:46","date_gmt":"2024-01-24T14:44:46","guid":{"rendered":"https:\/\/voysanando.com\/?post_type=product&#038;p=2654"},"modified":"2025-03-17T10:25:07","modified_gmt":"2025-03-17T13:25:07","slug":"libreta_a6","status":"publish","type":"product","link":"https:\/\/voysanando.com\/index.php\/producto\/libreta_a6\/","title":{"rendered":"Libreta Personalizable Tama\u00f1o A6"},"content":{"rendered":"<p><strong>Libreta Personalizable tama\u00f1o A6 (\u00a1de bolsillo!)<\/strong><\/p>\n<p>Mini agenda, libreta o croquera tama\u00f1o A6 (10.5 x 14.8cms). El contenido puede ser formato mini agenda con lo b\u00e1sico para tu d\u00eda a d\u00eda, o con puntitos para hacerla a\u00fan m\u00e1s hermosa, o en blanco para tus croquis favoritos.<strong> \u00a1Tu libreta, t\u00fa eliges!<\/strong><\/p>\n<p><strong>\u00a1TU DECIDES!<\/strong> Personaliza a tu medida con nuestros dise\u00f1os o encarga uno exclusivo para ti, utilizamos papel grueso (Papel Bond 106grs.) lo que permite que lo que escribes no se transparente a la hoja siguiente<\/p>\n<p>Ofrecemos <em>anillado para zurdos<\/em>, ya sea anillos laterales derechos o anillo superior, todos nuestros dise\u00f1os son compatibles con manos diestras, zurdas, ambidiestras o ambitorpes \ud83d\ude00<\/p>\n<p>Puedes <em>personalizar las hojas interiores<\/em> enviando un mensaje a <a href=\"mailto:hola@voysanando.com\">hola@voysanando.com<\/a> con tu n\u00famero de compra dentro de las primeras 12 horas de hecha tu compra.<\/p>\n<p>Puedes <em>personalizar las portadas y contraportadas<\/em> con un dise\u00f1o tuyo o encargar un dise\u00f1o dici\u00e9ndonos: <strong>Tema, color y prohibidos. <\/strong>(Ejemplo: con tema de una mujer en verano en colores amarillo y naranja, favor NO AGREGAR color verde)<\/p>\n<p>Env\u00edos a todo Chile, tarifas dependen de la regi\u00f3n y comuna donde vivas, buscaremos la m\u00e1s conveniente para ti.<\/p>\n<p>Si deseas un planner un poco m\u00e1s grande y m\u00e1s personalizable a\u00fan, <a href=\"https:\/\/voysanando.com\/index.php\/producto\/cconstruye-tu-agenda\/\">entra aqu\u00ed<\/a>.<\/p>\n","protected":false},"excerpt":{"rendered":"<p>Mini agenda personalizable, libreta o croquera tama\u00f1o A6 hoja gruesa.<\/p>\n<p><strong>\u00a1Personal\u00edzala a tu gusto!<\/strong><\/p>\n<p>No olvides que puedes elegir que sea para regalo. Av\u00edsanos a qui\u00e9n se la quieres regalar en <a href=\"mailto:hola@voysanando.com\">hola@voysanando.com<\/a> en las pr\u00f3ximas 12 horas despu\u00e9s de tu compra, y le haremos un detallito.<\/p>\n","protected":false},"featured_media":2748,"comment_status":"open","ping_status":"closed","template":"","meta":{"om_disable_all_campaigns":false,"_uag_custom_page_level_css":"","_monsterinsights_skip_tracking":false,"_monsterinsights_sitenote_active":false,"_monsterinsights_sitenote_note":"","_monsterinsights_sitenote_category":0,"site-sidebar-layout":"default","site-content-layout":"","ast-site-content-layout":"default","site-content-style":"default","site-sidebar-style":"default","ast-global-header-display":"","ast-banner-title-visibility":"","ast-main-header-display":"","ast-hfb-above-header-display":"","ast-hfb-below-header-display":"","ast-hfb-mobile-header-display":"","site-post-title":"","ast-breadcrumbs-content":"","ast-featured-img":"","footer-sml-layout":"","ast-disable-related-posts":"","theme-transparent-header-meta":"default","adv-header-id-meta":"","stick-header-meta":"","header-above-stick-meta":"","header-main-stick-meta":"","header-below-stick-meta":"","astra-migrate-meta-layouts":"set","ast-page-background-enabled":"default","ast-page-background-meta":{"desktop":{"background-color":"var(--ast-global-color-4)","background-image":"","background-repeat":"repeat","background-position":"center center","background-size":"auto","background-attachment":"scroll","background-type":"","background-media":"","overlay-type":"","overlay-color":"","overlay-opacity":"","overlay-gradient":""},"tablet":{"background-color":"","background-image":"","background-repeat":"repeat","background-position":"center center","background-size":"auto","background-attachment":"scroll","background-type":"","background-media":"","overlay-type":"","overlay-color":"","overlay-opacity":"","overlay-gradient":""},"mobile":{"background-color":"","background-image":"","background-repeat":"repeat","background-position":"center center","background-size":"auto","background-attachment":"scroll","background-type":"","background-media":"","overlay-type":"","overlay-color":"","overlay-opacity":"","overlay-gradient":""}},"ast-content-background-meta":{"desktop":{"background-color":"var(--ast-global-color-5)","background-image":"","background-repeat":"repeat","background-position":"center center","background-size":"auto","background-attachment":"scroll","background-type":"","background-media":"","overlay-type":"","overlay-color":"","overlay-opacity":"","overlay-gradient":""},"tablet":{"background-color":"var(--ast-global-color-5)","background-image":"","background-repeat":"repeat","background-position":"center center","background-size":"auto","background-attachment":"scroll","background-type":"","background-media":"","overlay-type":"","overlay-color":"","overlay-opacity":"","overlay-gradient":""},"mobile":{"background-color":"var(--ast-global-color-5)","background-image":"","background-repeat":"repeat","background-position":"center center","background-size":"auto","background-attachment":"scroll","background-type":"","background-media":"","overlay-type":"","overlay-color":"","overlay-opacity":"","overlay-gradient":""}}},"product_brand":[],"product_cat":[71],"product_tag":[74,73,72,75,52,69],"class_list":{"0":"post-2654","1":"product","2":"type-product","3":"status-publish","4":"has-post-thumbnail","6":"product_cat-fisicos","7":"product_tag-agendas","8":"product_tag-humor","9":"product_tag-personalizable","10":"product_tag-planners","11":"product_tag-recursos-pacientes","12":"product_tag-todo-publico","13":"desktop-align-center","14":"tablet-align-left","15":"mobile-align-left","17":"first","18":"outofstock","19":"taxable","20":"shipping-taxable","21":"purchasable","22":"product-type-variable","23":"has-default-attributes"},"aioseo_notices":[],"uagb_featured_image_src":{"full":["https:\/\/i0.wp.com\/voysanando.com\/wp-content\/uploads\/2024\/01\/20240111_135919638_iOS.jpg?fit=2000%2C2000&ssl=1",2000,2000,false],"thumbnail":["https:\/\/i0.wp.com\/voysanando.com\/wp-content\/uploads\/2024\/01\/20240111_135919638_iOS.jpg?resize=150%2C150&ssl=1",150,150,true],"medium":["https:\/\/i0.wp.com\/voysanando.com\/wp-content\/uploads\/2024\/01\/20240111_135919638_iOS.jpg?fit=300%2C300&ssl=1",300,300,true],"medium_large":["https:\/\/i0.wp.com\/voysanando.com\/wp-content\/uploads\/2024\/01\/20240111_135919638_iOS.jpg?fit=768%2C768&ssl=1",768,768,true],"large":["https:\/\/i0.wp.com\/voysanando.com\/wp-content\/uploads\/2024\/01\/20240111_135919638_iOS.jpg?fit=1024%2C1024&ssl=1",1024,1024,true],"1536x1536":["https:\/\/i0.wp.com\/voysanando.com\/wp-content\/uploads\/2024\/01\/20240111_135919638_iOS.jpg?fit=1536%2C1536&ssl=1",1536,1536,true],"2048x2048":["https:\/\/i0.wp.com\/voysanando.com\/wp-content\/uploads\/2024\/01\/20240111_135919638_iOS.jpg?fit=2000%2C2000&ssl=1",2000,2000,true],"mailpoet_newsletter_max":["https:\/\/i0.wp.com\/voysanando.com\/wp-content\/uploads\/2024\/01\/20240111_135919638_iOS.jpg?fit=1320%2C1320&ssl=1",1320,1320,true],"woocommerce_thumbnail":["https:\/\/i0.wp.com\/voysanando.com\/wp-content\/uploads\/2024\/01\/20240111_135919638_iOS.jpg?resize=300%2C300&ssl=1",300,300,true],"woocommerce_single":["https:\/\/i0.wp.com\/voysanando.com\/wp-content\/uploads\/2024\/01\/20240111_135919638_iOS.jpg?fit=600%2C600&ssl=1",600,600,true],"woocommerce_gallery_thumbnail":["https:\/\/i0.wp.com\/voysanando.com\/wp-content\/uploads\/2024\/01\/20240111_135919638_iOS.jpg?resize=100%2C100&ssl=1",100,100,true]},"uagb_author_info":{"display_name":"user-voysanando","author_link":"https:\/\/voysanando.com\/index.php\/author\/"},"uagb_comment_info":0,"uagb_excerpt":"Mini agenda personalizable, libreta o croquera tama\u00f1o A6 hoja gruesa. \u00a1Personal\u00edzala a tu gusto! No olvides que puedes elegir que sea para regalo. Av\u00edsanos a qui\u00e9n se la quieres regalar en hola@voysanando.com en las pr\u00f3ximas 12 horas despu\u00e9s de tu compra, y le haremos un detallito.","jetpack_sharing_enabled":true,"_links":{"self":[{"href":"https:\/\/voysanando.com\/index.php\/wp-json\/wp\/v2\/product\/2654","targetHints":{"allow":["GET"]}}],"collection":[{"href":"https:\/\/voysanando.com\/index.php\/wp-json\/wp\/v2\/product"}],"about":[{"href":"https:\/\/voysanando.com\/index.php\/wp-json\/wp\/v2\/types\/product"}],"replies":[{"embeddable":true,"href":"https:\/\/voysanando.com\/index.php\/wp-json\/wp\/v2\/comments?post=2654"}],"wp:featuredmedia":[{"embeddable":true,"href":"https:\/\/voysanando.com\/index.php\/wp-json\/wp\/v2\/media\/2748"}],"wp:attachment":[{"href":"https:\/\/voysanando.com\/index.php\/wp-json\/wp\/v2\/media?parent=2654"}],"wp:term":[{"taxonomy":"product_brand","embeddable":true,"href":"https:\/\/voysanando.com\/index.php\/wp-json\/wp\/v2\/product_brand?post=2654"},{"taxonomy":"product_cat","embeddable":true,"href":"https:\/\/voysanando.com\/index.php\/wp-json\/wp\/v2\/product_cat?post=2654"},{"taxonomy":"product_tag","embeddable":true,"href":"https:\/\/voysanando.com\/index.php\/wp-json\/wp\/v2\/product_tag?post=2654"}],"curies":[{"name":"wp","href":"https:\/\/api.w.org\/{rel}","templated":true}]}}