{"id":2573,"date":"2023-12-07T10:51:21","date_gmt":"2023-12-07T13:51:21","guid":{"rendered":"https:\/\/voysanando.com\/?post_type=product&#038;p=2573"},"modified":"2025-01-21T10:38:08","modified_gmt":"2025-01-21T13:38:08","slug":"pack-tid","status":"publish","type":"product","link":"https:\/\/voysanando.com\/index.php\/producto\/pack-tid\/","title":{"rendered":"Pack TID &#8211; Trastorno identidad Disociativo (digital)"},"content":{"rendered":"<p><strong>Pack TID &#8211; Trastorno identidad Disociativo (producto digital)<\/strong><\/p>\n<p>Porque los (las\/les) tenemos en el coraz\u00f3n \u2665 Un pack especial para quienes viven con partes (\u00a1holi!)<\/p>\n<p>Incluye 4 Plantillas digitales. Puedes imprimirlas o trabajarlas en tus dispositivos electr\u00f3nicos como celular, tablet o computador<\/p>\n<ul>\n<li>BDA (Before, During and After)<\/li>\n<li>Seguimiento de Disociaci\u00f3n \/ Alters (2 P\u00e1ginas)<\/li>\n<li>Seguimiento de S\u00edntomas<\/li>\n<li>Estrategias de grounding<\/li>\n<\/ul>\n<p>Archivos Descargables e imprimibles, si buscas la versi\u00f3n en papel la puedes encontrar <a href=\"https:\/\/voysanando.com\/index.php\/producto\/pack-tid-envios-en-chile\/\">Aqu\u00ed<\/a><\/p>\n<p>Si necesitas alg\u00fan producto especial que no hayas encontrado aqu\u00ed, o tienes alguna idea maravillosa que se te acaba de ocurrir \u00a1Escr\u00edbenos a <a href=\"mailto:contacto@healingwithpaper.com\">contacto@healingwithpaper.com<\/a> o <a href=\"mailto:hola@voysanando.com\">hola@voysanando.com<\/a>! Estaremos encantadas de escuchar tu idea y hacerla realidad.<\/p>\n","protected":false},"excerpt":{"rendered":"<p><strong>Pack TID (trastorno identidad disociativo)<\/strong><\/p>\n<p>Archivos\u00a0<span style=\"font-size: 16px; font-style: normal; font-weight: 400;\">d<\/span><span style=\"font-size: 16px; font-style: normal; font-weight: 400;\">escargables e <\/span><span style=\"font-size: 16px;\">imprimibles por ustedes.<br \/>\nTambi\u00e9n pueden ser utilizados en Tablet con l\u00e1piz \u00f3ptico (Stylus)<\/span><\/p>\n","protected":false},"featured_media":2574,"comment_status":"open","ping_status":"closed","template":"","meta":{"om_disable_all_campaigns":false,"_uag_custom_page_level_css":"","_monsterinsights_skip_tracking":false,"_monsterinsights_sitenote_active":false,"_monsterinsights_sitenote_note":"","_monsterinsights_sitenote_category":0,"site-sidebar-layout":"default","site-content-layout":"","ast-site-content-layout":"default","site-content-style":"default","site-sidebar-style":"default","ast-global-header-display":"","ast-banner-title-visibility":"","ast-main-header-display":"","ast-hfb-above-header-display":"","ast-hfb-below-header-display":"","ast-hfb-mobile-header-display":"","site-post-title":"","ast-breadcrumbs-content":"","ast-featured-img":"","footer-sml-layout":"","ast-disable-related-posts":"","theme-transparent-header-meta":"default","adv-header-id-meta":"","stick-header-meta":"","header-above-stick-meta":"","header-main-stick-meta":"","header-below-stick-meta":"","astra-migrate-meta-layouts":"set","ast-page-background-enabled":"default","ast-page-background-meta":{"desktop":{"background-color":"var(--ast-global-color-4)","background-image":"","background-repeat":"repeat","background-position":"center center","background-size":"auto","background-attachment":"scroll","background-type":"","background-media":"","overlay-type":"","overlay-color":"","overlay-opacity":"","overlay-gradient":""},"tablet":{"background-color":"","background-image":"","background-repeat":"repeat","background-position":"center center","background-size":"auto","background-attachment":"scroll","background-type":"","background-media":"","overlay-type":"","overlay-color":"","overlay-opacity":"","overlay-gradient":""},"mobile":{"background-color":"","background-image":"","background-repeat":"repeat","background-position":"center center","background-size":"auto","background-attachment":"scroll","background-type":"","background-media":"","overlay-type":"","overlay-color":"","overlay-opacity":"","overlay-gradient":""}},"ast-content-background-meta":{"desktop":{"background-color":"var(--ast-global-color-5)","background-image":"","background-repeat":"repeat","background-position":"center center","background-size":"auto","background-attachment":"scroll","background-type":"","background-media":"","overlay-type":"","overlay-color":"","overlay-opacity":"","overlay-gradient":""},"tablet":{"background-color":"var(--ast-global-color-5)","background-image":"","background-repeat":"repeat","background-position":"center center","background-size":"auto","background-attachment":"scroll","background-type":"","background-media":"","overlay-type":"","overlay-color":"","overlay-opacity":"","overlay-gradient":""},"mobile":{"background-color":"var(--ast-global-color-5)","background-image":"","background-repeat":"repeat","background-position":"center center","background-size":"auto","background-attachment":"scroll","background-type":"","background-media":"","overlay-type":"","overlay-color":"","overlay-opacity":"","overlay-gradient":""}}},"product_brand":[],"product_cat":[76],"product_tag":[51,53,52,60,64],"class_list":{"0":"post-2573","1":"product","2":"type-product","3":"status-publish","4":"has-post-thumbnail","6":"product_cat-digitales","7":"product_tag-disociacion","8":"product_tag-psicoterapia","9":"product_tag-recursos-pacientes","10":"product_tag-sintomas","11":"product_tag-tid","12":"desktop-align-center","13":"tablet-align-left","14":"mobile-align-left","16":"first","17":"instock","18":"sale","19":"downloadable","20":"virtual","21":"taxable","22":"purchasable","23":"product-type-simple"},"aioseo_notices":[],"uagb_featured_image_src":{"full":["https:\/\/i0.wp.com\/voysanando.com\/wp-content\/uploads\/2023\/12\/4-PLANTILLAS.jpg?fit=1333%2C2000&ssl=1",1333,2000,false],"thumbnail":["https:\/\/i0.wp.com\/voysanando.com\/wp-content\/uploads\/2023\/12\/4-PLANTILLAS.jpg?resize=150%2C150&ssl=1",150,150,true],"medium":["https:\/\/i0.wp.com\/voysanando.com\/wp-content\/uploads\/2023\/12\/4-PLANTILLAS.jpg?fit=200%2C300&ssl=1",200,300,true],"medium_large":["https:\/\/i0.wp.com\/voysanando.com\/wp-content\/uploads\/2023\/12\/4-PLANTILLAS.jpg?fit=768%2C1152&ssl=1",768,1152,true],"large":["https:\/\/i0.wp.com\/voysanando.com\/wp-content\/uploads\/2023\/12\/4-PLANTILLAS.jpg?fit=682%2C1024&ssl=1",682,1024,true],"1536x1536":["https:\/\/i0.wp.com\/voysanando.com\/wp-content\/uploads\/2023\/12\/4-PLANTILLAS.jpg?fit=1024%2C1536&ssl=1",1024,1536,true],"2048x2048":["https:\/\/i0.wp.com\/voysanando.com\/wp-content\/uploads\/2023\/12\/4-PLANTILLAS.jpg?fit=1333%2C2000&ssl=1",1333,2000,true],"mailpoet_newsletter_max":["https:\/\/i0.wp.com\/voysanando.com\/wp-content\/uploads\/2023\/12\/4-PLANTILLAS.jpg?fit=1320%2C1980&ssl=1",1320,1980,true],"woocommerce_thumbnail":["https:\/\/i0.wp.com\/voysanando.com\/wp-content\/uploads\/2023\/12\/4-PLANTILLAS.jpg?resize=300%2C300&ssl=1",300,300,true],"woocommerce_single":["https:\/\/i0.wp.com\/voysanando.com\/wp-content\/uploads\/2023\/12\/4-PLANTILLAS.jpg?fit=600%2C900&ssl=1",600,900,true],"woocommerce_gallery_thumbnail":["https:\/\/i0.wp.com\/voysanando.com\/wp-content\/uploads\/2023\/12\/4-PLANTILLAS.jpg?resize=100%2C100&ssl=1",100,100,true]},"uagb_author_info":{"display_name":"user-voysanando","author_link":"https:\/\/voysanando.com\/index.php\/author\/"},"uagb_comment_info":0,"uagb_excerpt":"Pack TID (trastorno identidad disociativo) Archivos\u00a0descargables e imprimibles por ustedes. Tambi\u00e9n pueden ser utilizados en Tablet con l\u00e1piz \u00f3ptico (Stylus)","jetpack_sharing_enabled":true,"_links":{"self":[{"href":"https:\/\/voysanando.com\/index.php\/wp-json\/wp\/v2\/product\/2573","targetHints":{"allow":["GET"]}}],"collection":[{"href":"https:\/\/voysanando.com\/index.php\/wp-json\/wp\/v2\/product"}],"about":[{"href":"https:\/\/voysanando.com\/index.php\/wp-json\/wp\/v2\/types\/product"}],"replies":[{"embeddable":true,"href":"https:\/\/voysanando.com\/index.php\/wp-json\/wp\/v2\/comments?post=2573"}],"wp:featuredmedia":[{"embeddable":true,"href":"https:\/\/voysanando.com\/index.php\/wp-json\/wp\/v2\/media\/2574"}],"wp:attachment":[{"href":"https:\/\/voysanando.com\/index.php\/wp-json\/wp\/v2\/media?parent=2573"}],"wp:term":[{"taxonomy":"product_brand","embeddable":true,"href":"https:\/\/voysanando.com\/index.php\/wp-json\/wp\/v2\/product_brand?post=2573"},{"taxonomy":"product_cat","embeddable":true,"href":"https:\/\/voysanando.com\/index.php\/wp-json\/wp\/v2\/product_cat?post=2573"},{"taxonomy":"product_tag","embeddable":true,"href":"https:\/\/voysanando.com\/index.php\/wp-json\/wp\/v2\/product_tag?post=2573"}],"curies":[{"name":"wp","href":"https:\/\/api.w.org\/{rel}","templated":true}]}}