{"id":2566,"date":"2023-12-06T23:31:29","date_gmt":"2023-12-07T02:31:29","guid":{"rendered":"https:\/\/voysanando.com\/?post_type=product&#038;p=2566"},"modified":"2025-03-17T10:24:55","modified_gmt":"2025-03-17T13:24:55","slug":"pack-tid-envios-en-chile","status":"publish","type":"product","link":"https:\/\/voysanando.com\/index.php\/producto\/pack-tid-envios-en-chile\/","title":{"rendered":"Pack TID (Env\u00edos en Chile)"},"content":{"rendered":"<p><strong>Pack TID (trastorno identidad disociativo)<\/strong><\/p>\n<p>Porque los tenemos en el coraz\u00f3n \u2665 Un pack especial para quienes viven con partes<\/p>\n<p>Incluye 4 Talonarios tama\u00f1o A5<\/p>\n<ul>\n<li>BDA (before, during and after, para trabajar las fechas complicadas)<\/li>\n<li>Seguimiento de Disociaci\u00f3n \/ Alters (\u00a1aprende a usarlo con nosotras!)<\/li>\n<li>Seguimiento de S\u00edntomas (muy \u00fatil en el d\u00eda a d\u00eda)<\/li>\n<li>Grounding (estrategias b\u00e1sicas que te pueden ayudar mucho)<\/li>\n<\/ul>\n<p>Si buscas la versi\u00f3n digital, la puedes encontrar <strong><a href=\"https:\/\/voysanando.com\/index.php\/producto\/pack-tid\/\">Aqu\u00ed<\/a><\/strong><\/p>\n<p>Si necesitas alg\u00fan producto especial que no hayas encontrado aqu\u00ed, \u00a1Escr\u00edbenos a <a href=\"mailto:contacto@healingwithpaper.com\">contacto@healingwithpaper.com<\/a> o <a href=\"mailto:hola@voysanando.com\">hola@voysanando.com<\/a>! Estaremos encantadas de escuchar tu idea y hacerla realidad.<\/p>\n<p>No olvides que puedes elegir que sea para regalo. Av\u00edsanos a qui\u00e9n se la quieres regalar en <a href=\"mailto:hola@voysanando.com\">hola@voysanando.com<\/a> en las pr\u00f3ximas 12 horas despu\u00e9s de tu compra, y le haremos un detallito.<\/p>\n","protected":false},"excerpt":{"rendered":"<p>Pack TID (trastorno identidad disociativo)<\/p>\n<p>Incluye 4 Talonarios (\u00a1hermosos!) tama\u00f1o A5.<\/p>\n","protected":false},"featured_media":2567,"comment_status":"open","ping_status":"closed","template":"","meta":{"om_disable_all_campaigns":false,"_uag_custom_page_level_css":"","_monsterinsights_skip_tracking":false,"_monsterinsights_sitenote_active":false,"_monsterinsights_sitenote_note":"","_monsterinsights_sitenote_category":0,"site-sidebar-layout":"default","site-content-layout":"","ast-site-content-layout":"default","site-content-style":"default","site-sidebar-style":"default","ast-global-header-display":"","ast-banner-title-visibility":"","ast-main-header-display":"","ast-hfb-above-header-display":"","ast-hfb-below-header-display":"","ast-hfb-mobile-header-display":"","site-post-title":"","ast-breadcrumbs-content":"","ast-featured-img":"","footer-sml-layout":"","ast-disable-related-posts":"","theme-transparent-header-meta":"default","adv-header-id-meta":"","stick-header-meta":"","header-above-stick-meta":"","header-main-stick-meta":"","header-below-stick-meta":"","astra-migrate-meta-layouts":"set","ast-page-background-enabled":"default","ast-page-background-meta":{"desktop":{"background-color":"var(--ast-global-color-4)","background-image":"","background-repeat":"repeat","background-position":"center center","background-size":"auto","background-attachment":"scroll","background-type":"","background-media":"","overlay-type":"","overlay-color":"","overlay-opacity":"","overlay-gradient":""},"tablet":{"background-color":"","background-image":"","background-repeat":"repeat","background-position":"center center","background-size":"auto","background-attachment":"scroll","background-type":"","background-media":"","overlay-type":"","overlay-color":"","overlay-opacity":"","overlay-gradient":""},"mobile":{"background-color":"","background-image":"","background-repeat":"repeat","background-position":"center center","background-size":"auto","background-attachment":"scroll","background-type":"","background-media":"","overlay-type":"","overlay-color":"","overlay-opacity":"","overlay-gradient":""}},"ast-content-background-meta":{"desktop":{"background-color":"var(--ast-global-color-5)","background-image":"","background-repeat":"repeat","background-position":"center center","background-size":"auto","background-attachment":"scroll","background-type":"","background-media":"","overlay-type":"","overlay-color":"","overlay-opacity":"","overlay-gradient":""},"tablet":{"background-color":"var(--ast-global-color-5)","background-image":"","background-repeat":"repeat","background-position":"center center","background-size":"auto","background-attachment":"scroll","background-type":"","background-media":"","overlay-type":"","overlay-color":"","overlay-opacity":"","overlay-gradient":""},"mobile":{"background-color":"var(--ast-global-color-5)","background-image":"","background-repeat":"repeat","background-position":"center center","background-size":"auto","background-attachment":"scroll","background-type":"","background-media":"","overlay-type":"","overlay-color":"","overlay-opacity":"","overlay-gradient":""}}},"product_brand":[],"product_cat":[71],"product_tag":[51,53,52,60,64],"class_list":{"0":"post-2566","1":"product","2":"type-product","3":"status-publish","4":"has-post-thumbnail","6":"product_cat-fisicos","7":"product_tag-disociacion","8":"product_tag-psicoterapia","9":"product_tag-recursos-pacientes","10":"product_tag-sintomas","11":"product_tag-tid","12":"desktop-align-center","13":"tablet-align-left","14":"mobile-align-left","16":"first","17":"outofstock","18":"sale","19":"taxable","20":"shipping-taxable","21":"purchasable","22":"product-type-simple"},"aioseo_notices":[],"uagb_featured_image_src":{"full":["https:\/\/i0.wp.com\/voysanando.com\/wp-content\/uploads\/2023\/12\/PSX_20231206_232022-scaled.jpg?fit=2560%2C1899&ssl=1",2560,1899,false],"thumbnail":["https:\/\/i0.wp.com\/voysanando.com\/wp-content\/uploads\/2023\/12\/PSX_20231206_232022-scaled.jpg?resize=150%2C150&ssl=1",150,150,true],"medium":["https:\/\/i0.wp.com\/voysanando.com\/wp-content\/uploads\/2023\/12\/PSX_20231206_232022-scaled.jpg?fit=300%2C223&ssl=1",300,223,true],"medium_large":["https:\/\/i0.wp.com\/voysanando.com\/wp-content\/uploads\/2023\/12\/PSX_20231206_232022-scaled.jpg?fit=768%2C570&ssl=1",768,570,true],"large":["https:\/\/i0.wp.com\/voysanando.com\/wp-content\/uploads\/2023\/12\/PSX_20231206_232022-scaled.jpg?fit=1024%2C760&ssl=1",1024,760,true],"1536x1536":["https:\/\/i0.wp.com\/voysanando.com\/wp-content\/uploads\/2023\/12\/PSX_20231206_232022-scaled.jpg?fit=1536%2C1139&ssl=1",1536,1139,true],"2048x2048":["https:\/\/i0.wp.com\/voysanando.com\/wp-content\/uploads\/2023\/12\/PSX_20231206_232022-scaled.jpg?fit=2048%2C1519&ssl=1",2048,1519,true],"mailpoet_newsletter_max":["https:\/\/i0.wp.com\/voysanando.com\/wp-content\/uploads\/2023\/12\/PSX_20231206_232022-scaled.jpg?fit=1320%2C979&ssl=1",1320,979,true],"woocommerce_thumbnail":["https:\/\/i0.wp.com\/voysanando.com\/wp-content\/uploads\/2023\/12\/PSX_20231206_232022-scaled.jpg?resize=300%2C300&ssl=1",300,300,true],"woocommerce_single":["https:\/\/i0.wp.com\/voysanando.com\/wp-content\/uploads\/2023\/12\/PSX_20231206_232022-scaled.jpg?fit=600%2C445&ssl=1",600,445,true],"woocommerce_gallery_thumbnail":["https:\/\/i0.wp.com\/voysanando.com\/wp-content\/uploads\/2023\/12\/PSX_20231206_232022-scaled.jpg?resize=100%2C100&ssl=1",100,100,true]},"uagb_author_info":{"display_name":"user-voysanando","author_link":"https:\/\/voysanando.com\/index.php\/author\/"},"uagb_comment_info":0,"uagb_excerpt":"Pack TID (trastorno identidad disociativo) Incluye 4 Talonarios (\u00a1hermosos!) tama\u00f1o A5.","jetpack_sharing_enabled":true,"_links":{"self":[{"href":"https:\/\/voysanando.com\/index.php\/wp-json\/wp\/v2\/product\/2566","targetHints":{"allow":["GET"]}}],"collection":[{"href":"https:\/\/voysanando.com\/index.php\/wp-json\/wp\/v2\/product"}],"about":[{"href":"https:\/\/voysanando.com\/index.php\/wp-json\/wp\/v2\/types\/product"}],"replies":[{"embeddable":true,"href":"https:\/\/voysanando.com\/index.php\/wp-json\/wp\/v2\/comments?post=2566"}],"wp:featuredmedia":[{"embeddable":true,"href":"https:\/\/voysanando.com\/index.php\/wp-json\/wp\/v2\/media\/2567"}],"wp:attachment":[{"href":"https:\/\/voysanando.com\/index.php\/wp-json\/wp\/v2\/media?parent=2566"}],"wp:term":[{"taxonomy":"product_brand","embeddable":true,"href":"https:\/\/voysanando.com\/index.php\/wp-json\/wp\/v2\/product_brand?post=2566"},{"taxonomy":"product_cat","embeddable":true,"href":"https:\/\/voysanando.com\/index.php\/wp-json\/wp\/v2\/product_cat?post=2566"},{"taxonomy":"product_tag","embeddable":true,"href":"https:\/\/voysanando.com\/index.php\/wp-json\/wp\/v2\/product_tag?post=2566"}],"curies":[{"name":"wp","href":"https:\/\/api.w.org\/{rel}","templated":true}]}}