{"id":2564,"date":"2023-12-06T23:19:55","date_gmt":"2023-12-07T02:19:55","guid":{"rendered":"https:\/\/voysanando.com\/?post_type=product&#038;p=2564"},"modified":"2025-03-17T10:24:57","modified_gmt":"2025-03-17T13:24:57","slug":"pack-basico-envios-en-chile","status":"publish","type":"product","link":"https:\/\/voysanando.com\/index.php\/producto\/pack-basico-envios-en-chile\/","title":{"rendered":"Pack Fichas Psicol\u00f3gicas B\u00e1sicas (Env\u00edos en Chile)"},"content":{"rendered":"<p><strong>Pack Fichas Psicol\u00f3gicas B\u00e1sicas (Env\u00edos en Chile)<\/strong><\/p>\n<p>Pack para estudiantes o terapeutas que reci\u00e9n se inician, te ayudamos a hacer m\u00e1s f\u00e1cil (y bonito) tu trabajo con documentos importantes en tu consulta \u2665<\/p>\n<p>Incluye 5 Talonarios tama\u00f1o A4 y A5<\/p>\n<ul>\n<li>Epicrisis \/ Ingreso (ambos b\u00e1sicos en una misma hoja, por lado y lado)<\/li>\n<li>Ingreso Ampliada (8 p\u00e1ginas con todos los detalles!)<\/li>\n<li>Resumen Sesi\u00f3n (para que no se te olvide que quedaron)<\/li>\n<li>Seguimiento de F\u00e1rmacos (para ayudar a hacerle tracking a su terapia farmacol\u00f3gica)<\/li>\n<li>Seguimiento de S\u00edntomas (para ayudarle a hacer tracking de sus s\u00edntomas m\u00e1s complejos)<\/li>\n<\/ul>\n<p>Si necesitas alg\u00fan producto especial que no hayas encontrado aqu\u00ed, \u00a1Escr\u00edbenos a <a href=\"mailto:contacto@healingwithpaper.com\">contacto@healingwithpaper.com<\/a> o <a href=\"mailto:hola@voysanando.com\">hola@voysanando.com<\/a>! Estaremos encantadas de escuchar tu idea y hacerla realidad<\/p>\n<p>No olvides que puedes elegir que sea para regalo. Av\u00edsanos a qui\u00e9n se la quieres regalar en <a href=\"mailto:hola@voysanando.com\">hola@voysanando.com<\/a> en las pr\u00f3ximas 12 horas despu\u00e9s de tu compra, y le haremos un detallito.<\/p>\n","protected":false},"excerpt":{"rendered":"<p>Pack Fichas Psicol\u00f3gicas B\u00e1sicas (Env\u00edos en Chile)<\/p>\n<p>Papeler\u00eda para psic\u00f3logos.<\/p>\n<p>Incluye 5 Talonarios tama\u00f1o A4 y A5<\/p>\n","protected":false},"featured_media":2565,"comment_status":"open","ping_status":"closed","template":"","meta":{"om_disable_all_campaigns":false,"_uag_custom_page_level_css":"","_monsterinsights_skip_tracking":false,"_monsterinsights_sitenote_active":false,"_monsterinsights_sitenote_note":"","_monsterinsights_sitenote_category":0,"site-sidebar-layout":"default","site-content-layout":"","ast-site-content-layout":"default","site-content-style":"default","site-sidebar-style":"default","ast-global-header-display":"","ast-banner-title-visibility":"","ast-main-header-display":"","ast-hfb-above-header-display":"","ast-hfb-below-header-display":"","ast-hfb-mobile-header-display":"","site-post-title":"","ast-breadcrumbs-content":"","ast-featured-img":"","footer-sml-layout":"","ast-disable-related-posts":"","theme-transparent-header-meta":"default","adv-header-id-meta":"","stick-header-meta":"","header-above-stick-meta":"","header-main-stick-meta":"","header-below-stick-meta":"","astra-migrate-meta-layouts":"set","ast-page-background-enabled":"default","ast-page-background-meta":{"desktop":{"background-color":"var(--ast-global-color-4)","background-image":"","background-repeat":"repeat","background-position":"center center","background-size":"auto","background-attachment":"scroll","background-type":"","background-media":"","overlay-type":"","overlay-color":"","overlay-opacity":"","overlay-gradient":""},"tablet":{"background-color":"","background-image":"","background-repeat":"repeat","background-position":"center center","background-size":"auto","background-attachment":"scroll","background-type":"","background-media":"","overlay-type":"","overlay-color":"","overlay-opacity":"","overlay-gradient":""},"mobile":{"background-color":"","background-image":"","background-repeat":"repeat","background-position":"center center","background-size":"auto","background-attachment":"scroll","background-type":"","background-media":"","overlay-type":"","overlay-color":"","overlay-opacity":"","overlay-gradient":""}},"ast-content-background-meta":{"desktop":{"background-color":"var(--ast-global-color-5)","background-image":"","background-repeat":"repeat","background-position":"center center","background-size":"auto","background-attachment":"scroll","background-type":"","background-media":"","overlay-type":"","overlay-color":"","overlay-opacity":"","overlay-gradient":""},"tablet":{"background-color":"var(--ast-global-color-5)","background-image":"","background-repeat":"repeat","background-position":"center center","background-size":"auto","background-attachment":"scroll","background-type":"","background-media":"","overlay-type":"","overlay-color":"","overlay-opacity":"","overlay-gradient":""},"mobile":{"background-color":"var(--ast-global-color-5)","background-image":"","background-repeat":"repeat","background-position":"center center","background-size":"auto","background-attachment":"scroll","background-type":"","background-media":"","overlay-type":"","overlay-color":"","overlay-opacity":"","overlay-gradient":""}}},"product_brand":[],"product_cat":[71],"product_tag":[50,67,63,62,53,60,61],"class_list":{"0":"post-2564","1":"product","2":"type-product","3":"status-publish","4":"has-post-thumbnail","6":"product_cat-fisicos","7":"product_tag-administracion","8":"product_tag-farmacos","9":"product_tag-fichas","10":"product_tag-ingreso","11":"product_tag-psicoterapia","12":"product_tag-sintomas","13":"product_tag-terapeuta","14":"desktop-align-center","15":"tablet-align-left","16":"mobile-align-left","18":"first","19":"outofstock","20":"sale","21":"taxable","22":"shipping-taxable","23":"purchasable","24":"product-type-simple"},"aioseo_notices":[],"uagb_featured_image_src":{"full":["https:\/\/i0.wp.com\/voysanando.com\/wp-content\/uploads\/2023\/12\/PSX_20231206_231614-scaled.jpg?fit=2560%2C1783&ssl=1",2560,1783,false],"thumbnail":["https:\/\/i0.wp.com\/voysanando.com\/wp-content\/uploads\/2023\/12\/PSX_20231206_231614-scaled.jpg?resize=150%2C150&ssl=1",150,150,true],"medium":["https:\/\/i0.wp.com\/voysanando.com\/wp-content\/uploads\/2023\/12\/PSX_20231206_231614-scaled.jpg?fit=300%2C209&ssl=1",300,209,true],"medium_large":["https:\/\/i0.wp.com\/voysanando.com\/wp-content\/uploads\/2023\/12\/PSX_20231206_231614-scaled.jpg?fit=768%2C535&ssl=1",768,535,true],"large":["https:\/\/i0.wp.com\/voysanando.com\/wp-content\/uploads\/2023\/12\/PSX_20231206_231614-scaled.jpg?fit=1024%2C713&ssl=1",1024,713,true],"1536x1536":["https:\/\/i0.wp.com\/voysanando.com\/wp-content\/uploads\/2023\/12\/PSX_20231206_231614-scaled.jpg?fit=1536%2C1070&ssl=1",1536,1070,true],"2048x2048":["https:\/\/i0.wp.com\/voysanando.com\/wp-content\/uploads\/2023\/12\/PSX_20231206_231614-scaled.jpg?fit=2048%2C1427&ssl=1",2048,1427,true],"mailpoet_newsletter_max":["https:\/\/i0.wp.com\/voysanando.com\/wp-content\/uploads\/2023\/12\/PSX_20231206_231614-scaled.jpg?fit=1320%2C920&ssl=1",1320,920,true],"woocommerce_thumbnail":["https:\/\/i0.wp.com\/voysanando.com\/wp-content\/uploads\/2023\/12\/PSX_20231206_231614-scaled.jpg?resize=300%2C300&ssl=1",300,300,true],"woocommerce_single":["https:\/\/i0.wp.com\/voysanando.com\/wp-content\/uploads\/2023\/12\/PSX_20231206_231614-scaled.jpg?fit=600%2C418&ssl=1",600,418,true],"woocommerce_gallery_thumbnail":["https:\/\/i0.wp.com\/voysanando.com\/wp-content\/uploads\/2023\/12\/PSX_20231206_231614-scaled.jpg?resize=100%2C100&ssl=1",100,100,true]},"uagb_author_info":{"display_name":"user-voysanando","author_link":"https:\/\/voysanando.com\/index.php\/author\/"},"uagb_comment_info":0,"uagb_excerpt":"Pack Fichas Psicol\u00f3gicas B\u00e1sicas (Env\u00edos en Chile) Papeler\u00eda para psic\u00f3logos. Incluye 5 Talonarios tama\u00f1o A4 y A5","jetpack_sharing_enabled":true,"_links":{"self":[{"href":"https:\/\/voysanando.com\/index.php\/wp-json\/wp\/v2\/product\/2564","targetHints":{"allow":["GET"]}}],"collection":[{"href":"https:\/\/voysanando.com\/index.php\/wp-json\/wp\/v2\/product"}],"about":[{"href":"https:\/\/voysanando.com\/index.php\/wp-json\/wp\/v2\/types\/product"}],"replies":[{"embeddable":true,"href":"https:\/\/voysanando.com\/index.php\/wp-json\/wp\/v2\/comments?post=2564"}],"wp:featuredmedia":[{"embeddable":true,"href":"https:\/\/voysanando.com\/index.php\/wp-json\/wp\/v2\/media\/2565"}],"wp:attachment":[{"href":"https:\/\/voysanando.com\/index.php\/wp-json\/wp\/v2\/media?parent=2564"}],"wp:term":[{"taxonomy":"product_brand","embeddable":true,"href":"https:\/\/voysanando.com\/index.php\/wp-json\/wp\/v2\/product_brand?post=2564"},{"taxonomy":"product_cat","embeddable":true,"href":"https:\/\/voysanando.com\/index.php\/wp-json\/wp\/v2\/product_cat?post=2564"},{"taxonomy":"product_tag","embeddable":true,"href":"https:\/\/voysanando.com\/index.php\/wp-json\/wp\/v2\/product_tag?post=2564"}],"curies":[{"name":"wp","href":"https:\/\/api.w.org\/{rel}","templated":true}]}}