{"id":2541,"date":"2023-12-05T09:56:15","date_gmt":"2023-12-05T12:56:15","guid":{"rendered":"https:\/\/voysanando.com\/?post_type=product&#038;p=2541"},"modified":"2025-03-17T10:25:02","modified_gmt":"2025-03-17T13:25:02","slug":"bloc-seguimiento-de-farmacos","status":"publish","type":"product","link":"https:\/\/voysanando.com\/index.php\/producto\/bloc-seguimiento-de-farmacos\/","title":{"rendered":"Bloc Seguimiento de F\u00e1rmacos"},"content":{"rendered":"<h2>Seguimiento de f\u00e1rmacos para un tratamiento efectivo<\/h2>\n<p>El seguimiento de f\u00e1rmacos es una parte esencial de cualquier tratamiento m\u00e9dico. Ya sea que est\u00e9s tomando medicamentos recetados o buscando opciones de venta libre, es fundamental asegurarse de que est\u00e1s tomando los medicamentos adecuados en las dosis correctas y en los momentos adecuados.<\/p>\n<h3>Beneficios<\/h3>\n<p>El seguimiento adecuado de f\u00e1rmacos puede tener muchos beneficios. En primer lugar, te ayuda a asegurarte de que est\u00e1s tomando los medicamentos correctos y en las dosis correctas. Esto es especialmente importante si est\u00e1s tomando m\u00faltiples medicamentos o si tienes condiciones m\u00e9dicas complejas.<\/p>\n<p>Adem\u00e1s, el seguimiento de f\u00e1rmacos te permite evaluar la efectividad de tu tratamiento. Si los medicamentos no est\u00e1n funcionando como se esperaba, o presentas reacciones adversas, tu m\u00e9dico puede ajustar la dosis o cambiar a un medicamento diferente para lograr mejores resultados.<\/p>\n<p><strong>Bloc Seguimiento de F\u00e1rmacos<\/strong><\/p>\n<p>Ni los pacientes ni los terapeutas somos los expertos en f\u00e1rmacos, por eso le pedimos asesor\u00eda a un qu\u00edmico farmac\u00e9utico para ayudarte a llevar un adecuado seguimiento y control de tu tratamiento farmacol\u00f3gico, y le agregamos colores bonitos.<\/p>\n<p>Taco tama\u00f1o A5 con 12 hojas doble cara (24 P\u00e1ginas) Para aproximadamente 2 a\u00f1os de seguimiento.<\/p>\n<p>Si necesitas alg\u00fan producto especial que no hayas encontrado aqu\u00ed, \u00a1Escr\u00edbenos a <a href=\"mailto:contacto@healingwithpaper.com\">contacto@healingwithpaper.com<\/a> o <a href=\"mailto:hola@voysanando.com\">hola@voysanando.com<\/a>! Estaremos encantadas de escuchar tu idea y hacerla realidad<\/p>\n<p>No olvides que puedes elegir que sea para regalo. Av\u00edsanos a qui\u00e9n se la quieres regalar en <a href=\"mailto:hola@voysanando.com\">hola@voysanando.com<\/a> en las pr\u00f3ximas 12 horas despu\u00e9s de tu compra, y le haremos un detallito.<\/p>\n<p><a href=\"https:\/\/voysanando.com\/index.php\/producto\/seguimientos-farmacos\/\">Si buscas la versi\u00f3n digital haz clic aqu\u00ed<\/a><\/p>\n","protected":false},"excerpt":{"rendered":"<p><strong>Bloc Seguimiento de F\u00e1rmacos<\/strong><\/p>\n<p>Taco tama\u00f1o A5 con 12 hojas doble cara (24 P\u00e1ginas) Para aproximadamente 2 a\u00f1os de seguimiento.<\/p>\n<p>\u00a1Te va a encantar! Es pr\u00e1ctico para andar tray\u00e9ndolo y adem\u00e1s es muy bonito<\/p>\n","protected":false},"featured_media":2192,"comment_status":"open","ping_status":"closed","template":"","meta":{"om_disable_all_campaigns":false,"_uag_custom_page_level_css":"","_monsterinsights_skip_tracking":false,"_monsterinsights_sitenote_active":false,"_monsterinsights_sitenote_note":"","_monsterinsights_sitenote_category":0,"site-sidebar-layout":"default","site-content-layout":"","ast-site-content-layout":"default","site-content-style":"default","site-sidebar-style":"default","ast-global-header-display":"","ast-banner-title-visibility":"","ast-main-header-display":"","ast-hfb-above-header-display":"","ast-hfb-below-header-display":"","ast-hfb-mobile-header-display":"","site-post-title":"","ast-breadcrumbs-content":"","ast-featured-img":"","footer-sml-layout":"","ast-disable-related-posts":"","theme-transparent-header-meta":"default","adv-header-id-meta":"","stick-header-meta":"","header-above-stick-meta":"","header-main-stick-meta":"","header-below-stick-meta":"","astra-migrate-meta-layouts":"set","ast-page-background-enabled":"default","ast-page-background-meta":{"desktop":{"background-color":"var(--ast-global-color-4)","background-image":"","background-repeat":"repeat","background-position":"center center","background-size":"auto","background-attachment":"scroll","background-type":"","background-media":"","overlay-type":"","overlay-color":"","overlay-opacity":"","overlay-gradient":""},"tablet":{"background-color":"","background-image":"","background-repeat":"repeat","background-position":"center center","background-size":"auto","background-attachment":"scroll","background-type":"","background-media":"","overlay-type":"","overlay-color":"","overlay-opacity":"","overlay-gradient":""},"mobile":{"background-color":"","background-image":"","background-repeat":"repeat","background-position":"center center","background-size":"auto","background-attachment":"scroll","background-type":"","background-media":"","overlay-type":"","overlay-color":"","overlay-opacity":"","overlay-gradient":""}},"ast-content-background-meta":{"desktop":{"background-color":"var(--ast-global-color-5)","background-image":"","background-repeat":"repeat","background-position":"center center","background-size":"auto","background-attachment":"scroll","background-type":"","background-media":"","overlay-type":"","overlay-color":"","overlay-opacity":"","overlay-gradient":""},"tablet":{"background-color":"var(--ast-global-color-5)","background-image":"","background-repeat":"repeat","background-position":"center center","background-size":"auto","background-attachment":"scroll","background-type":"","background-media":"","overlay-type":"","overlay-color":"","overlay-opacity":"","overlay-gradient":""},"mobile":{"background-color":"var(--ast-global-color-5)","background-image":"","background-repeat":"repeat","background-position":"center center","background-size":"auto","background-attachment":"scroll","background-type":"","background-media":"","overlay-type":"","overlay-color":"","overlay-opacity":"","overlay-gradient":""}}},"product_brand":[],"product_cat":[71],"product_tag":[51,67,53,52,60,61,64],"class_list":{"0":"post-2541","1":"product","2":"type-product","3":"status-publish","4":"has-post-thumbnail","6":"product_cat-fisicos","7":"product_tag-disociacion","8":"product_tag-farmacos","9":"product_tag-psicoterapia","10":"product_tag-recursos-pacientes","11":"product_tag-sintomas","12":"product_tag-terapeuta","13":"product_tag-tid","14":"desktop-align-center","15":"tablet-align-left","16":"mobile-align-left","18":"first","19":"outofstock","20":"taxable","21":"shipping-taxable","22":"purchasable","23":"product-type-simple"},"aioseo_notices":[],"uagb_featured_image_src":{"full":["https:\/\/i0.wp.com\/voysanando.com\/wp-content\/uploads\/2023\/09\/Seguimiento-Farmacos_page-0001.jpg?fit=2481%2C1748&ssl=1",2481,1748,false],"thumbnail":["https:\/\/i0.wp.com\/voysanando.com\/wp-content\/uploads\/2023\/09\/Seguimiento-Farmacos_page-0001.jpg?resize=150%2C150&ssl=1",150,150,true],"medium":["https:\/\/i0.wp.com\/voysanando.com\/wp-content\/uploads\/2023\/09\/Seguimiento-Farmacos_page-0001.jpg?fit=300%2C211&ssl=1",300,211,true],"medium_large":["https:\/\/i0.wp.com\/voysanando.com\/wp-content\/uploads\/2023\/09\/Seguimiento-Farmacos_page-0001.jpg?fit=768%2C541&ssl=1",768,541,true],"large":["https:\/\/i0.wp.com\/voysanando.com\/wp-content\/uploads\/2023\/09\/Seguimiento-Farmacos_page-0001.jpg?fit=1024%2C721&ssl=1",1024,721,true],"1536x1536":["https:\/\/i0.wp.com\/voysanando.com\/wp-content\/uploads\/2023\/09\/Seguimiento-Farmacos_page-0001.jpg?fit=1536%2C1082&ssl=1",1536,1082,true],"2048x2048":["https:\/\/i0.wp.com\/voysanando.com\/wp-content\/uploads\/2023\/09\/Seguimiento-Farmacos_page-0001.jpg?fit=2048%2C1443&ssl=1",2048,1443,true],"mailpoet_newsletter_max":["https:\/\/i0.wp.com\/voysanando.com\/wp-content\/uploads\/2023\/09\/Seguimiento-Farmacos_page-0001.jpg?fit=1320%2C930&ssl=1",1320,930,true],"woocommerce_thumbnail":["https:\/\/i0.wp.com\/voysanando.com\/wp-content\/uploads\/2023\/09\/Seguimiento-Farmacos_page-0001.jpg?resize=300%2C300&ssl=1",300,300,true],"woocommerce_single":["https:\/\/i0.wp.com\/voysanando.com\/wp-content\/uploads\/2023\/09\/Seguimiento-Farmacos_page-0001.jpg?fit=600%2C423&ssl=1",600,423,true],"woocommerce_gallery_thumbnail":["https:\/\/i0.wp.com\/voysanando.com\/wp-content\/uploads\/2023\/09\/Seguimiento-Farmacos_page-0001.jpg?resize=100%2C100&ssl=1",100,100,true]},"uagb_author_info":{"display_name":"user-voysanando","author_link":"https:\/\/voysanando.com\/index.php\/author\/"},"uagb_comment_info":0,"uagb_excerpt":"Bloc Seguimiento de F\u00e1rmacos Taco tama\u00f1o A5 con 12 hojas doble cara (24 P\u00e1ginas) Para aproximadamente 2 a\u00f1os de seguimiento. \u00a1Te va a encantar! Es pr\u00e1ctico para andar tray\u00e9ndolo y adem\u00e1s es muy bonito","jetpack_sharing_enabled":true,"_links":{"self":[{"href":"https:\/\/voysanando.com\/index.php\/wp-json\/wp\/v2\/product\/2541","targetHints":{"allow":["GET"]}}],"collection":[{"href":"https:\/\/voysanando.com\/index.php\/wp-json\/wp\/v2\/product"}],"about":[{"href":"https:\/\/voysanando.com\/index.php\/wp-json\/wp\/v2\/types\/product"}],"replies":[{"embeddable":true,"href":"https:\/\/voysanando.com\/index.php\/wp-json\/wp\/v2\/comments?post=2541"}],"wp:featuredmedia":[{"embeddable":true,"href":"https:\/\/voysanando.com\/index.php\/wp-json\/wp\/v2\/media\/2192"}],"wp:attachment":[{"href":"https:\/\/voysanando.com\/index.php\/wp-json\/wp\/v2\/media?parent=2541"}],"wp:term":[{"taxonomy":"product_brand","embeddable":true,"href":"https:\/\/voysanando.com\/index.php\/wp-json\/wp\/v2\/product_brand?post=2541"},{"taxonomy":"product_cat","embeddable":true,"href":"https:\/\/voysanando.com\/index.php\/wp-json\/wp\/v2\/product_cat?post=2541"},{"taxonomy":"product_tag","embeddable":true,"href":"https:\/\/voysanando.com\/index.php\/wp-json\/wp\/v2\/product_tag?post=2541"}],"curies":[{"name":"wp","href":"https:\/\/api.w.org\/{rel}","templated":true}]}}