{"id":2522,"date":"2023-12-05T09:13:27","date_gmt":"2023-12-05T12:13:27","guid":{"rendered":"https:\/\/voysanando.com\/?post_type=product&#038;p=2522"},"modified":"2025-03-17T10:25:05","modified_gmt":"2025-03-17T13:25:05","slug":"bloc-finanzas-mensuales-basicas","status":"publish","type":"product","link":"https:\/\/voysanando.com\/index.php\/producto\/bloc-finanzas-mensuales-basicas\/","title":{"rendered":"Bloc Finanzas Mensuales B\u00e1sicas: Pago de Sesiones"},"content":{"rendered":"<p>Registra de manera clara y concisa los pagos de cada paciente y la emisi\u00f3n de sus respectivas boletas. Cuentas claras cuidan la relaci\u00f3n terap\u00e9utica \ud83d\ude42<\/p>\n<p>Esta plantilla te permitir\u00e1 llevar un registro de 4 boletas por mes para 21 pacientes por p\u00e1gina<\/p>\n<p>Taco tama\u00f1o A4 con 12 hojas para un a\u00f1o de seguimiento<\/p>\n<p>Si buscas las versiones digitales puedes encontrarlas en <a href=\"https:\/\/voysanando.com\/index.php\/producto\/finanzas-mensuales-basicas-producto-digital\/\">Pesos Chilenos<\/a> o en <a href=\"https:\/\/healingwithpaper.com\/index.php\/product\/finanzas-mensuales-basicas\/\">D\u00f3lares<\/a><\/p>\n","protected":false},"excerpt":{"rendered":"<p>Taco tama\u00f1o A4 con 12 hojas para un a\u00f1o de seguimiento<\/p>\n","protected":false},"featured_media":2240,"comment_status":"open","ping_status":"closed","template":"","meta":{"om_disable_all_campaigns":false,"_uag_custom_page_level_css":"","_monsterinsights_skip_tracking":false,"_monsterinsights_sitenote_active":false,"_monsterinsights_sitenote_note":"","_monsterinsights_sitenote_category":0,"site-sidebar-layout":"default","site-content-layout":"","ast-site-content-layout":"default","site-content-style":"default","site-sidebar-style":"default","ast-global-header-display":"","ast-banner-title-visibility":"","ast-main-header-display":"","ast-hfb-above-header-display":"","ast-hfb-below-header-display":"","ast-hfb-mobile-header-display":"","site-post-title":"","ast-breadcrumbs-content":"","ast-featured-img":"","footer-sml-layout":"","ast-disable-related-posts":"","theme-transparent-header-meta":"default","adv-header-id-meta":"","stick-header-meta":"","header-above-stick-meta":"","header-main-stick-meta":"","header-below-stick-meta":"","astra-migrate-meta-layouts":"set","ast-page-background-enabled":"default","ast-page-background-meta":{"desktop":{"background-color":"var(--ast-global-color-4)","background-image":"","background-repeat":"repeat","background-position":"center center","background-size":"auto","background-attachment":"scroll","background-type":"","background-media":"","overlay-type":"","overlay-color":"","overlay-opacity":"","overlay-gradient":""},"tablet":{"background-color":"","background-image":"","background-repeat":"repeat","background-position":"center center","background-size":"auto","background-attachment":"scroll","background-type":"","background-media":"","overlay-type":"","overlay-color":"","overlay-opacity":"","overlay-gradient":""},"mobile":{"background-color":"","background-image":"","background-repeat":"repeat","background-position":"center center","background-size":"auto","background-attachment":"scroll","background-type":"","background-media":"","overlay-type":"","overlay-color":"","overlay-opacity":"","overlay-gradient":""}},"ast-content-background-meta":{"desktop":{"background-color":"var(--ast-global-color-5)","background-image":"","background-repeat":"repeat","background-position":"center center","background-size":"auto","background-attachment":"scroll","background-type":"","background-media":"","overlay-type":"","overlay-color":"","overlay-opacity":"","overlay-gradient":""},"tablet":{"background-color":"var(--ast-global-color-5)","background-image":"","background-repeat":"repeat","background-position":"center center","background-size":"auto","background-attachment":"scroll","background-type":"","background-media":"","overlay-type":"","overlay-color":"","overlay-opacity":"","overlay-gradient":""},"mobile":{"background-color":"var(--ast-global-color-5)","background-image":"","background-repeat":"repeat","background-position":"center center","background-size":"auto","background-attachment":"scroll","background-type":"","background-media":"","overlay-type":"","overlay-color":"","overlay-opacity":"","overlay-gradient":""}}},"product_brand":[],"product_cat":[71],"product_tag":[50,53,61,49],"class_list":{"0":"post-2522","1":"product","2":"type-product","3":"status-publish","4":"has-post-thumbnail","6":"product_cat-fisicos","7":"product_tag-administracion","8":"product_tag-psicoterapia","9":"product_tag-terapeuta","10":"product_tag-terapia-emdr","11":"desktop-align-center","12":"tablet-align-left","13":"mobile-align-left","15":"first","16":"outofstock","17":"taxable","18":"shipping-taxable","19":"purchasable","20":"product-type-simple"},"aioseo_notices":[],"uagb_featured_image_src":{"full":["https:\/\/i0.wp.com\/voysanando.com\/wp-content\/uploads\/2023\/09\/Finanzas-mensuales-basica_page-0001.jpg?fit=1650%2C1275&ssl=1",1650,1275,false],"thumbnail":["https:\/\/i0.wp.com\/voysanando.com\/wp-content\/uploads\/2023\/09\/Finanzas-mensuales-basica_page-0001.jpg?resize=150%2C150&ssl=1",150,150,true],"medium":["https:\/\/i0.wp.com\/voysanando.com\/wp-content\/uploads\/2023\/09\/Finanzas-mensuales-basica_page-0001.jpg?fit=300%2C232&ssl=1",300,232,true],"medium_large":["https:\/\/i0.wp.com\/voysanando.com\/wp-content\/uploads\/2023\/09\/Finanzas-mensuales-basica_page-0001.jpg?fit=768%2C593&ssl=1",768,593,true],"large":["https:\/\/i0.wp.com\/voysanando.com\/wp-content\/uploads\/2023\/09\/Finanzas-mensuales-basica_page-0001.jpg?fit=1024%2C791&ssl=1",1024,791,true],"1536x1536":["https:\/\/i0.wp.com\/voysanando.com\/wp-content\/uploads\/2023\/09\/Finanzas-mensuales-basica_page-0001.jpg?fit=1536%2C1187&ssl=1",1536,1187,true],"2048x2048":["https:\/\/i0.wp.com\/voysanando.com\/wp-content\/uploads\/2023\/09\/Finanzas-mensuales-basica_page-0001.jpg?fit=1650%2C1275&ssl=1",1650,1275,true],"mailpoet_newsletter_max":["https:\/\/i0.wp.com\/voysanando.com\/wp-content\/uploads\/2023\/09\/Finanzas-mensuales-basica_page-0001.jpg?fit=1320%2C1020&ssl=1",1320,1020,true],"woocommerce_thumbnail":["https:\/\/i0.wp.com\/voysanando.com\/wp-content\/uploads\/2023\/09\/Finanzas-mensuales-basica_page-0001.jpg?resize=300%2C300&ssl=1",300,300,true],"woocommerce_single":["https:\/\/i0.wp.com\/voysanando.com\/wp-content\/uploads\/2023\/09\/Finanzas-mensuales-basica_page-0001.jpg?fit=600%2C464&ssl=1",600,464,true],"woocommerce_gallery_thumbnail":["https:\/\/i0.wp.com\/voysanando.com\/wp-content\/uploads\/2023\/09\/Finanzas-mensuales-basica_page-0001.jpg?resize=100%2C100&ssl=1",100,100,true]},"uagb_author_info":{"display_name":"user-voysanando","author_link":"https:\/\/voysanando.com\/index.php\/author\/"},"uagb_comment_info":0,"uagb_excerpt":"Taco tama\u00f1o A4 con 12 hojas para un a\u00f1o de seguimiento","jetpack_sharing_enabled":true,"_links":{"self":[{"href":"https:\/\/voysanando.com\/index.php\/wp-json\/wp\/v2\/product\/2522","targetHints":{"allow":["GET"]}}],"collection":[{"href":"https:\/\/voysanando.com\/index.php\/wp-json\/wp\/v2\/product"}],"about":[{"href":"https:\/\/voysanando.com\/index.php\/wp-json\/wp\/v2\/types\/product"}],"replies":[{"embeddable":true,"href":"https:\/\/voysanando.com\/index.php\/wp-json\/wp\/v2\/comments?post=2522"}],"wp:featuredmedia":[{"embeddable":true,"href":"https:\/\/voysanando.com\/index.php\/wp-json\/wp\/v2\/media\/2240"}],"wp:attachment":[{"href":"https:\/\/voysanando.com\/index.php\/wp-json\/wp\/v2\/media?parent=2522"}],"wp:term":[{"taxonomy":"product_brand","embeddable":true,"href":"https:\/\/voysanando.com\/index.php\/wp-json\/wp\/v2\/product_brand?post=2522"},{"taxonomy":"product_cat","embeddable":true,"href":"https:\/\/voysanando.com\/index.php\/wp-json\/wp\/v2\/product_cat?post=2522"},{"taxonomy":"product_tag","embeddable":true,"href":"https:\/\/voysanando.com\/index.php\/wp-json\/wp\/v2\/product_tag?post=2522"}],"curies":[{"name":"wp","href":"https:\/\/api.w.org\/{rel}","templated":true}]}}