{"id":2504,"date":"2023-12-04T20:59:36","date_gmt":"2023-12-04T23:59:36","guid":{"rendered":"https:\/\/voysanando.com\/?post_type=product&#038;p=2504"},"modified":"2024-02-07T11:50:48","modified_gmt":"2024-02-07T14:50:48","slug":"bloc-notas-resumen-tratamiento-emdr","status":"publish","type":"product","link":"https:\/\/voysanando.com\/index.php\/producto\/bloc-notas-resumen-tratamiento-emdr\/","title":{"rendered":"Bloc Notas Resumen Tratamiento EMDR"},"content":{"rendered":"<p>Dirigido a terapeutas EMDR que necesiten hacer seguimiento de cada intervenci\u00f3n terap\u00e9utica enfocada en el reprocesamiento, f\u00e1cil de usar, talonario de 30 p\u00e1ginas simil tama\u00f1o A4.<\/p>\n","protected":false},"excerpt":{"rendered":"<p>Taco de 30 p\u00e1ginas simples simil tama\u00f1o A4<\/p>\n","protected":false},"featured_media":2166,"comment_status":"open","ping_status":"closed","template":"","meta":{"om_disable_all_campaigns":false,"_uag_custom_page_level_css":"","_monsterinsights_skip_tracking":false,"_monsterinsights_sitenote_active":false,"_monsterinsights_sitenote_note":"","_monsterinsights_sitenote_category":0,"site-sidebar-layout":"default","site-content-layout":"","ast-site-content-layout":"default","site-content-style":"default","site-sidebar-style":"default","ast-global-header-display":"","ast-banner-title-visibility":"","ast-main-header-display":"","ast-hfb-above-header-display":"","ast-hfb-below-header-display":"","ast-hfb-mobile-header-display":"","site-post-title":"","ast-breadcrumbs-content":"","ast-featured-img":"","footer-sml-layout":"","ast-disable-related-posts":"","theme-transparent-header-meta":"default","adv-header-id-meta":"","stick-header-meta":"","header-above-stick-meta":"","header-main-stick-meta":"","header-below-stick-meta":"","astra-migrate-meta-layouts":"set","ast-page-background-enabled":"default","ast-page-background-meta":{"desktop":{"background-color":"var(--ast-global-color-4)","background-image":"","background-repeat":"repeat","background-position":"center center","background-size":"auto","background-attachment":"scroll","background-type":"","background-media":"","overlay-type":"","overlay-color":"","overlay-opacity":"","overlay-gradient":""},"tablet":{"background-color":"","background-image":"","background-repeat":"repeat","background-position":"center center","background-size":"auto","background-attachment":"scroll","background-type":"","background-media":"","overlay-type":"","overlay-color":"","overlay-opacity":"","overlay-gradient":""},"mobile":{"background-color":"","background-image":"","background-repeat":"repeat","background-position":"center center","background-size":"auto","background-attachment":"scroll","background-type":"","background-media":"","overlay-type":"","overlay-color":"","overlay-opacity":"","overlay-gradient":""}},"ast-content-background-meta":{"desktop":{"background-color":"var(--ast-global-color-5)","background-image":"","background-repeat":"repeat","background-position":"center center","background-size":"auto","background-attachment":"scroll","background-type":"","background-media":"","overlay-type":"","overlay-color":"","overlay-opacity":"","overlay-gradient":""},"tablet":{"background-color":"var(--ast-global-color-5)","background-image":"","background-repeat":"repeat","background-position":"center center","background-size":"auto","background-attachment":"scroll","background-type":"","background-media":"","overlay-type":"","overlay-color":"","overlay-opacity":"","overlay-gradient":""},"mobile":{"background-color":"var(--ast-global-color-5)","background-image":"","background-repeat":"repeat","background-position":"center center","background-size":"auto","background-attachment":"scroll","background-type":"","background-media":"","overlay-type":"","overlay-color":"","overlay-opacity":"","overlay-gradient":""}}},"product_brand":[],"product_cat":[71],"product_tag":[51,63,53,61,49,64],"class_list":{"0":"post-2504","1":"product","2":"type-product","3":"status-publish","4":"has-post-thumbnail","6":"product_cat-fisicos","7":"product_tag-disociacion","8":"product_tag-fichas","9":"product_tag-psicoterapia","10":"product_tag-terapeuta","11":"product_tag-terapia-emdr","12":"product_tag-tid","13":"desktop-align-center","14":"tablet-align-left","15":"mobile-align-left","17":"first","18":"instock","19":"taxable","20":"shipping-taxable","21":"purchasable","22":"product-type-simple"},"aioseo_notices":[],"uagb_featured_image_src":{"full":["https:\/\/i0.wp.com\/voysanando.com\/wp-content\/uploads\/2023\/09\/Nota-resumen-de-tratamiento-EMDR-wm-scaled.jpg?fit=1810%2C2560&ssl=1",1810,2560,false],"thumbnail":["https:\/\/i0.wp.com\/voysanando.com\/wp-content\/uploads\/2023\/09\/Nota-resumen-de-tratamiento-EMDR-wm-scaled.jpg?resize=150%2C150&ssl=1",150,150,true],"medium":["https:\/\/i0.wp.com\/voysanando.com\/wp-content\/uploads\/2023\/09\/Nota-resumen-de-tratamiento-EMDR-wm-scaled.jpg?fit=212%2C300&ssl=1",212,300,true],"medium_large":["https:\/\/i0.wp.com\/voysanando.com\/wp-content\/uploads\/2023\/09\/Nota-resumen-de-tratamiento-EMDR-wm-scaled.jpg?fit=768%2C1086&ssl=1",768,1086,true],"large":["https:\/\/i0.wp.com\/voysanando.com\/wp-content\/uploads\/2023\/09\/Nota-resumen-de-tratamiento-EMDR-wm-scaled.jpg?fit=724%2C1024&ssl=1",724,1024,true],"1536x1536":["https:\/\/i0.wp.com\/voysanando.com\/wp-content\/uploads\/2023\/09\/Nota-resumen-de-tratamiento-EMDR-wm-scaled.jpg?fit=1086%2C1536&ssl=1",1086,1536,true],"2048x2048":["https:\/\/i0.wp.com\/voysanando.com\/wp-content\/uploads\/2023\/09\/Nota-resumen-de-tratamiento-EMDR-wm-scaled.jpg?fit=1448%2C2048&ssl=1",1448,2048,true],"mailpoet_newsletter_max":["https:\/\/i0.wp.com\/voysanando.com\/wp-content\/uploads\/2023\/09\/Nota-resumen-de-tratamiento-EMDR-wm-scaled.jpg?fit=1320%2C1867&ssl=1",1320,1867,true],"woocommerce_thumbnail":["https:\/\/i0.wp.com\/voysanando.com\/wp-content\/uploads\/2023\/09\/Nota-resumen-de-tratamiento-EMDR-wm-scaled.jpg?resize=300%2C300&ssl=1",300,300,true],"woocommerce_single":["https:\/\/i0.wp.com\/voysanando.com\/wp-content\/uploads\/2023\/09\/Nota-resumen-de-tratamiento-EMDR-wm-scaled.jpg?fit=600%2C849&ssl=1",600,849,true],"woocommerce_gallery_thumbnail":["https:\/\/i0.wp.com\/voysanando.com\/wp-content\/uploads\/2023\/09\/Nota-resumen-de-tratamiento-EMDR-wm-scaled.jpg?resize=100%2C100&ssl=1",100,100,true]},"uagb_author_info":{"display_name":"user-voysanando","author_link":"https:\/\/voysanando.com\/index.php\/author\/"},"uagb_comment_info":0,"uagb_excerpt":"Taco de 30 p\u00e1ginas simples simil tama\u00f1o A4","jetpack_sharing_enabled":true,"_links":{"self":[{"href":"https:\/\/voysanando.com\/index.php\/wp-json\/wp\/v2\/product\/2504","targetHints":{"allow":["GET"]}}],"collection":[{"href":"https:\/\/voysanando.com\/index.php\/wp-json\/wp\/v2\/product"}],"about":[{"href":"https:\/\/voysanando.com\/index.php\/wp-json\/wp\/v2\/types\/product"}],"replies":[{"embeddable":true,"href":"https:\/\/voysanando.com\/index.php\/wp-json\/wp\/v2\/comments?post=2504"}],"wp:featuredmedia":[{"embeddable":true,"href":"https:\/\/voysanando.com\/index.php\/wp-json\/wp\/v2\/media\/2166"}],"wp:attachment":[{"href":"https:\/\/voysanando.com\/index.php\/wp-json\/wp\/v2\/media?parent=2504"}],"wp:term":[{"taxonomy":"product_brand","embeddable":true,"href":"https:\/\/voysanando.com\/index.php\/wp-json\/wp\/v2\/product_brand?post=2504"},{"taxonomy":"product_cat","embeddable":true,"href":"https:\/\/voysanando.com\/index.php\/wp-json\/wp\/v2\/product_cat?post=2504"},{"taxonomy":"product_tag","embeddable":true,"href":"https:\/\/voysanando.com\/index.php\/wp-json\/wp\/v2\/product_tag?post=2504"}],"curies":[{"name":"wp","href":"https:\/\/api.w.org\/{rel}","templated":true}]}}