{"id":2482,"date":"2023-12-04T12:01:52","date_gmt":"2023-12-04T15:01:52","guid":{"rendered":"https:\/\/voysanando.com\/?post_type=product&#038;p=2482"},"modified":"2024-06-06T17:31:30","modified_gmt":"2024-06-06T21:31:30","slug":"bloc-seguimiento-de-sintomas-a5","status":"publish","type":"product","link":"https:\/\/voysanando.com\/index.php\/producto\/bloc-seguimiento-de-sintomas-a5\/","title":{"rendered":"Bloc Seguimiento de S\u00edntomas A5"},"content":{"rendered":"<h2>Una forma sencilla de hacer un seguimiento de tus s\u00edntomas<\/h2>\n<p>\u00bfTe gustar\u00eda tener una manera f\u00e1cil y organizada de registrar tus s\u00edntomas? Nuestra planilla de seguimiento de s\u00edntomas es la soluci\u00f3n perfecta para ti. Con esta herramienta, podr\u00e1s llevar un registro detallado de c\u00f3mo te sientes d\u00eda a d\u00eda sin ser intrusivo ni pedir mucho detalle, sabemos que muchas veces no quieres andar contando cu\u00e1ntas veces al d\u00eda te sentiste mal, as\u00ed que con un simple ticket o cruz marca si el malestar estuvo presente.<\/p>\n<h2>Analiza tus s\u00edntomas a lo largo del tiempo<\/h2>\n<p>Una de las ventajas de utilizar nuestra planilla de seguimiento de s\u00edntomas es que podr\u00e1s analizar tus s\u00edntomas a lo largo del tiempo. Podr\u00e1s identificar patrones y tendencias, lo que te ayudar\u00e1 a entender mejor tu condici\u00f3n y tomar decisiones informadas sobre tu salud. Adem\u00e1s, cuando tu m\u00e9dico o terapeuta te pregunte \u00bfC\u00f3mo has estado? \u00a1Ya no tienes que mentir y decir que bien! \ud83d\ude00 puedes mostrarle tus s\u00edntomas m\u00e1s recientes de manera clara y ordenada.<\/p>\n<p>No esperes m\u00e1s y comienza a hacer un seguimiento efectivo de tus s\u00edntomas con nuestra planilla. \u00a1Desc\u00e1rgala ahora y empieza a cuidar de tu salud de manera m\u00e1s organizada y eficiente!<\/p>\n<p>Recibir\u00e1s un taco tama\u00f1o A5 con 12 hojas doble cara que permite hacer seguimiento por hasta 96 semanas, el material es de alta calidad, con una base de cart\u00f3n forrado y hojas gruesas (106grs).<\/p>\n<p><a href=\"https:\/\/voysanando.com\/index.php\/producto\/seguimiento-sintomas\/\">Encuentra aqu\u00ed la versi\u00f3n digital<\/a><\/p>\n","protected":false},"excerpt":{"rendered":"<p>Taco tama\u00f1o A5 de 24 P\u00e1ginas (12 hojas) para 96 semanas de seguimiento<\/p>\n","protected":false},"featured_media":2180,"comment_status":"open","ping_status":"closed","template":"","meta":{"om_disable_all_campaigns":false,"_uag_custom_page_level_css":"","_monsterinsights_skip_tracking":false,"_monsterinsights_sitenote_active":false,"_monsterinsights_sitenote_note":"","_monsterinsights_sitenote_category":0,"site-sidebar-layout":"default","site-content-layout":"","ast-site-content-layout":"default","site-content-style":"default","site-sidebar-style":"default","ast-global-header-display":"","ast-banner-title-visibility":"","ast-main-header-display":"","ast-hfb-above-header-display":"","ast-hfb-below-header-display":"","ast-hfb-mobile-header-display":"","site-post-title":"","ast-breadcrumbs-content":"","ast-featured-img":"","footer-sml-layout":"","ast-disable-related-posts":"","theme-transparent-header-meta":"default","adv-header-id-meta":"","stick-header-meta":"","header-above-stick-meta":"","header-main-stick-meta":"","header-below-stick-meta":"","astra-migrate-meta-layouts":"set","ast-page-background-enabled":"default","ast-page-background-meta":{"desktop":{"background-color":"var(--ast-global-color-4)","background-image":"","background-repeat":"repeat","background-position":"center center","background-size":"auto","background-attachment":"scroll","background-type":"","background-media":"","overlay-type":"","overlay-color":"","overlay-opacity":"","overlay-gradient":""},"tablet":{"background-color":"","background-image":"","background-repeat":"repeat","background-position":"center center","background-size":"auto","background-attachment":"scroll","background-type":"","background-media":"","overlay-type":"","overlay-color":"","overlay-opacity":"","overlay-gradient":""},"mobile":{"background-color":"","background-image":"","background-repeat":"repeat","background-position":"center center","background-size":"auto","background-attachment":"scroll","background-type":"","background-media":"","overlay-type":"","overlay-color":"","overlay-opacity":"","overlay-gradient":""}},"ast-content-background-meta":{"desktop":{"background-color":"var(--ast-global-color-5)","background-image":"","background-repeat":"repeat","background-position":"center center","background-size":"auto","background-attachment":"scroll","background-type":"","background-media":"","overlay-type":"","overlay-color":"","overlay-opacity":"","overlay-gradient":""},"tablet":{"background-color":"var(--ast-global-color-5)","background-image":"","background-repeat":"repeat","background-position":"center center","background-size":"auto","background-attachment":"scroll","background-type":"","background-media":"","overlay-type":"","overlay-color":"","overlay-opacity":"","overlay-gradient":""},"mobile":{"background-color":"var(--ast-global-color-5)","background-image":"","background-repeat":"repeat","background-position":"center center","background-size":"auto","background-attachment":"scroll","background-type":"","background-media":"","overlay-type":"","overlay-color":"","overlay-opacity":"","overlay-gradient":""}}},"product_brand":[],"product_cat":[71],"product_tag":[55,53,52,60],"class_list":{"0":"post-2482","1":"product","2":"type-product","3":"status-publish","4":"has-post-thumbnail","6":"product_cat-fisicos","7":"product_tag-infancias","8":"product_tag-psicoterapia","9":"product_tag-recursos-pacientes","10":"product_tag-sintomas","11":"desktop-align-center","12":"tablet-align-left","13":"mobile-align-left","15":"first","16":"instock","17":"taxable","18":"shipping-taxable","19":"purchasable","20":"product-type-simple"},"aioseo_notices":[],"uagb_featured_image_src":{"full":["https:\/\/i0.wp.com\/voysanando.com\/wp-content\/uploads\/2023\/09\/Seguimiento-de-sintomas-wm_page-0001.jpg?fit=2481%2C1748&ssl=1",2481,1748,false],"thumbnail":["https:\/\/i0.wp.com\/voysanando.com\/wp-content\/uploads\/2023\/09\/Seguimiento-de-sintomas-wm_page-0001.jpg?resize=150%2C150&ssl=1",150,150,true],"medium":["https:\/\/i0.wp.com\/voysanando.com\/wp-content\/uploads\/2023\/09\/Seguimiento-de-sintomas-wm_page-0001.jpg?fit=300%2C211&ssl=1",300,211,true],"medium_large":["https:\/\/i0.wp.com\/voysanando.com\/wp-content\/uploads\/2023\/09\/Seguimiento-de-sintomas-wm_page-0001.jpg?fit=768%2C541&ssl=1",768,541,true],"large":["https:\/\/i0.wp.com\/voysanando.com\/wp-content\/uploads\/2023\/09\/Seguimiento-de-sintomas-wm_page-0001.jpg?fit=1024%2C721&ssl=1",1024,721,true],"1536x1536":["https:\/\/i0.wp.com\/voysanando.com\/wp-content\/uploads\/2023\/09\/Seguimiento-de-sintomas-wm_page-0001.jpg?fit=1536%2C1082&ssl=1",1536,1082,true],"2048x2048":["https:\/\/i0.wp.com\/voysanando.com\/wp-content\/uploads\/2023\/09\/Seguimiento-de-sintomas-wm_page-0001.jpg?fit=2048%2C1443&ssl=1",2048,1443,true],"mailpoet_newsletter_max":["https:\/\/i0.wp.com\/voysanando.com\/wp-content\/uploads\/2023\/09\/Seguimiento-de-sintomas-wm_page-0001.jpg?fit=1320%2C930&ssl=1",1320,930,true],"woocommerce_thumbnail":["https:\/\/i0.wp.com\/voysanando.com\/wp-content\/uploads\/2023\/09\/Seguimiento-de-sintomas-wm_page-0001.jpg?resize=300%2C300&ssl=1",300,300,true],"woocommerce_single":["https:\/\/i0.wp.com\/voysanando.com\/wp-content\/uploads\/2023\/09\/Seguimiento-de-sintomas-wm_page-0001.jpg?fit=600%2C423&ssl=1",600,423,true],"woocommerce_gallery_thumbnail":["https:\/\/i0.wp.com\/voysanando.com\/wp-content\/uploads\/2023\/09\/Seguimiento-de-sintomas-wm_page-0001.jpg?resize=100%2C100&ssl=1",100,100,true]},"uagb_author_info":{"display_name":"user-voysanando","author_link":"https:\/\/voysanando.com\/index.php\/author\/"},"uagb_comment_info":0,"uagb_excerpt":"Taco tama\u00f1o A5 de 24 P\u00e1ginas (12 hojas) para 96 semanas de seguimiento","jetpack_sharing_enabled":true,"_links":{"self":[{"href":"https:\/\/voysanando.com\/index.php\/wp-json\/wp\/v2\/product\/2482","targetHints":{"allow":["GET"]}}],"collection":[{"href":"https:\/\/voysanando.com\/index.php\/wp-json\/wp\/v2\/product"}],"about":[{"href":"https:\/\/voysanando.com\/index.php\/wp-json\/wp\/v2\/types\/product"}],"replies":[{"embeddable":true,"href":"https:\/\/voysanando.com\/index.php\/wp-json\/wp\/v2\/comments?post=2482"}],"wp:featuredmedia":[{"embeddable":true,"href":"https:\/\/voysanando.com\/index.php\/wp-json\/wp\/v2\/media\/2180"}],"wp:attachment":[{"href":"https:\/\/voysanando.com\/index.php\/wp-json\/wp\/v2\/media?parent=2482"}],"wp:term":[{"taxonomy":"product_brand","embeddable":true,"href":"https:\/\/voysanando.com\/index.php\/wp-json\/wp\/v2\/product_brand?post=2482"},{"taxonomy":"product_cat","embeddable":true,"href":"https:\/\/voysanando.com\/index.php\/wp-json\/wp\/v2\/product_cat?post=2482"},{"taxonomy":"product_tag","embeddable":true,"href":"https:\/\/voysanando.com\/index.php\/wp-json\/wp\/v2\/product_tag?post=2482"}],"curies":[{"name":"wp","href":"https:\/\/api.w.org\/{rel}","templated":true}]}}