{"id":1714,"date":"2023-09-04T15:28:45","date_gmt":"2023-09-04T13:28:45","guid":{"rendered":"https:\/\/voysanando.com\/?post_type=product&#038;p=1714"},"modified":"2025-01-13T11:52:36","modified_gmt":"2025-01-13T14:52:36","slug":"grouding","status":"publish","type":"product","link":"https:\/\/voysanando.com\/index.php\/producto\/grouding\/","title":{"rendered":"Grounding (Producto Digital)"},"content":{"rendered":"<p>No te vayas al mundo interno en momentos inesperados, usa esta sencilla t\u00e9cnica de grounding, incluye un espacio para escribir, as\u00ed puedes fingir ser una persona muy interesante y ocupada.<\/p>\n<p>El grounding es una t\u00e9cnica que nos ayuda a conectarnos con el presente y a calmar nuestra mente. Consiste en enfocar nuestra atenci\u00f3n en nuestros cinco sentidos para traer nuestra conciencia al momento presente. Esta gu\u00eda te ayudar\u00e1 a practicar el grounding utilizando cada uno de tus cinco sentidos.<\/p>\n<h2>Vista<\/h2>\n<p>Busca un objeto a tu alrededor y obs\u00e9rvalo detenidamente. Presta atenci\u00f3n a los detalles, los colores y las formas. T\u00f3mate un momento para apreciar la belleza de lo que est\u00e1s viendo.<\/p>\n<h2>O\u00eddo<\/h2>\n<p>Escucha los sonidos que te rodean. Cierra los ojos y presta atenci\u00f3n a los sonidos lejanos y cercanos. Puedes enfocarte en el sonido del viento, de los p\u00e1jaros o de la m\u00fasica suave. Perm\u00edtete sumergirte en el mundo sonoro a tu alrededor.<\/p>\n<h2>Olfato<\/h2>\n<p>Conc\u00e9ntrate en los olores que te rodean. Respira profundamente y percibe los diferentes aromas. Puedes oler las flores, el caf\u00e9 o cualquier otro aroma que te resulte agradable. Disfruta de los diferentes olores y c\u00f3mo te hacen sentir.<\/p>\n<h2>Gusto<\/h2>\n<p>Saborea algo que te guste. Puedes tomar un sorbo de tu bebida favorita o comer algo que te resulte placentero. Perm\u00edtete disfrutar de cada sabor y de c\u00f3mo se siente en tu boca.<\/p>\n<h2>Tacto<\/h2>\n<p>Conc\u00e9ntrate en las sensaciones t\u00e1ctiles de tu cuerpo. Puedes tocar diferentes objetos y sentir su textura. Tambi\u00e9n puedes acariciar tu piel o masajear tus manos. Presta atenci\u00f3n a c\u00f3mo se siente el contacto f\u00edsico.<\/p>\n<p>Practicar el grounding utilizando los cinco sentidos te ayudar\u00e1 a estar presente y a calmar tu mente. Puedes realizar esta pr\u00e1ctica en cualquier momento del d\u00eda para reconectar contigo mismo y encontrar tranquilidad en el presente.<\/p>\n<p>Producto digital, incluye PDF Imprimible en formato A5 y utilizable en tablets con l\u00e1piz \u00f3ptico (Stylus)<\/p>\n<p><a href=\"https:\/\/voysanando.com\/index.php\/producto\/bloc-grounding-5-4-3-2-1-tamano-a5\/\">Puedes encontrar aqu\u00ed la versi\u00f3n impresa<\/a><\/p>\n","protected":false},"excerpt":{"rendered":"<p>No te vayas al mundo interno en momentos inesperados, usa esta sencilla t\u00e9cnica de grounding, incluye un espacio para escribir, as\u00ed puedes fingir ser una persona muy interesante y ocupada.<\/p>\n<p><em>Producto digital, incluye PDF Imprimible en formato A5 y utilizable en tablets con l\u00e1piz \u00f3ptico (Stylus)<\/em><\/p>\n","protected":false},"featured_media":1849,"comment_status":"open","ping_status":"closed","template":"","meta":{"om_disable_all_campaigns":false,"_uag_custom_page_level_css":"","_monsterinsights_skip_tracking":false,"_monsterinsights_sitenote_active":false,"_monsterinsights_sitenote_note":"","_monsterinsights_sitenote_category":0,"site-sidebar-layout":"default","site-content-layout":"","ast-site-content-layout":"default","site-content-style":"default","site-sidebar-style":"default","ast-global-header-display":"","ast-banner-title-visibility":"","ast-main-header-display":"","ast-hfb-above-header-display":"","ast-hfb-below-header-display":"","ast-hfb-mobile-header-display":"","site-post-title":"","ast-breadcrumbs-content":"","ast-featured-img":"","footer-sml-layout":"","ast-disable-related-posts":"","theme-transparent-header-meta":"default","adv-header-id-meta":"","stick-header-meta":"","header-above-stick-meta":"","header-main-stick-meta":"","header-below-stick-meta":"","astra-migrate-meta-layouts":"set","ast-page-background-enabled":"default","ast-page-background-meta":{"desktop":{"background-color":"var(--ast-global-color-4)","background-image":"","background-repeat":"repeat","background-position":"center center","background-size":"auto","background-attachment":"scroll","background-type":"","background-media":"","overlay-type":"","overlay-color":"","overlay-opacity":"","overlay-gradient":""},"tablet":{"background-color":"","background-image":"","background-repeat":"repeat","background-position":"center center","background-size":"auto","background-attachment":"scroll","background-type":"","background-media":"","overlay-type":"","overlay-color":"","overlay-opacity":"","overlay-gradient":""},"mobile":{"background-color":"","background-image":"","background-repeat":"repeat","background-position":"center center","background-size":"auto","background-attachment":"scroll","background-type":"","background-media":"","overlay-type":"","overlay-color":"","overlay-opacity":"","overlay-gradient":""}},"ast-content-background-meta":{"desktop":{"background-color":"var(--ast-global-color-5)","background-image":"","background-repeat":"repeat","background-position":"center center","background-size":"auto","background-attachment":"scroll","background-type":"","background-media":"","overlay-type":"","overlay-color":"","overlay-opacity":"","overlay-gradient":""},"tablet":{"background-color":"var(--ast-global-color-5)","background-image":"","background-repeat":"repeat","background-position":"center center","background-size":"auto","background-attachment":"scroll","background-type":"","background-media":"","overlay-type":"","overlay-color":"","overlay-opacity":"","overlay-gradient":""},"mobile":{"background-color":"var(--ast-global-color-5)","background-image":"","background-repeat":"repeat","background-position":"center center","background-size":"auto","background-attachment":"scroll","background-type":"","background-media":"","overlay-type":"","overlay-color":"","overlay-opacity":"","overlay-gradient":""}}},"product_brand":[],"product_cat":[76],"product_tag":[51,52,49],"class_list":{"0":"post-1714","1":"product","2":"type-product","3":"status-publish","4":"has-post-thumbnail","6":"product_cat-digitales","7":"product_tag-disociacion","8":"product_tag-recursos-pacientes","9":"product_tag-terapia-emdr","10":"desktop-align-center","11":"tablet-align-left","12":"mobile-align-left","14":"first","15":"instock","16":"sale","17":"downloadable","18":"virtual","19":"taxable","20":"purchasable","21":"product-type-simple"},"aioseo_notices":[],"uagb_featured_image_src":{"full":["https:\/\/i0.wp.com\/voysanando.com\/wp-content\/uploads\/2023\/09\/impreso-8.jpg?fit=1080%2C1080&ssl=1",1080,1080,false],"thumbnail":["https:\/\/i0.wp.com\/voysanando.com\/wp-content\/uploads\/2023\/09\/impreso-8.jpg?resize=150%2C150&ssl=1",150,150,true],"medium":["https:\/\/i0.wp.com\/voysanando.com\/wp-content\/uploads\/2023\/09\/impreso-8.jpg?fit=300%2C300&ssl=1",300,300,true],"medium_large":["https:\/\/i0.wp.com\/voysanando.com\/wp-content\/uploads\/2023\/09\/impreso-8.jpg?fit=768%2C768&ssl=1",768,768,true],"large":["https:\/\/i0.wp.com\/voysanando.com\/wp-content\/uploads\/2023\/09\/impreso-8.jpg?fit=1024%2C1024&ssl=1",1024,1024,true],"1536x1536":["https:\/\/i0.wp.com\/voysanando.com\/wp-content\/uploads\/2023\/09\/impreso-8.jpg?fit=1080%2C1080&ssl=1",1080,1080,true],"2048x2048":["https:\/\/i0.wp.com\/voysanando.com\/wp-content\/uploads\/2023\/09\/impreso-8.jpg?fit=1080%2C1080&ssl=1",1080,1080,true],"mailpoet_newsletter_max":["https:\/\/i0.wp.com\/voysanando.com\/wp-content\/uploads\/2023\/09\/impreso-8.jpg?fit=1080%2C1080&ssl=1",1080,1080,true],"woocommerce_thumbnail":["https:\/\/i0.wp.com\/voysanando.com\/wp-content\/uploads\/2023\/09\/impreso-8.jpg?resize=300%2C300&ssl=1",300,300,true],"woocommerce_single":["https:\/\/i0.wp.com\/voysanando.com\/wp-content\/uploads\/2023\/09\/impreso-8.jpg?fit=600%2C600&ssl=1",600,600,true],"woocommerce_gallery_thumbnail":["https:\/\/i0.wp.com\/voysanando.com\/wp-content\/uploads\/2023\/09\/impreso-8.jpg?resize=100%2C100&ssl=1",100,100,true]},"uagb_author_info":{"display_name":"nicolas.iloyolar","author_link":"https:\/\/voysanando.com\/index.php\/author\/"},"uagb_comment_info":0,"uagb_excerpt":"No te vayas al mundo interno en momentos inesperados, usa esta sencilla t\u00e9cnica de grounding, incluye un espacio para escribir, as\u00ed puedes fingir ser una persona muy interesante y ocupada. Producto digital, incluye PDF Imprimible en formato A5 y utilizable en tablets con l\u00e1piz \u00f3ptico (Stylus)","jetpack_sharing_enabled":true,"_links":{"self":[{"href":"https:\/\/voysanando.com\/index.php\/wp-json\/wp\/v2\/product\/1714","targetHints":{"allow":["GET"]}}],"collection":[{"href":"https:\/\/voysanando.com\/index.php\/wp-json\/wp\/v2\/product"}],"about":[{"href":"https:\/\/voysanando.com\/index.php\/wp-json\/wp\/v2\/types\/product"}],"replies":[{"embeddable":true,"href":"https:\/\/voysanando.com\/index.php\/wp-json\/wp\/v2\/comments?post=1714"}],"wp:featuredmedia":[{"embeddable":true,"href":"https:\/\/voysanando.com\/index.php\/wp-json\/wp\/v2\/media\/1849"}],"wp:attachment":[{"href":"https:\/\/voysanando.com\/index.php\/wp-json\/wp\/v2\/media?parent=1714"}],"wp:term":[{"taxonomy":"product_brand","embeddable":true,"href":"https:\/\/voysanando.com\/index.php\/wp-json\/wp\/v2\/product_brand?post=1714"},{"taxonomy":"product_cat","embeddable":true,"href":"https:\/\/voysanando.com\/index.php\/wp-json\/wp\/v2\/product_cat?post=1714"},{"taxonomy":"product_tag","embeddable":true,"href":"https:\/\/voysanando.com\/index.php\/wp-json\/wp\/v2\/product_tag?post=1714"}],"curies":[{"name":"wp","href":"https:\/\/api.w.org\/{rel}","templated":true}]}}