{"id":1713,"date":"2023-09-04T15:27:44","date_gmt":"2023-09-04T13:27:44","guid":{"rendered":"https:\/\/voysanando.com\/?post_type=product&#038;p=1713"},"modified":"2025-01-13T11:52:38","modified_gmt":"2025-01-13T14:52:38","slug":"seguimiento-sintomas","status":"publish","type":"product","link":"https:\/\/voysanando.com\/index.php\/producto\/seguimiento-sintomas\/","title":{"rendered":"Seguimiento s\u00edntomas (Producto Digital)"},"content":{"rendered":"<h2>Una forma sencilla de hacer un seguimiento de tus s\u00edntomas<\/h2>\n<p>\u00bfTe gustar\u00eda tener una manera f\u00e1cil y organizada de registrar tus s\u00edntomas? Nuestra planilla de seguimiento de s\u00edntomas es la soluci\u00f3n perfecta para ti. Con esta herramienta, podr\u00e1s llevar un registro detallado de c\u00f3mo te sientes d\u00eda a d\u00eda sin ser intrusivo ni pedir mucho detalle, sabemos que muchas veces no quieres andar contando cu\u00e1ntas veces al d\u00eda te sentiste mal, as\u00ed que con un simple ticket o cruz marca si el malestar estuvo presente.<\/p>\n<h2>Analiza tus s\u00edntomas a lo largo del tiempo<\/h2>\n<p>Una de las ventajas de utilizar nuestra planilla de seguimiento de s\u00edntomas es que podr\u00e1s analizar tus s\u00edntomas a lo largo del tiempo. Podr\u00e1s identificar patrones y tendencias, lo que te ayudar\u00e1 a entender mejor tu condici\u00f3n y tomar decisiones informadas sobre tu salud. Adem\u00e1s, cuando tu m\u00e9dico o terapeuta te pregunte \u00bfC\u00f3mo has estado? \u00a1Ya no tienes que mentir y decir que bien! \ud83d\ude00 puedes mostrarle tus s\u00edntomas m\u00e1s recientes de manera clara y ordenada.<\/p>\n<p>No esperes m\u00e1s y comienza a hacer un seguimiento efectivo de tus s\u00edntomas con nuestra planilla. \u00a1Desc\u00e1rgala ahora y empieza a cuidar de tu salud de manera m\u00e1s organizada y eficiente!<\/p>\n<p>Producto digital, incluye PDF Imprimible en formato A5 y utilizable en tablets con l\u00e1piz \u00f3ptico (Stylus)<\/p>\n<p><a href=\"https:\/\/voysanando.com\/index.php\/producto\/bloc-seguimiento-de-sintomas-a5\/\">Si buscas la versi\u00f3n impresa la puedes encontrar aqu\u00ed<\/a><\/p>\n","protected":false},"excerpt":{"rendered":"<p><em>Con esta plantilla podr\u00e1s hacer un seguimiento de tus s\u00edntomas m\u00e1s recurrentes de la manera menos intrusiva posible, sabemos que muchas veces no quieres andar contando cu\u00e1ntas veces al d\u00eda te sentiste mal, as\u00ed que con un simple ticket o cruz marca si el malestar estuvo presente.<\/em><\/p>\n<p><em>Producto digital, incluye PDF Imprimible en formato A5 y utilizable en tablets con l\u00e1piz \u00f3ptico (Stylus)<\/em><\/p>\n","protected":false},"featured_media":1848,"comment_status":"open","ping_status":"closed","template":"","meta":{"om_disable_all_campaigns":false,"_uag_custom_page_level_css":"","_monsterinsights_skip_tracking":false,"_monsterinsights_sitenote_active":false,"_monsterinsights_sitenote_note":"","_monsterinsights_sitenote_category":0,"site-sidebar-layout":"default","site-content-layout":"","ast-site-content-layout":"default","site-content-style":"default","site-sidebar-style":"default","ast-global-header-display":"","ast-banner-title-visibility":"","ast-main-header-display":"","ast-hfb-above-header-display":"","ast-hfb-below-header-display":"","ast-hfb-mobile-header-display":"","site-post-title":"","ast-breadcrumbs-content":"","ast-featured-img":"","footer-sml-layout":"","ast-disable-related-posts":"","theme-transparent-header-meta":"default","adv-header-id-meta":"","stick-header-meta":"","header-above-stick-meta":"","header-main-stick-meta":"","header-below-stick-meta":"","astra-migrate-meta-layouts":"set","ast-page-background-enabled":"default","ast-page-background-meta":{"desktop":{"background-color":"var(--ast-global-color-4)","background-image":"","background-repeat":"repeat","background-position":"center center","background-size":"auto","background-attachment":"scroll","background-type":"","background-media":"","overlay-type":"","overlay-color":"","overlay-opacity":"","overlay-gradient":""},"tablet":{"background-color":"","background-image":"","background-repeat":"repeat","background-position":"center center","background-size":"auto","background-attachment":"scroll","background-type":"","background-media":"","overlay-type":"","overlay-color":"","overlay-opacity":"","overlay-gradient":""},"mobile":{"background-color":"","background-image":"","background-repeat":"repeat","background-position":"center center","background-size":"auto","background-attachment":"scroll","background-type":"","background-media":"","overlay-type":"","overlay-color":"","overlay-opacity":"","overlay-gradient":""}},"ast-content-background-meta":{"desktop":{"background-color":"var(--ast-global-color-5)","background-image":"","background-repeat":"repeat","background-position":"center center","background-size":"auto","background-attachment":"scroll","background-type":"","background-media":"","overlay-type":"","overlay-color":"","overlay-opacity":"","overlay-gradient":""},"tablet":{"background-color":"var(--ast-global-color-5)","background-image":"","background-repeat":"repeat","background-position":"center center","background-size":"auto","background-attachment":"scroll","background-type":"","background-media":"","overlay-type":"","overlay-color":"","overlay-opacity":"","overlay-gradient":""},"mobile":{"background-color":"var(--ast-global-color-5)","background-image":"","background-repeat":"repeat","background-position":"center center","background-size":"auto","background-attachment":"scroll","background-type":"","background-media":"","overlay-type":"","overlay-color":"","overlay-opacity":"","overlay-gradient":""}}},"product_brand":[],"product_cat":[76],"product_tag":[51,53,52],"class_list":{"0":"post-1713","1":"product","2":"type-product","3":"status-publish","4":"has-post-thumbnail","6":"product_cat-digitales","7":"product_tag-disociacion","8":"product_tag-psicoterapia","9":"product_tag-recursos-pacientes","10":"desktop-align-center","11":"tablet-align-left","12":"mobile-align-left","14":"first","15":"instock","16":"sale","17":"downloadable","18":"virtual","19":"taxable","20":"purchasable","21":"product-type-simple"},"aioseo_notices":[],"uagb_featured_image_src":{"full":["https:\/\/i0.wp.com\/voysanando.com\/wp-content\/uploads\/2023\/09\/impreso-7.jpg?fit=1080%2C1080&ssl=1",1080,1080,false],"thumbnail":["https:\/\/i0.wp.com\/voysanando.com\/wp-content\/uploads\/2023\/09\/impreso-7.jpg?resize=150%2C150&ssl=1",150,150,true],"medium":["https:\/\/i0.wp.com\/voysanando.com\/wp-content\/uploads\/2023\/09\/impreso-7.jpg?fit=300%2C300&ssl=1",300,300,true],"medium_large":["https:\/\/i0.wp.com\/voysanando.com\/wp-content\/uploads\/2023\/09\/impreso-7.jpg?fit=768%2C768&ssl=1",768,768,true],"large":["https:\/\/i0.wp.com\/voysanando.com\/wp-content\/uploads\/2023\/09\/impreso-7.jpg?fit=1024%2C1024&ssl=1",1024,1024,true],"1536x1536":["https:\/\/i0.wp.com\/voysanando.com\/wp-content\/uploads\/2023\/09\/impreso-7.jpg?fit=1080%2C1080&ssl=1",1080,1080,true],"2048x2048":["https:\/\/i0.wp.com\/voysanando.com\/wp-content\/uploads\/2023\/09\/impreso-7.jpg?fit=1080%2C1080&ssl=1",1080,1080,true],"mailpoet_newsletter_max":["https:\/\/i0.wp.com\/voysanando.com\/wp-content\/uploads\/2023\/09\/impreso-7.jpg?fit=1080%2C1080&ssl=1",1080,1080,true],"woocommerce_thumbnail":["https:\/\/i0.wp.com\/voysanando.com\/wp-content\/uploads\/2023\/09\/impreso-7.jpg?resize=300%2C300&ssl=1",300,300,true],"woocommerce_single":["https:\/\/i0.wp.com\/voysanando.com\/wp-content\/uploads\/2023\/09\/impreso-7.jpg?fit=600%2C600&ssl=1",600,600,true],"woocommerce_gallery_thumbnail":["https:\/\/i0.wp.com\/voysanando.com\/wp-content\/uploads\/2023\/09\/impreso-7.jpg?resize=100%2C100&ssl=1",100,100,true]},"uagb_author_info":{"display_name":"nicolas.iloyolar","author_link":"https:\/\/voysanando.com\/index.php\/author\/"},"uagb_comment_info":0,"uagb_excerpt":"Con esta plantilla podr\u00e1s hacer un seguimiento de tus s\u00edntomas m\u00e1s recurrentes de la manera menos intrusiva posible, sabemos que muchas veces no quieres andar contando cu\u00e1ntas veces al d\u00eda te sentiste mal, as\u00ed que con un simple ticket o cruz marca si el malestar estuvo presente. Producto digital, incluye PDF Imprimible en formato A5&hellip;","jetpack_sharing_enabled":true,"_links":{"self":[{"href":"https:\/\/voysanando.com\/index.php\/wp-json\/wp\/v2\/product\/1713","targetHints":{"allow":["GET"]}}],"collection":[{"href":"https:\/\/voysanando.com\/index.php\/wp-json\/wp\/v2\/product"}],"about":[{"href":"https:\/\/voysanando.com\/index.php\/wp-json\/wp\/v2\/types\/product"}],"replies":[{"embeddable":true,"href":"https:\/\/voysanando.com\/index.php\/wp-json\/wp\/v2\/comments?post=1713"}],"wp:featuredmedia":[{"embeddable":true,"href":"https:\/\/voysanando.com\/index.php\/wp-json\/wp\/v2\/media\/1848"}],"wp:attachment":[{"href":"https:\/\/voysanando.com\/index.php\/wp-json\/wp\/v2\/media?parent=1713"}],"wp:term":[{"taxonomy":"product_brand","embeddable":true,"href":"https:\/\/voysanando.com\/index.php\/wp-json\/wp\/v2\/product_brand?post=1713"},{"taxonomy":"product_cat","embeddable":true,"href":"https:\/\/voysanando.com\/index.php\/wp-json\/wp\/v2\/product_cat?post=1713"},{"taxonomy":"product_tag","embeddable":true,"href":"https:\/\/voysanando.com\/index.php\/wp-json\/wp\/v2\/product_tag?post=1713"}],"curies":[{"name":"wp","href":"https:\/\/api.w.org\/{rel}","templated":true}]}}