{"id":1709,"date":"2023-09-04T15:25:05","date_gmt":"2023-09-04T13:25:05","guid":{"rendered":"https:\/\/voysanando.com\/?post_type=product&#038;p=1709"},"modified":"2024-03-13T10:30:20","modified_gmt":"2024-03-13T13:30:20","slug":"resumen-sesion","status":"publish","type":"product","link":"https:\/\/voysanando.com\/index.php\/producto\/resumen-sesion\/","title":{"rendered":"Resumen sesi\u00f3n (Producto Digital)"},"content":{"rendered":"<p>\u00bfTe pasa que cada vez que vas a terapia entras de una forma y sales de otra completamente distinta?. \u00bfSe te olvidan las tareas, los acuerdos y lo que ten\u00edas que hacer para la pr\u00f3xima sesi\u00f3n?. Te traemos el dise\u00f1o perfecto para ti! Toma tus notas, haz seguimiento de tu antes y despu\u00e9s, anota tus reflexiones y m\u00e1s en esta sencilla pero \u00fatil plantilla!<\/p>\n<h2>Plantilla para resumir sesi\u00f3n de psicoterapia<\/h2>\n<p>La psicoterapia es un proceso que requiere seguimiento y evaluaci\u00f3n constante para asegurarse de que se est\u00e1n logrando los objetivos deseados. Una forma efectiva de hacer esto es mediante la creaci\u00f3n de un resumen de cada sesi\u00f3n de terapia. Aqu\u00ed puedes encontrar una plantilla que puede utilizar para resumir tus sesiones de psicoterapia y registrar lo que queda pendiente para la pr\u00f3xima sesi\u00f3n<\/p>\n<p>Producto digital, incluye PDF Imprimible en formato A5 y utilizable en tablets con l\u00e1piz \u00f3ptico (Stylus)<\/p>\n<p>Si buscas este producto impreso, lo encuentras <a href=\"https:\/\/voysanando.com\/index.php\/producto\/bloc-resumen-sesion-a5\/\">aqu\u00ed<\/a><\/p>\n","protected":false},"excerpt":{"rendered":"<p><em>Producto digital, incluye PDF Imprimible en formato A5 y utilizable en tablets con l\u00e1piz \u00f3ptico (Stylus)<\/em><\/p>\n","protected":false},"featured_media":3222,"comment_status":"open","ping_status":"closed","template":"","meta":{"om_disable_all_campaigns":false,"_uag_custom_page_level_css":"","_monsterinsights_skip_tracking":false,"_monsterinsights_sitenote_active":false,"_monsterinsights_sitenote_note":"","_monsterinsights_sitenote_category":0,"site-sidebar-layout":"default","site-content-layout":"","ast-site-content-layout":"default","site-content-style":"default","site-sidebar-style":"default","ast-global-header-display":"","ast-banner-title-visibility":"","ast-main-header-display":"","ast-hfb-above-header-display":"","ast-hfb-below-header-display":"","ast-hfb-mobile-header-display":"","site-post-title":"","ast-breadcrumbs-content":"","ast-featured-img":"","footer-sml-layout":"","ast-disable-related-posts":"","theme-transparent-header-meta":"default","adv-header-id-meta":"","stick-header-meta":"","header-above-stick-meta":"","header-main-stick-meta":"","header-below-stick-meta":"","astra-migrate-meta-layouts":"set","ast-page-background-enabled":"default","ast-page-background-meta":{"desktop":{"background-color":"var(--ast-global-color-4)","background-image":"","background-repeat":"repeat","background-position":"center center","background-size":"auto","background-attachment":"scroll","background-type":"","background-media":"","overlay-type":"","overlay-color":"","overlay-opacity":"","overlay-gradient":""},"tablet":{"background-color":"","background-image":"","background-repeat":"repeat","background-position":"center center","background-size":"auto","background-attachment":"scroll","background-type":"","background-media":"","overlay-type":"","overlay-color":"","overlay-opacity":"","overlay-gradient":""},"mobile":{"background-color":"","background-image":"","background-repeat":"repeat","background-position":"center center","background-size":"auto","background-attachment":"scroll","background-type":"","background-media":"","overlay-type":"","overlay-color":"","overlay-opacity":"","overlay-gradient":""}},"ast-content-background-meta":{"desktop":{"background-color":"var(--ast-global-color-5)","background-image":"","background-repeat":"repeat","background-position":"center center","background-size":"auto","background-attachment":"scroll","background-type":"","background-media":"","overlay-type":"","overlay-color":"","overlay-opacity":"","overlay-gradient":""},"tablet":{"background-color":"var(--ast-global-color-5)","background-image":"","background-repeat":"repeat","background-position":"center center","background-size":"auto","background-attachment":"scroll","background-type":"","background-media":"","overlay-type":"","overlay-color":"","overlay-opacity":"","overlay-gradient":""},"mobile":{"background-color":"var(--ast-global-color-5)","background-image":"","background-repeat":"repeat","background-position":"center center","background-size":"auto","background-attachment":"scroll","background-type":"","background-media":"","overlay-type":"","overlay-color":"","overlay-opacity":"","overlay-gradient":""}}},"product_brand":[],"product_cat":[76],"product_tag":[53,52,49],"class_list":{"0":"post-1709","1":"product","2":"type-product","3":"status-publish","4":"has-post-thumbnail","6":"product_cat-digitales","7":"product_tag-psicoterapia","8":"product_tag-recursos-pacientes","9":"product_tag-terapia-emdr","10":"desktop-align-center","11":"tablet-align-left","12":"mobile-align-left","14":"first","15":"instock","16":"downloadable","17":"virtual","18":"taxable","19":"purchasable","20":"product-type-simple"},"aioseo_notices":[],"uagb_featured_image_src":{"full":["https:\/\/i0.wp.com\/voysanando.com\/wp-content\/uploads\/2023\/09\/Photoroom-20240313_102608.jpg?fit=1409%2C2000&ssl=1",1409,2000,false],"thumbnail":["https:\/\/i0.wp.com\/voysanando.com\/wp-content\/uploads\/2023\/09\/Photoroom-20240313_102608.jpg?resize=150%2C150&ssl=1",150,150,true],"medium":["https:\/\/i0.wp.com\/voysanando.com\/wp-content\/uploads\/2023\/09\/Photoroom-20240313_102608.jpg?fit=211%2C300&ssl=1",211,300,true],"medium_large":["https:\/\/i0.wp.com\/voysanando.com\/wp-content\/uploads\/2023\/09\/Photoroom-20240313_102608.jpg?fit=768%2C1090&ssl=1",768,1090,true],"large":["https:\/\/i0.wp.com\/voysanando.com\/wp-content\/uploads\/2023\/09\/Photoroom-20240313_102608.jpg?fit=721%2C1024&ssl=1",721,1024,true],"1536x1536":["https:\/\/i0.wp.com\/voysanando.com\/wp-content\/uploads\/2023\/09\/Photoroom-20240313_102608.jpg?fit=1082%2C1536&ssl=1",1082,1536,true],"2048x2048":["https:\/\/i0.wp.com\/voysanando.com\/wp-content\/uploads\/2023\/09\/Photoroom-20240313_102608.jpg?fit=1409%2C2000&ssl=1",1409,2000,true],"mailpoet_newsletter_max":["https:\/\/i0.wp.com\/voysanando.com\/wp-content\/uploads\/2023\/09\/Photoroom-20240313_102608.jpg?fit=1320%2C1874&ssl=1",1320,1874,true],"woocommerce_thumbnail":["https:\/\/i0.wp.com\/voysanando.com\/wp-content\/uploads\/2023\/09\/Photoroom-20240313_102608.jpg?resize=300%2C300&ssl=1",300,300,true],"woocommerce_single":["https:\/\/i0.wp.com\/voysanando.com\/wp-content\/uploads\/2023\/09\/Photoroom-20240313_102608.jpg?fit=600%2C852&ssl=1",600,852,true],"woocommerce_gallery_thumbnail":["https:\/\/i0.wp.com\/voysanando.com\/wp-content\/uploads\/2023\/09\/Photoroom-20240313_102608.jpg?resize=100%2C100&ssl=1",100,100,true]},"uagb_author_info":{"display_name":"nicolas.iloyolar","author_link":"https:\/\/voysanando.com\/index.php\/author\/"},"uagb_comment_info":0,"uagb_excerpt":"Producto digital, incluye PDF Imprimible en formato A5 y utilizable en tablets con l\u00e1piz \u00f3ptico (Stylus)","jetpack_sharing_enabled":true,"_links":{"self":[{"href":"https:\/\/voysanando.com\/index.php\/wp-json\/wp\/v2\/product\/1709","targetHints":{"allow":["GET"]}}],"collection":[{"href":"https:\/\/voysanando.com\/index.php\/wp-json\/wp\/v2\/product"}],"about":[{"href":"https:\/\/voysanando.com\/index.php\/wp-json\/wp\/v2\/types\/product"}],"replies":[{"embeddable":true,"href":"https:\/\/voysanando.com\/index.php\/wp-json\/wp\/v2\/comments?post=1709"}],"wp:featuredmedia":[{"embeddable":true,"href":"https:\/\/voysanando.com\/index.php\/wp-json\/wp\/v2\/media\/3222"}],"wp:attachment":[{"href":"https:\/\/voysanando.com\/index.php\/wp-json\/wp\/v2\/media?parent=1709"}],"wp:term":[{"taxonomy":"product_brand","embeddable":true,"href":"https:\/\/voysanando.com\/index.php\/wp-json\/wp\/v2\/product_brand?post=1709"},{"taxonomy":"product_cat","embeddable":true,"href":"https:\/\/voysanando.com\/index.php\/wp-json\/wp\/v2\/product_cat?post=1709"},{"taxonomy":"product_tag","embeddable":true,"href":"https:\/\/voysanando.com\/index.php\/wp-json\/wp\/v2\/product_tag?post=1709"}],"curies":[{"name":"wp","href":"https:\/\/api.w.org\/{rel}","templated":true}]}}