{"id":1392,"date":"2023-08-26T18:19:38","date_gmt":"2023-08-26T16:19:38","guid":{"rendered":"https:\/\/voysanando.com\/?page_id=1392"},"modified":"2023-10-06T15:39:02","modified_gmt":"2023-10-06T13:39:02","slug":"necesitas-ayuda","status":"publish","type":"page","link":"https:\/\/voysanando.com\/index.php\/necesitas-ayuda\/","title":{"rendered":"S.O.S."},"content":{"rendered":"\t\t<div data-elementor-type=\"wp-page\" data-elementor-id=\"1392\" class=\"elementor elementor-1392\" data-elementor-post-type=\"page\">\n\t\t\t\t\t\t<section class=\"elementor-section elementor-top-section elementor-element elementor-element-57c70f16 elementor-section-content-middle elementor-section-stretched elementor-section-boxed elementor-section-height-default elementor-section-height-default\" data-id=\"57c70f16\" data-element_type=\"section\" data-e-type=\"section\" data-settings=\"{&quot;background_background&quot;:&quot;classic&quot;,&quot;stretch_section&quot;:&quot;section-stretched&quot;}\">\n\t\t\t\t\t\t\t<div class=\"elementor-background-overlay\"><\/div>\n\t\t\t\t\t\t\t<div class=\"elementor-container elementor-column-gap-no\">\n\t\t\t\t\t<div class=\"elementor-column elementor-col-100 elementor-top-column elementor-element elementor-element-7e049087\" data-id=\"7e049087\" data-element_type=\"column\" data-e-type=\"column\">\n\t\t\t<div class=\"elementor-widget-wrap elementor-element-populated\">\n\t\t\t\t\t\t<div class=\"elementor-element elementor-element-3418a857 elementor-widget elementor-widget-heading\" data-id=\"3418a857\" data-element_type=\"widget\" data-e-type=\"widget\" data-widget_type=\"heading.default\">\n\t\t\t\t<div class=\"elementor-widget-container\">\n\t\t\t\t\t<h4 class=\"elementor-heading-title elementor-size-default\">\u00bfNecesitas ayuda?<\/h4>\t\t\t\t<\/div>\n\t\t\t\t<\/div>\n\t\t\t\t<div class=\"elementor-element elementor-element-9740a3f elementor-widget elementor-widget-heading\" data-id=\"9740a3f\" data-element_type=\"widget\" data-e-type=\"widget\" data-widget_type=\"heading.default\">\n\t\t\t\t<div class=\"elementor-widget-container\">\n\t\t\t\t\t<h5 class=\"elementor-heading-title elementor-size-default\">Las redes de apoyo son fundamentales<\/h5>\t\t\t\t<\/div>\n\t\t\t\t<\/div>\n\t\t\t\t\t<\/div>\n\t\t<\/div>\n\t\t\t\t\t<\/div>\n\t\t<\/section>\n\t\t\t\t<section class=\"elementor-section elementor-top-section elementor-element elementor-element-3a92461 elementor-section-boxed elementor-section-height-default elementor-section-height-default\" data-id=\"3a92461\" data-element_type=\"section\" data-e-type=\"section\">\n\t\t\t\t\t\t<div class=\"elementor-container elementor-column-gap-default\">\n\t\t\t\t\t<div class=\"elementor-column elementor-col-25 elementor-top-column elementor-element elementor-element-3df16e3\" data-id=\"3df16e3\" data-element_type=\"column\" data-e-type=\"column\">\n\t\t\t<div class=\"elementor-widget-wrap elementor-element-populated\">\n\t\t\t\t\t\t<div class=\"elementor-element elementor-element-88e15c4 elementor-position-top elementor-widget elementor-widget-image-box\" data-id=\"88e15c4\" data-element_type=\"widget\" data-e-type=\"widget\" data-widget_type=\"image-box.default\">\n\t\t\t\t<div class=\"elementor-widget-container\">\n\t\t\t\t\t<div class=\"elementor-image-box-wrapper\"><figure class=\"elementor-image-box-img\"><img fetchpriority=\"high\" decoding=\"async\" width=\"512\" height=\"512\" src=\"https:\/\/i0.wp.com\/voysanando.com\/wp-content\/uploads\/2023\/08\/cropped-cropped-20230824_170710_0000.png?fit=512%2C512&amp;ssl=1\" class=\"attachment-full size-full wp-image-1402\" alt=\"\" srcset=\"https:\/\/i0.wp.com\/voysanando.com\/wp-content\/uploads\/2023\/08\/cropped-cropped-20230824_170710_0000.png?w=512&amp;ssl=1 512w, https:\/\/i0.wp.com\/voysanando.com\/wp-content\/uploads\/2023\/08\/cropped-cropped-20230824_170710_0000.png?resize=300%2C300&amp;ssl=1 300w, https:\/\/i0.wp.com\/voysanando.com\/wp-content\/uploads\/2023\/08\/cropped-cropped-20230824_170710_0000.png?resize=150%2C150&amp;ssl=1 150w, https:\/\/i0.wp.com\/voysanando.com\/wp-content\/uploads\/2023\/08\/cropped-cropped-20230824_170710_0000.png?resize=270%2C270&amp;ssl=1 270w, https:\/\/i0.wp.com\/voysanando.com\/wp-content\/uploads\/2023\/08\/cropped-cropped-20230824_170710_0000.png?resize=192%2C192&amp;ssl=1 192w, https:\/\/i0.wp.com\/voysanando.com\/wp-content\/uploads\/2023\/08\/cropped-cropped-20230824_170710_0000.png?resize=180%2C180&amp;ssl=1 180w, https:\/\/i0.wp.com\/voysanando.com\/wp-content\/uploads\/2023\/08\/cropped-cropped-20230824_170710_0000.png?resize=32%2C32&amp;ssl=1 32w\" sizes=\"(max-width: 512px) 100vw, 512px\" \/><\/figure><div class=\"elementor-image-box-content\"><h3 class=\"elementor-image-box-title\">L\u00edneas de escucha telef\u00f3nica y online gratuitas<\/h3><\/div><\/div>\t\t\t\t<\/div>\n\t\t\t\t<\/div>\n\t\t\t\t\t<\/div>\n\t\t<\/div>\n\t\t\t\t<div class=\"elementor-column elementor-col-25 elementor-top-column elementor-element elementor-element-749638d\" data-id=\"749638d\" data-element_type=\"column\" data-e-type=\"column\">\n\t\t\t<div class=\"elementor-widget-wrap elementor-element-populated\">\n\t\t\t\t\t\t<div class=\"elementor-element elementor-element-200c77e elementor-position-top elementor-widget elementor-widget-image-box\" data-id=\"200c77e\" data-element_type=\"widget\" data-e-type=\"widget\" data-widget_type=\"image-box.default\">\n\t\t\t\t<div class=\"elementor-widget-container\">\n\t\t\t\t\t<div class=\"elementor-image-box-wrapper\"><figure class=\"elementor-image-box-img\"><img fetchpriority=\"high\" decoding=\"async\" width=\"512\" height=\"512\" src=\"https:\/\/i0.wp.com\/voysanando.com\/wp-content\/uploads\/2023\/08\/cropped-cropped-20230824_170710_0000.png?fit=512%2C512&amp;ssl=1\" class=\"attachment-full size-full wp-image-1402\" alt=\"\" srcset=\"https:\/\/i0.wp.com\/voysanando.com\/wp-content\/uploads\/2023\/08\/cropped-cropped-20230824_170710_0000.png?w=512&amp;ssl=1 512w, https:\/\/i0.wp.com\/voysanando.com\/wp-content\/uploads\/2023\/08\/cropped-cropped-20230824_170710_0000.png?resize=300%2C300&amp;ssl=1 300w, https:\/\/i0.wp.com\/voysanando.com\/wp-content\/uploads\/2023\/08\/cropped-cropped-20230824_170710_0000.png?resize=150%2C150&amp;ssl=1 150w, https:\/\/i0.wp.com\/voysanando.com\/wp-content\/uploads\/2023\/08\/cropped-cropped-20230824_170710_0000.png?resize=270%2C270&amp;ssl=1 270w, https:\/\/i0.wp.com\/voysanando.com\/wp-content\/uploads\/2023\/08\/cropped-cropped-20230824_170710_0000.png?resize=192%2C192&amp;ssl=1 192w, https:\/\/i0.wp.com\/voysanando.com\/wp-content\/uploads\/2023\/08\/cropped-cropped-20230824_170710_0000.png?resize=180%2C180&amp;ssl=1 180w, https:\/\/i0.wp.com\/voysanando.com\/wp-content\/uploads\/2023\/08\/cropped-cropped-20230824_170710_0000.png?resize=32%2C32&amp;ssl=1 32w\" sizes=\"(max-width: 512px) 100vw, 512px\" \/><\/figure><div class=\"elementor-image-box-content\"><h3 class=\"elementor-image-box-title\">Fundaciones y programas de apoyo a v\u00edctimas<\/h3><\/div><\/div>\t\t\t\t<\/div>\n\t\t\t\t<\/div>\n\t\t\t\t\t<\/div>\n\t\t<\/div>\n\t\t\t\t<div class=\"elementor-column elementor-col-25 elementor-top-column elementor-element elementor-element-b1c8afb\" data-id=\"b1c8afb\" data-element_type=\"column\" data-e-type=\"column\">\n\t\t\t<div class=\"elementor-widget-wrap elementor-element-populated\">\n\t\t\t\t\t\t<div class=\"elementor-element elementor-element-1d89325 elementor-position-top elementor-widget elementor-widget-image-box\" data-id=\"1d89325\" data-element_type=\"widget\" data-e-type=\"widget\" data-widget_type=\"image-box.default\">\n\t\t\t\t<div class=\"elementor-widget-container\">\n\t\t\t\t\t<div class=\"elementor-image-box-wrapper\"><figure class=\"elementor-image-box-img\"><img fetchpriority=\"high\" decoding=\"async\" width=\"512\" height=\"512\" src=\"https:\/\/i0.wp.com\/voysanando.com\/wp-content\/uploads\/2023\/08\/cropped-cropped-20230824_170710_0000.png?fit=512%2C512&amp;ssl=1\" class=\"attachment-full size-full wp-image-1402\" alt=\"\" srcset=\"https:\/\/i0.wp.com\/voysanando.com\/wp-content\/uploads\/2023\/08\/cropped-cropped-20230824_170710_0000.png?w=512&amp;ssl=1 512w, https:\/\/i0.wp.com\/voysanando.com\/wp-content\/uploads\/2023\/08\/cropped-cropped-20230824_170710_0000.png?resize=300%2C300&amp;ssl=1 300w, https:\/\/i0.wp.com\/voysanando.com\/wp-content\/uploads\/2023\/08\/cropped-cropped-20230824_170710_0000.png?resize=150%2C150&amp;ssl=1 150w, https:\/\/i0.wp.com\/voysanando.com\/wp-content\/uploads\/2023\/08\/cropped-cropped-20230824_170710_0000.png?resize=270%2C270&amp;ssl=1 270w, https:\/\/i0.wp.com\/voysanando.com\/wp-content\/uploads\/2023\/08\/cropped-cropped-20230824_170710_0000.png?resize=192%2C192&amp;ssl=1 192w, https:\/\/i0.wp.com\/voysanando.com\/wp-content\/uploads\/2023\/08\/cropped-cropped-20230824_170710_0000.png?resize=180%2C180&amp;ssl=1 180w, https:\/\/i0.wp.com\/voysanando.com\/wp-content\/uploads\/2023\/08\/cropped-cropped-20230824_170710_0000.png?resize=32%2C32&amp;ssl=1 32w\" sizes=\"(max-width: 512px) 100vw, 512px\" \/><\/figure><div class=\"elementor-image-box-content\"><h3 class=\"elementor-image-box-title\">Material disponible en l\u00ednea<\/h3><\/div><\/div>\t\t\t\t<\/div>\n\t\t\t\t<\/div>\n\t\t\t\t\t<\/div>\n\t\t<\/div>\n\t\t\t\t<div class=\"elementor-column elementor-col-25 elementor-top-column elementor-element elementor-element-1ec1d6a\" data-id=\"1ec1d6a\" data-element_type=\"column\" data-e-type=\"column\">\n\t\t\t<div class=\"elementor-widget-wrap elementor-element-populated\">\n\t\t\t\t\t\t<div class=\"elementor-element elementor-element-625a44d elementor-position-top elementor-widget elementor-widget-image-box\" data-id=\"625a44d\" data-element_type=\"widget\" data-e-type=\"widget\" data-widget_type=\"image-box.default\">\n\t\t\t\t<div class=\"elementor-widget-container\">\n\t\t\t\t\t<div class=\"elementor-image-box-wrapper\"><figure class=\"elementor-image-box-img\"><img fetchpriority=\"high\" decoding=\"async\" width=\"512\" height=\"512\" src=\"https:\/\/i0.wp.com\/voysanando.com\/wp-content\/uploads\/2023\/08\/cropped-cropped-20230824_170710_0000.png?fit=512%2C512&amp;ssl=1\" class=\"attachment-full size-full wp-image-1402\" alt=\"\" srcset=\"https:\/\/i0.wp.com\/voysanando.com\/wp-content\/uploads\/2023\/08\/cropped-cropped-20230824_170710_0000.png?w=512&amp;ssl=1 512w, https:\/\/i0.wp.com\/voysanando.com\/wp-content\/uploads\/2023\/08\/cropped-cropped-20230824_170710_0000.png?resize=300%2C300&amp;ssl=1 300w, https:\/\/i0.wp.com\/voysanando.com\/wp-content\/uploads\/2023\/08\/cropped-cropped-20230824_170710_0000.png?resize=150%2C150&amp;ssl=1 150w, https:\/\/i0.wp.com\/voysanando.com\/wp-content\/uploads\/2023\/08\/cropped-cropped-20230824_170710_0000.png?resize=270%2C270&amp;ssl=1 270w, https:\/\/i0.wp.com\/voysanando.com\/wp-content\/uploads\/2023\/08\/cropped-cropped-20230824_170710_0000.png?resize=192%2C192&amp;ssl=1 192w, https:\/\/i0.wp.com\/voysanando.com\/wp-content\/uploads\/2023\/08\/cropped-cropped-20230824_170710_0000.png?resize=180%2C180&amp;ssl=1 180w, https:\/\/i0.wp.com\/voysanando.com\/wp-content\/uploads\/2023\/08\/cropped-cropped-20230824_170710_0000.png?resize=32%2C32&amp;ssl=1 32w\" sizes=\"(max-width: 512px) 100vw, 512px\" \/><\/figure><div class=\"elementor-image-box-content\"><h3 class=\"elementor-image-box-title\">Psic\u00f3logos y psiquiatras sensibles al trauma<\/h3><\/div><\/div>\t\t\t\t<\/div>\n\t\t\t\t<\/div>\n\t\t\t\t\t<\/div>\n\t\t<\/div>\n\t\t\t\t\t<\/div>\n\t\t<\/section>\n\t\t\t\t<section class=\"elementor-section elementor-top-section elementor-element elementor-element-d9e2347 elementor-section-boxed elementor-section-height-default elementor-section-height-default\" data-id=\"d9e2347\" data-element_type=\"section\" data-e-type=\"section\">\n\t\t\t\t\t\t<div class=\"elementor-container elementor-column-gap-default\">\n\t\t\t\t\t<div class=\"elementor-column elementor-col-25 elementor-top-column elementor-element elementor-element-861491b\" data-id=\"861491b\" data-element_type=\"column\" data-e-type=\"column\">\n\t\t\t<div class=\"elementor-widget-wrap elementor-element-populated\">\n\t\t\t\t\t\t<div class=\"elementor-element elementor-element-a35c354 elementor-widget elementor-widget-text-editor\" data-id=\"a35c354\" data-element_type=\"widget\" data-e-type=\"widget\" data-widget_type=\"text-editor.default\">\n\t\t\t\t<div class=\"elementor-widget-container\">\n\t\t\t\t\t\t\t\t\t<p><strong>Fono Prevenci\u00f3n del Suicidio<\/strong> *4141: <em>las personas que est\u00e9n enfrentando una emergencia o crisis de salud mental asociada al suicidio, podr\u00e1n contactarse con un psic\u00f3logo especialmente capacitado que los escuchar\u00e1 y ayudar\u00e1. Este n\u00famero es gratuito y se puede llamar desde celulares de lunes a domingo, las 24 horas del d\u00eda.<\/em><\/p><p><strong>Salud Responde:<\/strong> 600 360 7777 <em>(opci\u00f3n 1) L\u00ednea especial de atenci\u00f3n psicol\u00f3gica y contenci\u00f3n emocional.<\/em><\/p><p><strong>Fono Orientaci\u00f3n en Violencia contra la Mujer:<\/strong> 1455 <em>Atenci\u00f3n de especialistas para quienes sufren o son testigos de maltrato f\u00edsico y\/o psicol\u00f3gico.<\/em><\/p><p><strong>Whatsapp Mujer:<\/strong> +569 9700 7000<br \/><em>Orientaci\u00f3n y contenci\u00f3n emocional a mujeres violentadas en situaci\u00f3n de confinamiento a trav\u00e9s de whatsapp.<\/em><\/p><p><strong>Fono Infancia<\/strong>: 800 200 188<br \/><em>Apoyo psicol\u00f3gico para la crianza.<\/em><\/p><p><span style=\"font-style: inherit; font-weight: inherit; background-color: var(--ast-global-color-5); color: var(--ast-global-color-3);\"><strong>Whatsapp de Apoyo Emocional<\/strong> <br \/>+569 3710 0023 <\/span><em>Fundaci\u00f3n de las Familias y Primera Dama. Atenci\u00f3n en l\u00ednea de psic\u00f3logos a trav\u00e9s de whatsapp.<\/em><\/p>\t\t\t\t\t\t\t\t<\/div>\n\t\t\t\t<\/div>\n\t\t\t\t\t<\/div>\n\t\t<\/div>\n\t\t\t\t<div class=\"elementor-column elementor-col-25 elementor-top-column elementor-element elementor-element-c0f919e\" data-id=\"c0f919e\" data-element_type=\"column\" data-e-type=\"column\">\n\t\t\t<div class=\"elementor-widget-wrap elementor-element-populated\">\n\t\t\t\t\t\t<div class=\"elementor-element elementor-element-abfa059 elementor-widget elementor-widget-text-editor\" data-id=\"abfa059\" data-element_type=\"widget\" data-e-type=\"widget\" data-widget_type=\"text-editor.default\">\n\t\t\t\t<div class=\"elementor-widget-container\">\n\t\t\t\t\t\t\t\t\t<p><strong><a href=\"https:\/\/www.paralaconfianza.org\/\">Fundaci\u00f3n para la Confianza<\/a> e <a href=\"https:\/\/www.injuv.gob.cl\/\">Injuv: <\/a><\/strong>1515\u00a0<em>Orientaci\u00f3n tambi\u00e9n descargando la app o visitando<\/em> <a href=\"http:\/\/www.linealibre.cl\">www.linealibre.cl<\/a><\/p><p><strong>Apoyo a V\u00edctimas de Violencia<\/strong> 600 818 1000<br \/><em>Orientaci\u00f3n e informaci\u00f3n en salud mental y apoyo psicosocial.<\/em><\/p><p><a href=\"https:\/\/interconsulta.minsal.cl\/\"><strong>Hospital Digital<\/strong><\/a> (videollamada): <em>Acceso a atenci\u00f3n psicol\u00f3gica a trav\u00e9s de videollamada desde tu computador, tablet o celular.<\/em><\/p><p><a href=\"https:\/\/todomejora.org\/\"><strong>Fundacio\u0301n Todo Mejora<\/strong><\/a>:<em> entrega apoyo y orientacio\u0301n para la prevencio\u0301n del suicidio adolescente y bullying homofo\u0301bico a jo\u0301venes LGBT+.<\/em><\/p><p><strong><a href=\"https:\/\/fundacionjoseignacio.org\/\">Fundaci\u00f3n Jos\u00e9 Ignacio<\/a>:<\/strong> <em>Acompa\u00f1amiento y prevenci\u00f3n para NNA con ideaci\u00f3n suicida<\/em><\/p><p><em>\u00a0<\/em><\/p>\t\t\t\t\t\t\t\t<\/div>\n\t\t\t\t<\/div>\n\t\t\t\t\t<\/div>\n\t\t<\/div>\n\t\t\t\t<div class=\"elementor-column elementor-col-25 elementor-top-column elementor-element elementor-element-1d1b750\" data-id=\"1d1b750\" data-element_type=\"column\" data-e-type=\"column\">\n\t\t\t<div class=\"elementor-widget-wrap elementor-element-populated\">\n\t\t\t\t\t\t<div class=\"elementor-element elementor-element-6e2fbaa elementor-widget elementor-widget-text-editor\" data-id=\"6e2fbaa\" data-element_type=\"widget\" data-e-type=\"widget\" data-widget_type=\"text-editor.default\">\n\t\t\t\t<div class=\"elementor-widget-container\">\n\t\t\t\t\t\t\t\t\t<p>En construcci\u00f3n.<\/p>\t\t\t\t\t\t\t\t<\/div>\n\t\t\t\t<\/div>\n\t\t\t\t\t<\/div>\n\t\t<\/div>\n\t\t\t\t<div class=\"elementor-column elementor-col-25 elementor-top-column elementor-element elementor-element-1c76e44\" data-id=\"1c76e44\" data-element_type=\"column\" data-e-type=\"column\">\n\t\t\t<div class=\"elementor-widget-wrap elementor-element-populated\">\n\t\t\t\t\t\t<div class=\"elementor-element elementor-element-562ff39 elementor-widget elementor-widget-text-editor\" data-id=\"562ff39\" data-element_type=\"widget\" data-e-type=\"widget\" data-widget_type=\"text-editor.default\">\n\t\t\t\t<div class=\"elementor-widget-container\">\n\t\t\t\t\t\t\t\t\t<p>En construcci\u00f3n.<\/p>\t\t\t\t\t\t\t\t<\/div>\n\t\t\t\t<\/div>\n\t\t\t\t\t<\/div>\n\t\t<\/div>\n\t\t\t\t\t<\/div>\n\t\t<\/section>\n\t\t\t\t<section class=\"elementor-section elementor-top-section elementor-element elementor-element-7940014 elementor-section-boxed elementor-section-height-default elementor-section-height-default\" data-id=\"7940014\" data-element_type=\"section\" data-e-type=\"section\">\n\t\t\t\t\t\t<div class=\"elementor-container elementor-column-gap-default\">\n\t\t\t\t\t<div class=\"elementor-column elementor-col-100 elementor-top-column elementor-element elementor-element-93ebca3\" data-id=\"93ebca3\" data-element_type=\"column\" data-e-type=\"column\">\n\t\t\t<div class=\"elementor-widget-wrap elementor-element-populated\">\n\t\t\t\t\t\t<div class=\"elementor-element elementor-element-6d78bfa elementor-widget elementor-widget-heading\" data-id=\"6d78bfa\" data-element_type=\"widget\" data-e-type=\"widget\" data-widget_type=\"heading.default\">\n\t\t\t\t<div class=\"elementor-widget-container\">\n\t\t\t\t\t<h5 class=\"elementor-heading-title elementor-size-default\">Escr\u00edbele a tu terapeuta, alg\u00fan amigo\/a o familiar que te pueda escuchar. A veces creemos que no hay nadie, pero si buscamos bien... a alguien podemos encontrar<\/h5>\t\t\t\t<\/div>\n\t\t\t\t<\/div>\n\t\t\t\t\t<\/div>\n\t\t<\/div>\n\t\t\t\t\t<\/div>\n\t\t<\/section>\n\t\t\t\t<section class=\"elementor-section elementor-top-section elementor-element elementor-element-ab20813 elementor-section-full_width elementor-section-height-default elementor-section-height-default\" data-id=\"ab20813\" data-element_type=\"section\" data-e-type=\"section\">\n\t\t\t\t\t\t<div class=\"elementor-container elementor-column-gap-default\">\n\t\t\t\t\t<div class=\"elementor-column elementor-col-100 elementor-top-column elementor-element elementor-element-4168ad7\" data-id=\"4168ad7\" data-element_type=\"column\" data-e-type=\"column\">\n\t\t\t<div class=\"elementor-widget-wrap elementor-element-populated\">\n\t\t\t\t\t\t<div class=\"elementor-element elementor-element-3fee5ca elementor-widget elementor-widget-video\" data-id=\"3fee5ca\" data-element_type=\"widget\" data-e-type=\"widget\" data-settings=\"{&quot;youtube_url&quot;:&quot;https:\\\/\\\/www.youtube.com\\\/watch?v=L_6Gk6Sjlag&quot;,&quot;video_type&quot;:&quot;youtube&quot;,&quot;controls&quot;:&quot;yes&quot;}\" data-widget_type=\"video.default\">\n\t\t\t\t<div class=\"elementor-widget-container\">\n\t\t\t\t\t\t\t<div class=\"elementor-wrapper elementor-open-inline\">\n\t\t\t<div class=\"elementor-video\"><\/div>\t\t<\/div>\n\t\t\t\t\t\t<\/div>\n\t\t\t\t<\/div>\n\t\t\t\t\t<\/div>\n\t\t<\/div>\n\t\t\t\t\t<\/div>\n\t\t<\/section>\n\t\t\t\t<\/div>\n\t\t","protected":false},"excerpt":{"rendered":"<p>\u00bfNecesitas ayuda? Las redes de apoyo son fundamentales L\u00edneas de escucha telef\u00f3nica y online gratuitas Fundaciones y programas de apoyo a v\u00edctimas Material disponible en l\u00ednea Psic\u00f3logos y psiquiatras sensibles al trauma Fono Prevenci\u00f3n del Suicidio *4141: las personas que est\u00e9n enfrentando una emergencia o crisis de salud mental asociada al suicidio, podr\u00e1n contactarse con [&hellip;]<\/p>\n","protected":false},"author":1,"featured_media":0,"parent":0,"menu_order":0,"comment_status":"closed","ping_status":"closed","template":"","meta":{"om_disable_all_campaigns":false,"_uag_custom_page_level_css":"","_monsterinsights_skip_tracking":false,"_monsterinsights_sitenote_active":false,"_monsterinsights_sitenote_note":"","_monsterinsights_sitenote_category":0,"site-sidebar-layout":"no-sidebar","site-content-layout":"page-builder","ast-site-content-layout":"default","site-content-style":"default","site-sidebar-style":"default","ast-global-header-display":"","ast-banner-title-visibility":"","ast-main-header-display":"","ast-hfb-above-header-display":"","ast-hfb-below-header-display":"","ast-hfb-mobile-header-display":"","site-post-title":"disabled","ast-breadcrumbs-content":"","ast-featured-img":"disabled","footer-sml-layout":"","ast-disable-related-posts":"","theme-transparent-header-meta":"","adv-header-id-meta":"","stick-header-meta":"","header-above-stick-meta":"","header-main-stick-meta":"","header-below-stick-meta":"","astra-migrate-meta-layouts":"set","ast-page-background-enabled":"default","ast-page-background-meta":{"desktop":{"background-color":"var(--ast-global-color-4)","background-image":"","background-repeat":"repeat","background-position":"center center","background-size":"auto","background-attachment":"scroll","background-type":"","background-media":"","overlay-type":"","overlay-color":"","overlay-opacity":"","overlay-gradient":""},"tablet":{"background-color":"","background-image":"","background-repeat":"repeat","background-position":"center center","background-size":"auto","background-attachment":"scroll","background-type":"","background-media":"","overlay-type":"","overlay-color":"","overlay-opacity":"","overlay-gradient":""},"mobile":{"background-color":"","background-image":"","background-repeat":"repeat","background-position":"center center","background-size":"auto","background-attachment":"scroll","background-type":"","background-media":"","overlay-type":"","overlay-color":"","overlay-opacity":"","overlay-gradient":""}},"ast-content-background-meta":{"desktop":{"background-color":"var(--ast-global-color-5)","background-image":"","background-repeat":"repeat","background-position":"center center","background-size":"auto","background-attachment":"scroll","background-type":"","background-media":"","overlay-type":"","overlay-color":"","overlay-opacity":"","overlay-gradient":""},"tablet":{"background-color":"var(--ast-global-color-5)","background-image":"","background-repeat":"repeat","background-position":"center center","background-size":"auto","background-attachment":"scroll","background-type":"","background-media":"","overlay-type":"","overlay-color":"","overlay-opacity":"","overlay-gradient":""},"mobile":{"background-color":"var(--ast-global-color-5)","background-image":"","background-repeat":"repeat","background-position":"center center","background-size":"auto","background-attachment":"scroll","background-type":"","background-media":"","overlay-type":"","overlay-color":"","overlay-opacity":"","overlay-gradient":""}},"footnotes":""},"class_list":["post-1392","page","type-page","status-publish","hentry"],"aioseo_notices":[],"uagb_featured_image_src":{"full":false,"thumbnail":false,"medium":false,"medium_large":false,"large":false,"1536x1536":false,"2048x2048":false,"mailpoet_newsletter_max":false,"woocommerce_thumbnail":false,"woocommerce_single":false,"woocommerce_gallery_thumbnail":false},"uagb_author_info":{"display_name":"nicolas.iloyolar","author_link":"https:\/\/voysanando.com\/index.php\/author\/nicolas-iloyolar\/"},"uagb_comment_info":0,"uagb_excerpt":"\u00bfNecesitas ayuda? Las redes de apoyo son fundamentales L\u00edneas de escucha telef\u00f3nica y online gratuitas Fundaciones y programas de apoyo a v\u00edctimas Material disponible en l\u00ednea Psic\u00f3logos y psiquiatras sensibles al trauma Fono Prevenci\u00f3n del Suicidio *4141: las personas que est\u00e9n enfrentando una emergencia o crisis de salud mental asociada al suicidio, podr\u00e1n contactarse con&hellip;","jetpack_sharing_enabled":true,"_links":{"self":[{"href":"https:\/\/voysanando.com\/index.php\/wp-json\/wp\/v2\/pages\/1392","targetHints":{"allow":["GET"]}}],"collection":[{"href":"https:\/\/voysanando.com\/index.php\/wp-json\/wp\/v2\/pages"}],"about":[{"href":"https:\/\/voysanando.com\/index.php\/wp-json\/wp\/v2\/types\/page"}],"author":[{"embeddable":true,"href":"https:\/\/voysanando.com\/index.php\/wp-json\/wp\/v2\/users\/1"}],"replies":[{"embeddable":true,"href":"https:\/\/voysanando.com\/index.php\/wp-json\/wp\/v2\/comments?post=1392"}],"version-history":[{"count":38,"href":"https:\/\/voysanando.com\/index.php\/wp-json\/wp\/v2\/pages\/1392\/revisions"}],"predecessor-version":[{"id":2267,"href":"https:\/\/voysanando.com\/index.php\/wp-json\/wp\/v2\/pages\/1392\/revisions\/2267"}],"wp:attachment":[{"href":"https:\/\/voysanando.com\/index.php\/wp-json\/wp\/v2\/media?parent=1392"}],"curies":[{"name":"wp","href":"https:\/\/api.w.org\/{rel}","templated":true}]}}